{"id":969880,"date":"2024-06-11T14:15:19","date_gmt":"2024-06-11T12:15:19","guid":{"rendered":"https:\/\/www.claret.cat\/llibre\/retorn-als-origens-9788419971302\/"},"modified":"2026-02-26T18:41:29","modified_gmt":"2026-02-26T17:41:29","slug":"retorn-als-origens-9788419971302","status":"publish","type":"product","link":"https:\/\/www.claret.cat\/es\/libro\/retorn-als-origens-9788419971302\/","title":{"rendered":"RETORN ALS OR\u00cdGENS"},"content":{"rendered":"<p>Una novel\u00b7la trepidant sobre els quaderns perduts d&#8217;Antoni Gaud\u00ed.Antoni Gaud\u00ed i Eduard Toda s\u00f3n dos amics adolescents aficionats a visitar indrets hist\u00f2rics abandonats. Durant una d&#8217;aquestes aventures descobreixen un misteri\u00f3s gravat prehist\u00f2ric a les muntanyes properes al castell d&#8217;Escornalbou, una troballa que marcar\u00e0 per sempre m\u00e9s les seves vides.<br \/> Cent cinquanta anys despr\u00e9s, un matrimoni en crisi format per la Laia, una arque\u00f2loga que se sent poc valorada, i l&#8217;Arnau, un ge\u00f2leg atrapat pels interessos pol\u00edtics i econ\u00f2mics d&#8217;un projecte espin\u00f3s que amena\u00e7a l&#8217;entorn natural d&#8217;Escornalbou, inicien una investigaci\u00f3 contra rellotge que els dur\u00e0 a descobrir que no tan sols el gravat \u00e9s un ins\u00f2lit santuari astron\u00f2mic neol\u00edtic sin\u00f3 tamb\u00e9 que tant Toda com Gaud\u00ed el coneixien.<br \/> Inspirada en una recerca real, la novel\u00b7la ens submergeix en les apassionants biografies d&#8217;Eduard Toda, primer egipt\u00f2leg de l&#8217;Estat, i de l&#8217;arquitecte Antoni Gaud\u00ed, i ens mostra, en un relat trepidant, les connexions fascinants de la Pedrera, la Casa Batll\u00f3 i el Park G\u00fcell amb un paratge molt concret del Baix Camp identificat com el possible lloc d&#8217;inspiraci\u00f3 del genial arquitecte.<\/p>\n","protected":false},"excerpt":{"rendered":"<p>CASAS, S\u00d2NIA<\/p>\n","protected":false},"featured_media":969881,"template":"","meta":{"_acf_changed":false,"om_disable_all_campaigns":false,"rs_blank_template":"","rs_page_bg_color":"","slide_template_v7":"","inline_featured_image":false,"_monsterinsights_skip_tracking":false,"_monsterinsights_sitenote_active":false,"_monsterinsights_sitenote_note":"","_monsterinsights_sitenote_category":0},"product_brand":[],"product_cat":[130,360],"product_tag":[],"class_list":{"0":"post-969880","1":"product","2":"type-product","3":"status-publish","4":"has-post-thumbnail","6":"product_cat-novella-historica-i-ficcio","7":"product_cat-novela-historica-y-ficcion","9":"first","10":"instock","11":"taxable","12":"shipping-taxable","13":"purchasable","14":"product-type-simple"},"acf":{"autor":"CASAS, S\u00d2NIA","codart":"841997130","libros-coleccion":"Narrativa","ediciones":"1","encuadernacion":"R\u00fastica","fecha_de_publicacion":"01\/06\/2024","novedad":"1","paginas":"416","subtitulo":"PREMI N\u00c9STOR LUJ\u00c1N 2023","orden":"0","portada":"0","idioma":"cat","editorial":[{"ID":6281,"post_author":"3","post_date":"2022-07-28 17:48:50","post_date_gmt":"2022-07-28 15:48:50","post_content":"","post_title":"LABUTXACA","post_excerpt":"","post_status":"publish","comment_status":"closed","ping_status":"closed","post_password":"","post_name":"labutxaca","to_ping":"","pinged":"","post_modified":"2022-07-28 17:48:50","post_modified_gmt":"2022-07-28 15:48:50","post_content_filtered":"","post_parent":0,"guid":"http:\/\/dev.claret.cat\/editorial\/labutxaca\/","menu_order":0,"post_type":"editorial","post_mime_type":"","comment_count":"0","filter":"raw"}],"booktrailer":"","resenas":""},"aioseo_notices":[],"_links":{"self":[{"href":"https:\/\/www.claret.cat\/es\/wp-json\/wp\/v2\/product\/969880","targetHints":{"allow":["GET"]}}],"collection":[{"href":"https:\/\/www.claret.cat\/es\/wp-json\/wp\/v2\/product"}],"about":[{"href":"https:\/\/www.claret.cat\/es\/wp-json\/wp\/v2\/types\/product"}],"wp:featuredmedia":[{"embeddable":true,"href":"https:\/\/www.claret.cat\/es\/wp-json\/wp\/v2\/media\/969881"}],"wp:attachment":[{"href":"https:\/\/www.claret.cat\/es\/wp-json\/wp\/v2\/media?parent=969880"}],"wp:term":[{"taxonomy":"product_brand","embeddable":true,"href":"https:\/\/www.claret.cat\/es\/wp-json\/wp\/v2\/product_brand?post=969880"},{"taxonomy":"product_cat","embeddable":true,"href":"https:\/\/www.claret.cat\/es\/wp-json\/wp\/v2\/product_cat?post=969880"},{"taxonomy":"product_tag","embeddable":true,"href":"https:\/\/www.claret.cat\/es\/wp-json\/wp\/v2\/product_tag?post=969880"}],"curies":[{"name":"wp","href":"https:\/\/api.w.org\/{rel}","templated":true}]}}