{"id":969922,"date":"2024-06-11T16:21:41","date_gmt":"2024-06-11T14:21:41","guid":{"rendered":"https:\/\/www.claret.cat\/llibre\/romper-el-circulo-it-ends-with-us-9788408288954\/"},"modified":"2025-10-09T17:37:52","modified_gmt":"2025-10-09T15:37:52","slug":"romper-el-circulo-it-ends-with-us-9788408288954","status":"publish","type":"product","link":"https:\/\/www.claret.cat\/es\/libro\/romper-el-circulo-it-ends-with-us-9788408288954\/","title":{"rendered":"ROMPER EL C\u00cdRCULO (IT ENDS WITH US)"},"content":{"rendered":"<p>Colleen Hoover, un fen\u00f3meno imparable.<br \/> \u00abCon una habilidad especial para la novela de emociones de alto voltaje, Hoover ha vendido m\u00e1s de 20 millones de libros. Y lo ha hecho a su manera\u00bb. The New York TimesA VECES QUIEN M\u00c1S TE QUIERE ES QUIEN M\u00c1S DA\u00d1O TE HACE.<br \/> Lily no siempre lo ha tenido f\u00e1cil, pero eso nunca le ha impedido luchar por la vida que quiere y ha recorrido un largo camino para llegar donde est\u00e1 ahora. Su vida comienza a cambiar el d\u00eda que Ryle Kincaid, un extraordinario neurocirujano, se fija en ella. Ryle es asertivo, terco, tal vez incluso un poco arrogante, pero tambi\u00e9n es sensible, tremendamente atractivo, brillante, y tiene una debilidad total por ella. Todo en \u00e9l es perfecto salvo su completa aversi\u00f3n a las relaciones, as\u00ed que cuando Lily se da cuenta de que ella es la excepci\u00f3n a su regla de \u00abno tener citas\u00bb, no puede evitar preguntarse por qu\u00e9 ha tomado esa decisi\u00f3n.<br \/> A medida que las preguntas sobre su nueva relaci\u00f3n la asaltan, tambi\u00e9n lo hacen los pensamientos sobre Atlas Corrigan, su primer amor y un v\u00ednculo con el pasado que dej\u00f3 atr\u00e1s. \u00c9l era su alma gemela, su protector. Cuando Atlas reaparece repentinamente y Ryle comienza a mostrar su verdadera cara, todo lo que Lily ha construido con \u00e9l se ve amenazado.<\/p>\n","protected":false},"excerpt":{"rendered":"<p>HOOVER, COLLEEN<\/p>\n","protected":false},"featured_media":969923,"template":"","meta":{"_acf_changed":false,"om_disable_all_campaigns":false,"rs_blank_template":"","rs_page_bg_color":"","slide_template_v7":"","inline_featured_image":false,"_monsterinsights_skip_tracking":false,"_monsterinsights_sitenote_active":false,"_monsterinsights_sitenote_note":"","_monsterinsights_sitenote_category":0},"product_brand":[],"product_cat":[127,357],"product_tag":[],"class_list":{"0":"post-969922","1":"product","2":"type-product","3":"status-publish","4":"has-post-thumbnail","6":"product_cat-novella-contemporania","7":"product_cat-novela-contemporanea","9":"first","10":"instock","11":"taxable","12":"shipping-taxable","13":"purchasable","14":"product-type-simple"},"acf":{"autor":"HOOVER, COLLEEN","codart":"840828895","libros-coleccion":"Bestseller","ediciones":"1","encuadernacion":"R\u00fastica","fecha_de_publicacion":"01\/06\/2024","novedad":"1","paginas":"397","subtitulo":"","orden":"0","portada":"0","idioma":"spa","editorial":[{"ID":6233,"post_author":"3","post_date":"2022-07-28 17:47:48","post_date_gmt":"2022-07-28 15:47:48","post_content":"","post_title":"EDITORIAL PLANETA","post_excerpt":"","post_status":"publish","comment_status":"closed","ping_status":"closed","post_password":"","post_name":"editorial-planeta","to_ping":"","pinged":"","post_modified":"2022-07-28 17:47:48","post_modified_gmt":"2022-07-28 15:47:48","post_content_filtered":"","post_parent":0,"guid":"http:\/\/dev.claret.cat\/editorial\/editorial-planeta\/","menu_order":0,"post_type":"editorial","post_mime_type":"","comment_count":"0","filter":"raw"}],"booktrailer":"","resenas":""},"aioseo_notices":[],"_links":{"self":[{"href":"https:\/\/www.claret.cat\/es\/wp-json\/wp\/v2\/product\/969922","targetHints":{"allow":["GET"]}}],"collection":[{"href":"https:\/\/www.claret.cat\/es\/wp-json\/wp\/v2\/product"}],"about":[{"href":"https:\/\/www.claret.cat\/es\/wp-json\/wp\/v2\/types\/product"}],"wp:featuredmedia":[{"embeddable":true,"href":"https:\/\/www.claret.cat\/es\/wp-json\/wp\/v2\/media\/969923"}],"wp:attachment":[{"href":"https:\/\/www.claret.cat\/es\/wp-json\/wp\/v2\/media?parent=969922"}],"wp:term":[{"taxonomy":"product_brand","embeddable":true,"href":"https:\/\/www.claret.cat\/es\/wp-json\/wp\/v2\/product_brand?post=969922"},{"taxonomy":"product_cat","embeddable":true,"href":"https:\/\/www.claret.cat\/es\/wp-json\/wp\/v2\/product_cat?post=969922"},{"taxonomy":"product_tag","embeddable":true,"href":"https:\/\/www.claret.cat\/es\/wp-json\/wp\/v2\/product_tag?post=969922"}],"curies":[{"name":"wp","href":"https:\/\/api.w.org\/{rel}","templated":true}]}}