{"id":96994,"date":"2022-10-12T07:06:10","date_gmt":"2022-10-12T05:06:10","guid":{"rendered":"http:\/\/dev.claret.cat\/producte\/tienes-un-regalo-el-padrenuestro-59-poster\/"},"modified":"2025-11-27T20:00:29","modified_gmt":"2025-11-27T19:00:29","slug":"tienes-un-regalo-el-padrenuestro-59-poster-9788413790190","status":"publish","type":"product","link":"https:\/\/www.claret.cat\/es\/libro\/tienes-un-regalo-el-padrenuestro-59-poster-9788413790190\/","title":{"rendered":"TIENES UN REGALO: EL PADRENUESTRO &#8211; 59 &#8211; POSTER"},"content":{"rendered":"<p>\u00abJes\u00fas ense\u00f1a esta oraci\u00f3n a sus disc\u00edpulos, es una oraci\u00f3n breve, con siete peticiones, n\u00famero que en la Biblia significa plenitud. Es tambi\u00e9n una oraci\u00f3n audaz, porque Jes\u00fas invita a sus disc\u00edpulos a dejar atr\u00e1s el miedo y a acercarse a Dios con confianza filial, llam\u00e1ndolo familiarmente Padre\u00bb (Papa Francisco).<\/p>\n<p> Padre Nuestro, que est\u00e1s en el cielo,<br \/> santificado sea tu nombre;<br \/> venga a nosotros tu reino;<br \/> h\u00e1gase tu voluntad, en la tierra como en el cielo.<br \/> Danos hoy nuestro pan de cada d\u00eda;<br \/> perdona nuestras ofensas,<br \/> como tambi\u00e9n nosotros<br \/> perdonamos a los que nos ofenden;<br \/> no nos dejes caer en la tentaci\u00f3n,<br \/> y l\u00edbranos del mal.<br \/> Am\u00e9n.<\/p>\n","protected":false},"excerpt":{"rendered":"<p>GARC\u00cdA MOURELO, SANTIAGO, FANO<\/p>\n","protected":false},"featured_media":1068915,"template":"","meta":{"_acf_changed":false,"om_disable_all_campaigns":false,"rs_blank_template":"","rs_page_bg_color":"","slide_template_v7":"","inline_featured_image":false,"_monsterinsights_skip_tracking":false,"_monsterinsights_sitenote_active":false,"_monsterinsights_sitenote_note":"","_monsterinsights_sitenote_category":0},"product_brand":[],"product_cat":[544,94,542,92],"product_tag":[],"class_list":{"0":"post-96994","1":"product","2":"type-product","3":"status-publish","4":"has-post-thumbnail","6":"product_cat-religiones","7":"product_cat-religions","8":"product_cat-vida-religiosa-1_espiritualidad-spa","9":"product_cat-vida-religiosa","11":"first","12":"outofstock","13":"taxable","14":"shipping-taxable","15":"purchasable","16":"product-type-simple"},"acf":{"editorial":[{"ID":6155,"post_author":"3","post_date":"2022-07-28 17:46:04","post_date_gmt":"2022-07-28 15:46:04","post_content":"","post_title":"Central Catequ\u00edstica Salesiana","post_excerpt":"","post_status":"publish","comment_status":"closed","ping_status":"closed","post_password":"","post_name":"central-catequistica-salesiana","to_ping":"","pinged":"","post_modified":"2022-07-28 17:46:04","post_modified_gmt":"2022-07-28 15:46:04","post_content_filtered":"","post_parent":0,"guid":"http:\/\/dev.claret.cat\/editorial\/central-catequistica-salesiana\/","menu_order":0,"post_type":"editorial","post_mime_type":"","comment_count":"0","filter":"raw"}],"autores-libros":[{"ID":169045,"post_author":"3","post_date":"2022-10-14 22:24:02","post_date_gmt":"2022-10-14 20:24:02","post_content":"","post_title":"SANTIAGO GARC\u00cdA MOURELO","post_excerpt":"","post_status":"publish","comment_status":"closed","ping_status":"closed","post_password":"","post_name":"santiago-garcia-mourelo","to_ping":"","pinged":"","post_modified":"2022-10-14 22:24:02","post_modified_gmt":"2022-10-14 20:24:02","post_content_filtered":"","post_parent":0,"guid":"http:\/\/dev.claret.cat\/autor\/santiago-garcia-mourelo\/","menu_order":0,"post_type":"autor","post_mime_type":"","comment_count":"0","filter":"raw"}],"autor":"GARC\u00cdA MOURELO, SANTIAGO, FANO","codart":"841379019","libros-coleccion":"P\u00f3sters Catequistas","ediciones":"1","encuadernacion":"R\u00fastica","fecha_de_publicacion":"08\/02\/2021","novedad":"1","paginas":"1","subtitulo":"","orden":"0","portada":"0","idioma":"spa","booktrailer":"","resenas":""},"aioseo_notices":[],"_links":{"self":[{"href":"https:\/\/www.claret.cat\/es\/wp-json\/wp\/v2\/product\/96994","targetHints":{"allow":["GET"]}}],"collection":[{"href":"https:\/\/www.claret.cat\/es\/wp-json\/wp\/v2\/product"}],"about":[{"href":"https:\/\/www.claret.cat\/es\/wp-json\/wp\/v2\/types\/product"}],"wp:featuredmedia":[{"embeddable":true,"href":"https:\/\/www.claret.cat\/es\/wp-json\/wp\/v2\/media\/1068915"}],"wp:attachment":[{"href":"https:\/\/www.claret.cat\/es\/wp-json\/wp\/v2\/media?parent=96994"}],"wp:term":[{"taxonomy":"product_brand","embeddable":true,"href":"https:\/\/www.claret.cat\/es\/wp-json\/wp\/v2\/product_brand?post=96994"},{"taxonomy":"product_cat","embeddable":true,"href":"https:\/\/www.claret.cat\/es\/wp-json\/wp\/v2\/product_cat?post=96994"},{"taxonomy":"product_tag","embeddable":true,"href":"https:\/\/www.claret.cat\/es\/wp-json\/wp\/v2\/product_tag?post=96994"}],"curies":[{"name":"wp","href":"https:\/\/api.w.org\/{rel}","templated":true}]}}