{"id":970023,"date":"2024-06-12T12:51:17","date_gmt":"2024-06-12T10:51:17","guid":{"rendered":"https:\/\/www.claret.cat\/llibre\/84-charing-cross-road-9788433960160\/"},"modified":"2024-06-13T11:00:24","modified_gmt":"2024-06-13T09:00:24","slug":"84-charing-cross-road-9788433960160","status":"publish","type":"product","link":"https:\/\/www.claret.cat\/es\/libro\/84-charing-cross-road-9788433960160\/","title":{"rendered":"84, CHARING CROSS ROAD"},"content":{"rendered":"<p>En octubre de 1949, Helene Hanff, una joven escritora desconocida, env\u00eda una carta desde Nueva York a Marks &amp; Co., la librer\u00eda situada en el 84 de Charing Cross Road, en Londres. Apasionada, mani\u00e1tica, extravagante y muchas veces sin un duro, la se\u00f1orita Hanff le reclama al librero Frank Doel vol\u00famenes poco menos que inencontrables que apaciguar\u00e1n su insaciable sed de descubrimientos. Veinte a\u00f1os m\u00e1s tarde, contin\u00faan escribi\u00e9ndose, y la familiaridad se ha convertido en una intimidad casi amorosa. Esta correspondencia exc\u00e9ntrica y llena de encanto es una peque\u00f1a joya que evoca, con infinita delicadeza, el lugar que ocupan en nuestra vida los libros&#8230; y las librer\u00edas. 84, Charing Cross Road pas\u00f3 casi inadvertido en el momento de su publicaci\u00f3n, pero desde la d\u00e9cada de los setenta se ha convertido en un verdadero libro de culto a ambos lados del Atl\u00e1ntico.<\/p>\n","protected":false},"excerpt":{"rendered":"<p>HANFF, HELENE<\/p>\n","protected":false},"featured_media":970311,"template":"","meta":{"_acf_changed":false,"om_disable_all_campaigns":false,"rs_blank_template":"","rs_page_bg_color":"","slide_template_v7":"","inline_featured_image":false,"_monsterinsights_skip_tracking":false,"_monsterinsights_sitenote_active":false,"_monsterinsights_sitenote_note":"","_monsterinsights_sitenote_category":0},"product_brand":[],"product_cat":[127,357,358,128],"product_tag":[],"class_list":{"0":"post-970023","1":"product","2":"type-product","3":"status-publish","4":"has-post-thumbnail","6":"product_cat-novella-contemporania","7":"product_cat-novela-contemporanea","8":"product_cat-poesia-contemporanea","9":"product_cat-poesia-contemporania","11":"first","12":"instock","13":"taxable","14":"shipping-taxable","15":"purchasable","16":"product-type-simple"},"acf":{"autor":"HANFF, HELENE","codart":"843396016","libros-coleccion":"Compactos","ediciones":"1","encuadernacion":"R\u00fastica","fecha_de_publicacion":"01\/01\/2018","novedad":"1","paginas":"128","subtitulo":"","orden":"0","portada":"0","idioma":"spa","editorial":[{"ID":147428,"post_author":"3","post_date":"2022-10-14 11:50:30","post_date_gmt":"2022-10-14 09:50:30","post_content":"","post_title":"ANAGRAMA","post_excerpt":"","post_status":"publish","comment_status":"closed","ping_status":"closed","post_password":"","post_name":"anagrama","to_ping":"","pinged":"","post_modified":"2022-10-14 11:50:30","post_modified_gmt":"2022-10-14 09:50:30","post_content_filtered":"","post_parent":0,"guid":"http:\/\/dev.claret.cat\/editorial\/anagrama\/","menu_order":0,"post_type":"editorial","post_mime_type":"","comment_count":"0","filter":"raw"}]},"aioseo_notices":[],"_links":{"self":[{"href":"https:\/\/www.claret.cat\/es\/wp-json\/wp\/v2\/product\/970023","targetHints":{"allow":["GET"]}}],"collection":[{"href":"https:\/\/www.claret.cat\/es\/wp-json\/wp\/v2\/product"}],"about":[{"href":"https:\/\/www.claret.cat\/es\/wp-json\/wp\/v2\/types\/product"}],"wp:featuredmedia":[{"embeddable":true,"href":"https:\/\/www.claret.cat\/es\/wp-json\/wp\/v2\/media\/970311"}],"wp:attachment":[{"href":"https:\/\/www.claret.cat\/es\/wp-json\/wp\/v2\/media?parent=970023"}],"wp:term":[{"taxonomy":"product_brand","embeddable":true,"href":"https:\/\/www.claret.cat\/es\/wp-json\/wp\/v2\/product_brand?post=970023"},{"taxonomy":"product_cat","embeddable":true,"href":"https:\/\/www.claret.cat\/es\/wp-json\/wp\/v2\/product_cat?post=970023"},{"taxonomy":"product_tag","embeddable":true,"href":"https:\/\/www.claret.cat\/es\/wp-json\/wp\/v2\/product_tag?post=970023"}],"curies":[{"name":"wp","href":"https:\/\/api.w.org\/{rel}","templated":true}]}}