{"id":97006,"date":"2022-10-12T07:06:19","date_gmt":"2022-10-12T05:06:19","guid":{"rendered":"http:\/\/dev.claret.cat\/producte\/jovenes-en-el-espacio-digital\/"},"modified":"2024-05-02T17:31:28","modified_gmt":"2024-05-02T15:31:28","slug":"jovenes-en-el-espacio-digital-9788413790077","status":"publish","type":"product","link":"https:\/\/www.claret.cat\/es\/libro\/jovenes-en-el-espacio-digital-9788413790077\/","title":{"rendered":"J\u00d3VENES EN EL ESPACIO DIGITAL"},"content":{"rendered":"<p>El mundo digital no es el mundo nuevo que se nos aproxima, sino que es la realidad que nos envuelve. Es evidente que la irrupci\u00f3n de la tecnolog\u00eda digital est\u00e1 teniendo un gran impacto entre nosotros, un impacto que se deja ver en la nueva forma de entenderse el ser humano a s\u00ed mismo. Lo digital est\u00e1 dejando huellas antropol\u00f3gicas, por eso est\u00e1 claro que tenemos en el mundo digital un reto importante.<br \/> El autor lleva ya algunos a\u00f1os siguiendo de cerca la relaci\u00f3n que hay entre lo digital, los j\u00f3venes y la educaci\u00f3n. En este libro nos ofrece una reflexi\u00f3n madura sobre esta relaci\u00f3n. Muchas de sus reflexiones las ha recogido en la revista Misi\u00f3n Joven. Reconoce que el objetivo que se propone al publicar este libro es \u00abayudar a padres, madres y educadores a comprender el mundo digital que nos ha tocado vivir, sin miedo. Las cosas est\u00e1n pasando demasiado r\u00e1pido y apenas tenemos tiempo para pararnos a pensar, reflexionar, y, por supuesto, acompa\u00f1ar a los m\u00e1s j\u00f3venes en este mundo. Solo espero que estas p\u00e1ginas ayuden a comprender mejor lo que est\u00e1 pasando\u00bb.<\/p>\n","protected":false},"excerpt":{"rendered":"<p>jotallorente<\/p>\n","protected":false},"featured_media":329730,"template":"","meta":{"_acf_changed":false,"om_disable_all_campaigns":false,"rs_blank_template":"","rs_page_bg_color":"","slide_template_v7":"","inline_featured_image":false,"_monsterinsights_skip_tracking":false,"_monsterinsights_sitenote_active":false,"_monsterinsights_sitenote_note":"","_monsterinsights_sitenote_category":0},"product_brand":[],"product_cat":[194,457],"product_tag":[],"class_list":{"0":"post-97006","1":"product","2":"type-product","3":"status-publish","4":"has-post-thumbnail","6":"product_cat-comunicacio-i-noves-teconologies","7":"product_cat-comunicacion-y-nuevas-teconologias","9":"first","10":"instock","11":"taxable","12":"shipping-taxable","13":"purchasable","14":"product-type-simple"},"acf":{"editorial":[{"ID":6155,"post_author":"3","post_date":"2022-07-28 17:46:04","post_date_gmt":"2022-07-28 15:46:04","post_content":"","post_title":"Central Catequ\u00edstica Salesiana","post_excerpt":"","post_status":"publish","comment_status":"closed","ping_status":"closed","post_password":"","post_name":"central-catequistica-salesiana","to_ping":"","pinged":"","post_modified":"2022-07-28 17:46:04","post_modified_gmt":"2022-07-28 15:46:04","post_content_filtered":"","post_parent":0,"guid":"http:\/\/dev.claret.cat\/editorial\/central-catequistica-salesiana\/","menu_order":0,"post_type":"editorial","post_mime_type":"","comment_count":"0","filter":"raw"}],"autores-libros":[{"ID":160908,"post_author":"3","post_date":"2022-10-14 15:56:51","post_date_gmt":"2022-10-14 13:56:51","post_content":"","post_title":"jotallorente","post_excerpt":"","post_status":"publish","comment_status":"closed","ping_status":"closed","post_password":"","post_name":"jotallorente","to_ping":"","pinged":"","post_modified":"2022-10-14 15:56:51","post_modified_gmt":"2022-10-14 13:56:51","post_content_filtered":"","post_parent":0,"guid":"http:\/\/dev.claret.cat\/autor\/jotallorente\/","menu_order":0,"post_type":"autor","post_mime_type":"","comment_count":"0","filter":"raw"}],"autor":"jotallorente","codart":"841379007","libros-coleccion":"Recursos de Pastoral","ediciones":"1","encuadernacion":"R\u00fastica","fecha_de_publicacion":"08\/02\/2021","novedad":"1","paginas":"120","subtitulo":"CLAVES PARA EL ACOMPA\u00d1AMIENTO EDUCATIVO","orden":"0","portada":"0","idioma":"spa"},"aioseo_notices":[],"_links":{"self":[{"href":"https:\/\/www.claret.cat\/es\/wp-json\/wp\/v2\/product\/97006","targetHints":{"allow":["GET"]}}],"collection":[{"href":"https:\/\/www.claret.cat\/es\/wp-json\/wp\/v2\/product"}],"about":[{"href":"https:\/\/www.claret.cat\/es\/wp-json\/wp\/v2\/types\/product"}],"wp:featuredmedia":[{"embeddable":true,"href":"https:\/\/www.claret.cat\/es\/wp-json\/wp\/v2\/media\/329730"}],"wp:attachment":[{"href":"https:\/\/www.claret.cat\/es\/wp-json\/wp\/v2\/media?parent=97006"}],"wp:term":[{"taxonomy":"product_brand","embeddable":true,"href":"https:\/\/www.claret.cat\/es\/wp-json\/wp\/v2\/product_brand?post=97006"},{"taxonomy":"product_cat","embeddable":true,"href":"https:\/\/www.claret.cat\/es\/wp-json\/wp\/v2\/product_cat?post=97006"},{"taxonomy":"product_tag","embeddable":true,"href":"https:\/\/www.claret.cat\/es\/wp-json\/wp\/v2\/product_tag?post=97006"}],"curies":[{"name":"wp","href":"https:\/\/api.w.org\/{rel}","templated":true}]}}