{"id":97033,"date":"2022-10-12T07:06:39","date_gmt":"2022-10-12T05:06:39","guid":{"rendered":"http:\/\/dev.claret.cat\/producte\/cuando-los-obispos-se-reunen\/"},"modified":"2026-04-01T08:01:16","modified_gmt":"2026-04-01T06:01:16","slug":"cuando-los-obispos-se-reunen-9788429330144","status":"publish","type":"product","link":"https:\/\/www.claret.cat\/es\/libro\/cuando-los-obispos-se-reunen-9788429330144\/","title":{"rendered":"CUANDO LOS OBISPOS SE RE\u00daNEN"},"content":{"rendered":"<p>Los concilios cat\u00f3licos son reuniones de obispos. En esta comparaci\u00f3n sin precedentes de las tres reuniones m\u00e1s recientes de obispos, O&#8221;Malley recorre m\u00e1s de 450 a\u00f1os de historia cat\u00f3lica para identificar las preocupaciones m\u00e1s apremiantes y constantes: cuestiones de objetivos, de poder y relevancia en un mundo cambiante. <\/p>\n<p> Una gu\u00eda indispensable para responder a algunas preguntas fundamentales: \u00bfQui\u00e9n manda en la Iglesia? \u00bfQu\u00e9 diferenci\u00f3 a cada uno de los tres concilios? \u00bfHabr\u00e1 otro concilio?<\/p>\n","protected":false},"excerpt":{"rendered":"<p>O&#8217;MALLEY, JOHN W. ;SJ<\/p>\n","protected":false},"featured_media":451982,"template":"","meta":{"_acf_changed":false,"om_disable_all_campaigns":false,"rs_blank_template":"","rs_page_bg_color":"","slide_template_v7":"","inline_featured_image":false,"_monsterinsights_skip_tracking":false,"_monsterinsights_sitenote_active":false,"_monsterinsights_sitenote_note":"","_monsterinsights_sitenote_category":0},"product_brand":[],"product_cat":[513,287],"product_tag":[],"class_list":{"0":"post-97033","1":"product","2":"type-product","3":"status-publish","4":"has-post-thumbnail","6":"product_cat-ministerios-ordenados","7":"product_cat-ministeris-ordenats","9":"first","10":"instock","11":"taxable","12":"shipping-taxable","13":"purchasable","14":"product-type-simple"},"acf":{"editorial":[{"ID":6351,"post_author":"3","post_date":"2022-07-28 17:50:19","post_date_gmt":"2022-07-28 15:50:19","post_content":"","post_title":"Sal Terrae","post_excerpt":"","post_status":"publish","comment_status":"closed","ping_status":"closed","post_password":"","post_name":"sal-terrae","to_ping":"","pinged":"","post_modified":"2022-07-28 17:50:19","post_modified_gmt":"2022-07-28 15:50:19","post_content_filtered":"","post_parent":0,"guid":"http:\/\/dev.claret.cat\/editorial\/sal-terrae\/","menu_order":0,"post_type":"editorial","post_mime_type":"","comment_count":"0","filter":"raw"}],"autor":"O'MALLEY, JOHN W. ;SJ","codart":"842933014","libros-coleccion":"Panorama","ediciones":"1","encuadernacion":"R\u00fastica","fecha_de_publicacion":"01\/02\/2021","novedad":"1","paginas":"232","subtitulo":"ESTUDIO COMPARATIVO DE TRENTO, VATICANO I Y VATICANO II","orden":"0","portada":"0","idioma":"spa","autores-libros":[{"ID":159708,"post_author":"3","post_date":"2022-10-14 15:47:04","post_date_gmt":"2022-10-14 13:47:04","post_content":"","post_title":"JOHN W. O\u00b4MALLEY","post_excerpt":"","post_status":"publish","comment_status":"closed","ping_status":"closed","post_password":"","post_name":"john-w-omalley","to_ping":"","pinged":"","post_modified":"2022-10-14 15:47:04","post_modified_gmt":"2022-10-14 13:47:04","post_content_filtered":"","post_parent":0,"guid":"http:\/\/dev.claret.cat\/autor\/john-w-omalley\/","menu_order":0,"post_type":"autor","post_mime_type":"","comment_count":"0","filter":"raw"},{"ID":169599,"post_author":"3","post_date":"2022-10-14 22:28:31","post_date_gmt":"2022-10-14 20:28:31","post_content":"","post_title":"SJ","post_excerpt":"","post_status":"publish","comment_status":"closed","ping_status":"closed","post_password":"","post_name":"sj","to_ping":"","pinged":"","post_modified":"2022-10-14 22:28:31","post_modified_gmt":"2022-10-14 20:28:31","post_content_filtered":"","post_parent":0,"guid":"http:\/\/dev.claret.cat\/autor\/sj\/","menu_order":0,"post_type":"autor","post_mime_type":"","comment_count":"0","filter":"raw"}],"booktrailer":"","resenas":""},"aioseo_notices":[],"_links":{"self":[{"href":"https:\/\/www.claret.cat\/es\/wp-json\/wp\/v2\/product\/97033","targetHints":{"allow":["GET"]}}],"collection":[{"href":"https:\/\/www.claret.cat\/es\/wp-json\/wp\/v2\/product"}],"about":[{"href":"https:\/\/www.claret.cat\/es\/wp-json\/wp\/v2\/types\/product"}],"wp:featuredmedia":[{"embeddable":true,"href":"https:\/\/www.claret.cat\/es\/wp-json\/wp\/v2\/media\/451982"}],"wp:attachment":[{"href":"https:\/\/www.claret.cat\/es\/wp-json\/wp\/v2\/media?parent=97033"}],"wp:term":[{"taxonomy":"product_brand","embeddable":true,"href":"https:\/\/www.claret.cat\/es\/wp-json\/wp\/v2\/product_brand?post=97033"},{"taxonomy":"product_cat","embeddable":true,"href":"https:\/\/www.claret.cat\/es\/wp-json\/wp\/v2\/product_cat?post=97033"},{"taxonomy":"product_tag","embeddable":true,"href":"https:\/\/www.claret.cat\/es\/wp-json\/wp\/v2\/product_tag?post=97033"}],"curies":[{"name":"wp","href":"https:\/\/api.w.org\/{rel}","templated":true}]}}