{"id":970656,"date":"2024-06-17T14:11:06","date_gmt":"2024-06-17T12:11:06","guid":{"rendered":"https:\/\/www.claret.cat\/llibre\/el-verdadero-fin-del-arca-de-noe-9788419406279\/"},"modified":"2024-06-17T14:22:45","modified_gmt":"2024-06-17T12:22:45","slug":"el-verdadero-fin-del-arca-de-noe-9788419406279","status":"publish","type":"product","link":"https:\/\/www.claret.cat\/es\/libro\/el-verdadero-fin-del-arca-de-noe-9788419406279\/","title":{"rendered":"EL VERDADERO FIN DEL ARCA DE NO\u00c9"},"content":{"rendered":"<p>Despu\u00e9s de que el diluvio se terminase y bajase el nivel de las aguas, hubo que dispersar a todos los animales por todo el mundo. No\u00e9 se detuvo en la cima del monte Ararat e hizo que desembarcase la mitad de todas las bestias m\u00e1s una. A continuaci\u00f3n, se dirigi\u00f3 hacia el Everest, donde dej\u00f3 a la mitad de los animales que le quedaban m\u00e1s uno. Lleg\u00f3 luego al Popocat\u00e9petl, en cuya cumbre dej\u00f3 a la mitad de los animales que permanec\u00edan a bordo m\u00e1s uno. Hizo otro tanto en el Kilimanjaro y abandon\u00f3 a los 10 \u00faltimos en el Mont Blanc. \u00bfCu\u00e1ntas especies de animales logr\u00f3 salvar? \u00c9ste es un libro para jugar mientras aprendes a resolver problemas y hacer c\u00e1lculos matem\u00e1ticos o, si lo prefieres, para aprender matem\u00e1ticas mientras juegas. Si crees que tus conocimientos son insuficientes o que los has olvidado con el tiempo, \u00a1te equivocas! El prop\u00f3sito de Marie Berrondo Agrell reside en destacar la parte l\u00fadica que tiene la resoluci\u00f3n de cualquier acertijo y en contagiarte con su entusiasmo a toda prueba.<\/p>\n","protected":false},"excerpt":{"rendered":"<p>BERRONDO AGRELL, MARIE<\/p>\n","protected":false},"featured_media":970657,"template":"","meta":{"_acf_changed":false,"om_disable_all_campaigns":false,"rs_blank_template":"","rs_page_bg_color":"","slide_template_v7":"","inline_featured_image":false,"_monsterinsights_skip_tracking":false,"_monsterinsights_sitenote_active":false,"_monsterinsights_sitenote_note":"","_monsterinsights_sitenote_category":0},"product_brand":[],"product_cat":[90,540],"product_tag":[],"class_list":{"0":"post-970656","1":"product","2":"type-product","3":"status-publish","4":"has-post-thumbnail","6":"product_cat-altres","7":"product_cat-otros","9":"first","10":"instock","11":"taxable","12":"shipping-taxable","13":"purchasable","14":"product-type-simple"},"acf":{"autor":"BERRONDO AGRELL, MARIE","codart":"841940627","libros-coleccion":"Desaf\u00edos Matem\u00e1ticos","ediciones":"1","encuadernacion":"R\u00fastica","fecha_de_publicacion":"01\/06\/2023","novedad":"1","paginas":"156","subtitulo":"PASATIEMPOS Y C\u00c1LCULOS NUM\u00c9RICOS","orden":"0","portada":"0","idioma":"spa","editorial":[{"ID":6261,"post_author":"3","post_date":"2022-07-28 17:48:24","post_date_gmt":"2022-07-28 15:48:24","post_content":"","post_title":"GEDISA","post_excerpt":"","post_status":"publish","comment_status":"closed","ping_status":"closed","post_password":"","post_name":"gedisa","to_ping":"","pinged":"","post_modified":"2022-07-28 17:48:24","post_modified_gmt":"2022-07-28 15:48:24","post_content_filtered":"","post_parent":0,"guid":"http:\/\/dev.claret.cat\/editorial\/gedisa\/","menu_order":0,"post_type":"editorial","post_mime_type":"","comment_count":"0","filter":"raw"}]},"aioseo_notices":[],"_links":{"self":[{"href":"https:\/\/www.claret.cat\/es\/wp-json\/wp\/v2\/product\/970656","targetHints":{"allow":["GET"]}}],"collection":[{"href":"https:\/\/www.claret.cat\/es\/wp-json\/wp\/v2\/product"}],"about":[{"href":"https:\/\/www.claret.cat\/es\/wp-json\/wp\/v2\/types\/product"}],"wp:featuredmedia":[{"embeddable":true,"href":"https:\/\/www.claret.cat\/es\/wp-json\/wp\/v2\/media\/970657"}],"wp:attachment":[{"href":"https:\/\/www.claret.cat\/es\/wp-json\/wp\/v2\/media?parent=970656"}],"wp:term":[{"taxonomy":"product_brand","embeddable":true,"href":"https:\/\/www.claret.cat\/es\/wp-json\/wp\/v2\/product_brand?post=970656"},{"taxonomy":"product_cat","embeddable":true,"href":"https:\/\/www.claret.cat\/es\/wp-json\/wp\/v2\/product_cat?post=970656"},{"taxonomy":"product_tag","embeddable":true,"href":"https:\/\/www.claret.cat\/es\/wp-json\/wp\/v2\/product_tag?post=970656"}],"curies":[{"name":"wp","href":"https:\/\/api.w.org\/{rel}","templated":true}]}}