{"id":970782,"date":"2024-06-17T16:25:18","date_gmt":"2024-06-17T14:25:18","guid":{"rendered":"https:\/\/www.claret.cat\/llibre\/magdaleniense-9788410522473\/"},"modified":"2024-06-17T16:52:59","modified_gmt":"2024-06-17T14:52:59","slug":"magdaleniense-9788410522473","status":"publish","type":"product","link":"https:\/\/www.claret.cat\/es\/libro\/magdaleniense-9788410522473\/","title":{"rendered":"MAGDALENIENSE"},"content":{"rendered":"<p>Descubre, en esta obra fundamental, el arte y la creatividad de los magdalenienses, cazadores-recolectores de la pen\u00ednsula ib\u00e9rica con una rica variedad de herramientas y excepcional arte mueble.    Esta obra presenta una visi\u00f3n integral del per\u00edodo del Paleo-l\u00edtico Superior conocido como Magdaleniense, que abarca desde aproximadamente 23.000 hasta 13.000 a\u00f1os antes del presente en Eurasia. Durante este tiempo, las sociedades de cazadores-recolectores magdalenienses desarrollaron una rica cultura material, que inclu\u00eda una variedad de herramientas como azagayas, arpones, agujas de hueso y adornos decorativos. Estas comunidades demostraron una notable capacidad creativa, como se evidencia en el arte mueble encontrado en yacimientos de la pen\u00ednsula.    En Magdaleniense. Iberia tras el \u00daltimo M\u00e1ximo Glacial se recogen las grandes aportaciones de especialistas de diversas regiones peninsulares que abarcan diferentes regiones geogr\u00e1ficas, desde el norte, el centro, el levante, hasta el sur de la pen\u00ednsula. Los temas tratados incluyen excavaciones de yacimientos magdalenienses, estudios sobre la vida y las pr\u00e1ctic<\/p>\n","protected":false},"excerpt":{"rendered":"<p>BERNAL G\u00d3MEZ, MARCO ANTONIO<\/p>\n","protected":false},"featured_media":970839,"template":"","meta":{"_acf_changed":false,"om_disable_all_campaigns":false,"rs_blank_template":"","rs_page_bg_color":"","slide_template_v7":"","inline_featured_image":false,"_monsterinsights_skip_tracking":false,"_monsterinsights_sitenote_active":false,"_monsterinsights_sitenote_note":"","_monsterinsights_sitenote_category":0},"product_brand":[],"product_cat":[156,369,426,147],"product_tag":[],"class_list":{"0":"post-970782","1":"product","2":"type-product","3":"status-publish","4":"has-post-thumbnail","6":"product_cat-arqueologia-i-paleografia","7":"product_cat-arqueologia-y-paleografia","8":"product_cat-prehistoria-historia-2_humanidades","9":"product_cat-prehistoria","11":"first","12":"instock","13":"taxable","14":"shipping-taxable","15":"purchasable","16":"product-type-simple"},"acf":{"autor":"BERNAL G\u00d3MEZ, MARCO ANTONIO","codart":"841052247","libros-coleccion":"Historia","ediciones":"1","encuadernacion":"R\u00fastica","fecha_de_publicacion":"01\/06\/2024","novedad":"1","paginas":"496","subtitulo":"IBERIA TRAS EL \u00daLTIMO M\u00c1XMO GLACIAL","orden":"0","portada":"0","idioma":"spa","editorial":[{"ID":6120,"post_author":"3","post_date":"2022-07-28 17:45:19","post_date_gmt":"2022-07-28 15:45:19","post_content":"","post_title":"ALMUZARA","post_excerpt":"","post_status":"publish","comment_status":"closed","ping_status":"closed","post_password":"","post_name":"almuzara","to_ping":"","pinged":"","post_modified":"2022-07-28 17:45:19","post_modified_gmt":"2022-07-28 15:45:19","post_content_filtered":"","post_parent":0,"guid":"http:\/\/dev.claret.cat\/editorial\/almuzara\/","menu_order":0,"post_type":"editorial","post_mime_type":"","comment_count":"0","filter":"raw"}]},"aioseo_notices":[],"_links":{"self":[{"href":"https:\/\/www.claret.cat\/es\/wp-json\/wp\/v2\/product\/970782","targetHints":{"allow":["GET"]}}],"collection":[{"href":"https:\/\/www.claret.cat\/es\/wp-json\/wp\/v2\/product"}],"about":[{"href":"https:\/\/www.claret.cat\/es\/wp-json\/wp\/v2\/types\/product"}],"wp:featuredmedia":[{"embeddable":true,"href":"https:\/\/www.claret.cat\/es\/wp-json\/wp\/v2\/media\/970839"}],"wp:attachment":[{"href":"https:\/\/www.claret.cat\/es\/wp-json\/wp\/v2\/media?parent=970782"}],"wp:term":[{"taxonomy":"product_brand","embeddable":true,"href":"https:\/\/www.claret.cat\/es\/wp-json\/wp\/v2\/product_brand?post=970782"},{"taxonomy":"product_cat","embeddable":true,"href":"https:\/\/www.claret.cat\/es\/wp-json\/wp\/v2\/product_cat?post=970782"},{"taxonomy":"product_tag","embeddable":true,"href":"https:\/\/www.claret.cat\/es\/wp-json\/wp\/v2\/product_tag?post=970782"}],"curies":[{"name":"wp","href":"https:\/\/api.w.org\/{rel}","templated":true}]}}