{"id":970808,"date":"2024-06-17T16:38:09","date_gmt":"2024-06-17T14:38:09","guid":{"rendered":"https:\/\/www.claret.cat\/llibre\/nunca-mas-9788428841627\/"},"modified":"2024-06-20T12:10:43","modified_gmt":"2024-06-20T10:10:43","slug":"nunca-mas-9788428841627","status":"publish","type":"product","link":"https:\/\/www.claret.cat\/es\/libro\/nunca-mas-9788428841627\/","title":{"rendered":"\u00a1NUNCA M\u00c1S!"},"content":{"rendered":"<p>El abuso ocurre. Somos seres humanos y, como tales, jam\u00e1s podremos acabar totalmente con todos los tipos de abuso. \u00a1Nunca! El mal existe. El mal est\u00e1 en nuestras relaciones y entre nosotros mismos. Nosotros no estamos preparados para terminar con el mal en s\u00ed. En ese sentido, la gente entiende que haya abusos y que podr\u00edan perdonar. Pero resulta m\u00e1s complicado perdonar cuando, aun sabiendo que el mal existe, no fomentamos una actitud y lucha contra el abuso. Y encontramos en muchos sectores de la Iglesia una resistencia para admitir el mal que ha sucedido en el interior de la Iglesia de manos de personas consagradas.<\/p>\n","protected":false},"excerpt":{"rendered":"<p>SEGOVIA BERNAB\u00c9, JOS\u00c9 LUIS; TROYA C\u00c1CERES , LIDIA; ZOLLNER, HANS<\/p>\n","protected":false},"featured_media":971375,"template":"","meta":{"_acf_changed":false,"om_disable_all_campaigns":false,"rs_blank_template":"","rs_page_bg_color":"","slide_template_v7":"","inline_featured_image":false,"_monsterinsights_skip_tracking":false,"_monsterinsights_sitenote_active":false,"_monsterinsights_sitenote_note":"","_monsterinsights_sitenote_category":0},"product_brand":[],"product_cat":[516,290],"product_tag":[],"class_list":{"0":"post-970808","1":"product","2":"type-product","3":"status-publish","4":"has-post-thumbnail","6":"product_cat-moral-de-la-persona-sexualidad","7":"product_cat-moral-de-la-persona-sexualitat","9":"first","10":"instock","11":"taxable","12":"shipping-taxable","13":"purchasable","14":"product-type-simple"},"acf":{"autor":"SEGOVIA BERNAB\u00c9, JOS\u00c9 LUIS; TROYA C\u00c1CERES , LIDIA; ZOLLNER, HANS","codart":"842884162","libros-coleccion":"","ediciones":"1","encuadernacion":"R\u00fastica","fecha_de_publicacion":"17\/06\/2024","novedad":"1","paginas":"132","subtitulo":"ABUSOS DE PODER, DE CONCIENCIA Y SEXUALES EN LA IGLESIA","orden":"0","portada":"0","idioma":"spa","editorial":[{"ID":6335,"post_author":"3","post_date":"2022-07-28 17:49:59","post_date_gmt":"2022-07-28 15:49:59","post_content":"","post_title":"PPC altres","post_excerpt":"","post_status":"publish","comment_status":"closed","ping_status":"closed","post_password":"","post_name":"ppc-altres","to_ping":"","pinged":"","post_modified":"2022-07-28 17:49:59","post_modified_gmt":"2022-07-28 15:49:59","post_content_filtered":"","post_parent":0,"guid":"http:\/\/dev.claret.cat\/editorial\/ppc-altres\/","menu_order":0,"post_type":"editorial","post_mime_type":"","comment_count":"0","filter":"raw"}]},"aioseo_notices":[],"_links":{"self":[{"href":"https:\/\/www.claret.cat\/es\/wp-json\/wp\/v2\/product\/970808","targetHints":{"allow":["GET"]}}],"collection":[{"href":"https:\/\/www.claret.cat\/es\/wp-json\/wp\/v2\/product"}],"about":[{"href":"https:\/\/www.claret.cat\/es\/wp-json\/wp\/v2\/types\/product"}],"wp:featuredmedia":[{"embeddable":true,"href":"https:\/\/www.claret.cat\/es\/wp-json\/wp\/v2\/media\/971375"}],"wp:attachment":[{"href":"https:\/\/www.claret.cat\/es\/wp-json\/wp\/v2\/media?parent=970808"}],"wp:term":[{"taxonomy":"product_brand","embeddable":true,"href":"https:\/\/www.claret.cat\/es\/wp-json\/wp\/v2\/product_brand?post=970808"},{"taxonomy":"product_cat","embeddable":true,"href":"https:\/\/www.claret.cat\/es\/wp-json\/wp\/v2\/product_cat?post=970808"},{"taxonomy":"product_tag","embeddable":true,"href":"https:\/\/www.claret.cat\/es\/wp-json\/wp\/v2\/product_tag?post=970808"}],"curies":[{"name":"wp","href":"https:\/\/api.w.org\/{rel}","templated":true}]}}