{"id":970878,"date":"2024-06-18T11:10:07","date_gmt":"2024-06-18T09:10:07","guid":{"rendered":"https:\/\/www.claret.cat\/llibre\/pack-trilogia-hermanos-hidalgo-contiene-a-traves-de-mi-ventana-a-traves-de-t-9788413147987\/"},"modified":"2024-06-20T12:46:38","modified_gmt":"2024-06-20T10:46:38","slug":"pack-trilogia-hermanos-hidalgo-contiene-a-traves-de-mi-ventana-a-traves-de-t-9788413147987","status":"publish","type":"product","link":"https:\/\/www.claret.cat\/es\/libro\/pack-trilogia-hermanos-hidalgo-contiene-a-traves-de-mi-ventana-a-traves-de-t-9788413147987\/","title":{"rendered":"PACK TRILOG\u00cdA HERMANOS HIDALGO (CONTIENE: A TRAV\u00c9S DE MI VENTANA | A TRAV\u00c9S DE T"},"content":{"rendered":"<p>Tres hermanos. Tres historias. Tres amores. Las historias de Ares, Artemis y Apolo Hidalgo ahora juntas en un \u00fanico pack bolsillo Raquel lleva toda la vida loca por Ares, su atractivo y misterioso vecino. Lo observa sin ser vista desde su ventana y es que, muy a su pesar, no han intercambiado ni una triste palabra. Lo que Raquel no sabe es que eso est\u00e1 a punto de cambiar&#8230;Tras triunfar con Heist, Fleur. Mi desesperada decisi\u00f3n, Sigue mi voz y la trilog\u00eda Hermanos Hidalgo, la sensaci\u00f3n Ariana Godoy contin\u00faa con este pack que incluye A trav\u00e9s de mi ventana -adaptada con gran \u00e9xito por Netflix-, A trav\u00e9s de ti y A trav\u00e9s de la lluvia.<\/p>\n","protected":false},"excerpt":{"rendered":"<p>GODOY, ARIANA<\/p>\n","protected":false},"featured_media":970879,"template":"","meta":{"_acf_changed":false,"om_disable_all_campaigns":false,"rs_blank_template":"","rs_page_bg_color":"","slide_template_v7":"","inline_featured_image":false,"_monsterinsights_skip_tracking":false,"_monsterinsights_sitenote_active":false,"_monsterinsights_sitenote_note":"","_monsterinsights_sitenote_category":0},"product_brand":[],"product_cat":[133,117,566,363],"product_tag":[],"class_list":{"0":"post-970878","1":"product","2":"type-product","3":"status-publish","4":"has-post-thumbnail","6":"product_cat-lectures-per-adolescents-12-18-anys","7":"product_cat-juvenil","8":"product_cat-juvenil-3_infantil-juvenil-spa-spa","9":"product_cat-lecturas-por-adolescentes-12-18-anos","11":"first","12":"instock","13":"taxable","14":"shipping-taxable","15":"purchasable","16":"product-type-simple"},"acf":{"autor":"GODOY, ARIANA","codart":"841314798","libros-coleccion":"Ficci\u00f3n","ediciones":"1","encuadernacion":"R\u00fastica","fecha_de_publicacion":"01\/06\/2023","novedad":"1","paginas":"0","subtitulo":"","orden":"0","portada":"0","idioma":"spa","editorial":[{"ID":6137,"post_author":"3","post_date":"2022-07-28 17:45:41","post_date_gmt":"2022-07-28 15:45:41","post_content":"","post_title":"B de Bolsillo","post_excerpt":"","post_status":"publish","comment_status":"closed","ping_status":"closed","post_password":"","post_name":"b-de-bolsillo","to_ping":"","pinged":"","post_modified":"2022-07-28 17:45:41","post_modified_gmt":"2022-07-28 15:45:41","post_content_filtered":"","post_parent":0,"guid":"http:\/\/dev.claret.cat\/editorial\/b-de-bolsillo\/","menu_order":0,"post_type":"editorial","post_mime_type":"","comment_count":"0","filter":"raw"}]},"aioseo_notices":[],"_links":{"self":[{"href":"https:\/\/www.claret.cat\/es\/wp-json\/wp\/v2\/product\/970878","targetHints":{"allow":["GET"]}}],"collection":[{"href":"https:\/\/www.claret.cat\/es\/wp-json\/wp\/v2\/product"}],"about":[{"href":"https:\/\/www.claret.cat\/es\/wp-json\/wp\/v2\/types\/product"}],"wp:featuredmedia":[{"embeddable":true,"href":"https:\/\/www.claret.cat\/es\/wp-json\/wp\/v2\/media\/970879"}],"wp:attachment":[{"href":"https:\/\/www.claret.cat\/es\/wp-json\/wp\/v2\/media?parent=970878"}],"wp:term":[{"taxonomy":"product_brand","embeddable":true,"href":"https:\/\/www.claret.cat\/es\/wp-json\/wp\/v2\/product_brand?post=970878"},{"taxonomy":"product_cat","embeddable":true,"href":"https:\/\/www.claret.cat\/es\/wp-json\/wp\/v2\/product_cat?post=970878"},{"taxonomy":"product_tag","embeddable":true,"href":"https:\/\/www.claret.cat\/es\/wp-json\/wp\/v2\/product_tag?post=970878"}],"curies":[{"name":"wp","href":"https:\/\/api.w.org\/{rel}","templated":true}]}}