{"id":970992,"date":"2024-06-18T17:15:17","date_gmt":"2024-06-18T15:15:17","guid":{"rendered":"https:\/\/www.claret.cat\/llibre\/problemes-rubio-8-catala-9788489773134\/"},"modified":"2024-06-18T17:42:04","modified_gmt":"2024-06-18T15:42:04","slug":"problemes-rubio-8-catala-9788489773134","status":"publish","type":"product","link":"https:\/\/www.claret.cat\/es\/libro\/problemes-rubio-8-catala-9788489773134\/","title":{"rendered":"PROBLEMES RUBIO 8 (CATAL\u00c0)"},"content":{"rendered":"<p>Rodrigo tiene 13 a\u00f1os, Nacho 10 y Carlota 11. \u00bfCu\u00e1ntos a\u00f1os tienen entre los tres? La respuesta para ti puede ser f\u00e1cil, pero hasta aprenderla, primero tuviste que desarrollar la habilidad de utilizar y relacionar los n\u00fameros, operaciones b\u00e1sicas, as\u00ed como el razonamiento matem\u00e1tico.<br \/> En este cuaderno aprender\u00e1n a realizar sumas y restas sin llevar. <br \/> El cuaderno en formato A5 tiene 20 p\u00e1ginas en catal\u00e1n.<\/p>\n","protected":false},"excerpt":{"rendered":"<p>RUBIO SILVESTRE, RAM\u00d3N<\/p>\n","protected":false},"featured_media":970993,"template":"","meta":{"_acf_changed":false,"om_disable_all_campaigns":false,"rs_blank_template":"","rs_page_bg_color":"","slide_template_v7":"","inline_featured_image":false,"_monsterinsights_skip_tracking":false,"_monsterinsights_sitenote_active":false,"_monsterinsights_sitenote_note":"","_monsterinsights_sitenote_category":0},"product_brand":[],"product_cat":[333,122],"product_tag":[],"class_list":{"0":"post-970992","1":"product","2":"type-product","3":"status-publish","4":"has-post-thumbnail","6":"product_cat-cuadernos-de-vacaciones","7":"product_cat-quaderns-de-vacances","9":"first","10":"instock","11":"taxable","12":"shipping-taxable","13":"purchasable","14":"product-type-simple"},"acf":{"autor":"RUBIO SILVESTRE, RAM\u00d3N","codart":"848977313","libros-coleccion":"FORA DE COL.LECCI\u00d3","ediciones":"1","encuadernacion":"R\u00fastica","fecha_de_publicacion":"01\/09\/2010","novedad":"1","paginas":"20","subtitulo":"","orden":"0","portada":"0","idioma":"cat","editorial":[{"ID":148761,"post_author":"3","post_date":"2022-10-14 12:00:46","post_date_gmt":"2022-10-14 10:00:46","post_content":"","post_title":"RUBIO","post_excerpt":"","post_status":"publish","comment_status":"closed","ping_status":"closed","post_password":"","post_name":"rubio","to_ping":"","pinged":"","post_modified":"2022-10-14 12:00:46","post_modified_gmt":"2022-10-14 10:00:46","post_content_filtered":"","post_parent":0,"guid":"http:\/\/dev.claret.cat\/editorial\/rubio\/","menu_order":0,"post_type":"editorial","post_mime_type":"","comment_count":"0","filter":"raw"}]},"aioseo_notices":[],"_links":{"self":[{"href":"https:\/\/www.claret.cat\/es\/wp-json\/wp\/v2\/product\/970992","targetHints":{"allow":["GET"]}}],"collection":[{"href":"https:\/\/www.claret.cat\/es\/wp-json\/wp\/v2\/product"}],"about":[{"href":"https:\/\/www.claret.cat\/es\/wp-json\/wp\/v2\/types\/product"}],"wp:featuredmedia":[{"embeddable":true,"href":"https:\/\/www.claret.cat\/es\/wp-json\/wp\/v2\/media\/970993"}],"wp:attachment":[{"href":"https:\/\/www.claret.cat\/es\/wp-json\/wp\/v2\/media?parent=970992"}],"wp:term":[{"taxonomy":"product_brand","embeddable":true,"href":"https:\/\/www.claret.cat\/es\/wp-json\/wp\/v2\/product_brand?post=970992"},{"taxonomy":"product_cat","embeddable":true,"href":"https:\/\/www.claret.cat\/es\/wp-json\/wp\/v2\/product_cat?post=970992"},{"taxonomy":"product_tag","embeddable":true,"href":"https:\/\/www.claret.cat\/es\/wp-json\/wp\/v2\/product_tag?post=970992"}],"curies":[{"name":"wp","href":"https:\/\/api.w.org\/{rel}","templated":true}]}}