{"id":971166,"date":"2024-06-19T11:40:52","date_gmt":"2024-06-19T09:40:52","guid":{"rendered":"https:\/\/www.claret.cat\/llibre\/valentina-el-misterio-del-dragon-9788413614342\/"},"modified":"2024-06-21T09:56:33","modified_gmt":"2024-06-21T07:56:33","slug":"valentina-el-misterio-del-dragon-9788413614342","status":"publish","type":"product","link":"https:\/\/www.claret.cat\/es\/libro\/valentina-el-misterio-del-dragon-9788413614342\/","title":{"rendered":"VALENTINA. EL MISTERIO DEL DRAG\u00d3N"},"content":{"rendered":"<p>Una nueva entrega de las incre\u00edbles aventuras de Valentina, la princesa caballera.   A los cadetes de la escuela de caballeros les espera un d\u00eda muy largo: deben rescatar a la princesa Rufina, que ha sido secuestrada el d\u00eda antes de la boda con el pr\u00edncipe Guap\u00edn. El padre de Rufina est\u00e1 desesperado y ha prometido una valiosa recompensa a quien consiga devolverle a su hija sana y salva. Todo parece indicar que el secuestrador es un drag\u00f3n, pero a Valentina no le da ning\u00fan miedo. \u00a1\u00c1nimo, Valentina!   &#8211; Descubre con Valentina un mundo de divertidas aventuras, con valores que fomentan la igualdad y la inclusividad.  &#8211; Ambientado en la Edad Media, con castillos, torneos y fortalezas como tel\u00f3n de fondo.  &#8211; Escrita por Giuditta Campello, una reconocida autora italiana de libros y cuentos para ni\u00f1os, e ilustrada por la magn\u00edfica Giulia Lutri.    \u00a1Que empiece la aventura!<\/p>\n","protected":false},"excerpt":{"rendered":"<p>CAMPELLO, GIUDITTA<\/p>\n","protected":false},"featured_media":971616,"template":"","meta":{"_acf_changed":false,"om_disable_all_campaigns":false,"rs_blank_template":"","rs_page_bg_color":"","slide_template_v7":"","inline_featured_image":false,"_monsterinsights_skip_tracking":false,"_monsterinsights_sitenote_active":false,"_monsterinsights_sitenote_note":"","_monsterinsights_sitenote_category":0},"product_brand":[],"product_cat":[131,361],"product_tag":[],"class_list":{"0":"post-971166","1":"product","2":"type-product","3":"status-publish","4":"has-post-thumbnail","6":"product_cat-contes-per-infants-0-6-anys","7":"product_cat-cuentos-para-ninos-0-6-anos","9":"first","10":"instock","11":"taxable","12":"shipping-taxable","13":"purchasable","14":"product-type-simple"},"acf":{"autor":"CAMPELLO, GIUDITTA","codart":"841361434","libros-coleccion":"FORA DE COL.LECCI\u00d3","ediciones":"1","encuadernacion":"Carton\u00e9","fecha_de_publicacion":"01\/06\/2024","novedad":"1","paginas":"32","subtitulo":"","orden":"0","portada":"0","idioma":"spa","editorial":[{"ID":148810,"post_author":"3","post_date":"2022-10-14 12:01:10","post_date_gmt":"2022-10-14 10:01:10","post_content":"","post_title":"SHACKLETON BOOKS","post_excerpt":"","post_status":"publish","comment_status":"closed","ping_status":"closed","post_password":"","post_name":"shackleton-books","to_ping":"","pinged":"","post_modified":"2022-10-14 12:01:10","post_modified_gmt":"2022-10-14 10:01:10","post_content_filtered":"","post_parent":0,"guid":"http:\/\/dev.claret.cat\/editorial\/shackleton-books\/","menu_order":0,"post_type":"editorial","post_mime_type":"","comment_count":"0","filter":"raw"}]},"aioseo_notices":[],"_links":{"self":[{"href":"https:\/\/www.claret.cat\/es\/wp-json\/wp\/v2\/product\/971166","targetHints":{"allow":["GET"]}}],"collection":[{"href":"https:\/\/www.claret.cat\/es\/wp-json\/wp\/v2\/product"}],"about":[{"href":"https:\/\/www.claret.cat\/es\/wp-json\/wp\/v2\/types\/product"}],"wp:featuredmedia":[{"embeddable":true,"href":"https:\/\/www.claret.cat\/es\/wp-json\/wp\/v2\/media\/971616"}],"wp:attachment":[{"href":"https:\/\/www.claret.cat\/es\/wp-json\/wp\/v2\/media?parent=971166"}],"wp:term":[{"taxonomy":"product_brand","embeddable":true,"href":"https:\/\/www.claret.cat\/es\/wp-json\/wp\/v2\/product_brand?post=971166"},{"taxonomy":"product_cat","embeddable":true,"href":"https:\/\/www.claret.cat\/es\/wp-json\/wp\/v2\/product_cat?post=971166"},{"taxonomy":"product_tag","embeddable":true,"href":"https:\/\/www.claret.cat\/es\/wp-json\/wp\/v2\/product_tag?post=971166"}],"curies":[{"name":"wp","href":"https:\/\/api.w.org\/{rel}","templated":true}]}}