{"id":971208,"date":"2024-06-19T12:01:08","date_gmt":"2024-06-19T10:01:08","guid":{"rendered":"https:\/\/www.claret.cat\/llibre\/brins-de-salms-9788491365402\/"},"modified":"2025-11-13T17:56:44","modified_gmt":"2025-11-13T16:56:44","slug":"brins-de-salms-9788491365402","status":"publish","type":"product","link":"https:\/\/www.claret.cat\/es\/libro\/brins-de-salms-9788491365402\/","title":{"rendered":"BRINS DE SALMS"},"content":{"rendered":"<p><strong><em>Brins de salms<\/em><\/strong>, proposa una humil lectura dels salms, a vegades des d\u2019una paraula, una petita expressi\u00f3, un bri, s\u2019entra en el fons del salm. La <strong>paraula confian\u00e7a<\/strong> \u00e9s el fil conductor de la lectura. Sense aquesta confian\u00e7a, les p\u00e0gines dels salms no parlarien. I per aquesta confian\u00e7a, qui s\u2019endinsa en els salms sap que, darrere les seves lletres, <strong>Jes\u00fas, nostre Senyor<\/strong>, prepara una trobada. No s\u2019estranyi el lector si l\u2019autora concita en els brins les formes de pensar de persones i situacions actuals. Perqu\u00e8 els salms no es llegeixen mirant el passat, sin\u00f3 en l\u2019avui que ens empeny a <strong>ser honrats<\/strong> amb all\u00f2 que \u00e9s real, a il\u00b7luminar la realitat que l\u2019orant t\u00e9 entre mans. La paraula del salm rep una <strong>nova lluentor<\/strong> i, per la seva part, la realitat queda il\u00b7luminada. En aquests brins hi nia un expl\u00edcit component antropol\u00f2gic: no es prega des de la desconnexi\u00f3 amb l\u2019actualitat. Al contrari, l\u2019orant utilitza la veu del salm per posar veu a les situacions que ens <strong>alegren i ens afeixuguen<\/strong>. Per a\u00e7\u00f2, qui prega amb els salms, no \u00fanicament es fa m\u00e9s creient, sin\u00f3 que sobretot es fa m\u00e9s hum\u00e0. <\/p>\n<p>&nbsp;<\/p>\n","protected":false},"excerpt":{"rendered":"<p>BOSCH PONS, GADI<\/p>\n","protected":false},"featured_media":984023,"template":"","meta":{"_acf_changed":false,"om_disable_all_campaigns":false,"rs_blank_template":"","rs_page_bg_color":"","slide_template_v7":"","inline_featured_image":false,"_monsterinsights_skip_tracking":false,"_monsterinsights_sitenote_active":false,"_monsterinsights_sitenote_note":"","_monsterinsights_sitenote_category":0},"product_brand":[],"product_cat":[485,232,307,581,383,198],"product_tag":[],"class_list":{"0":"post-971208","1":"product","2":"type-product","3":"status-publish","4":"has-post-thumbnail","6":"product_cat-autores-espiritualidad-1_espiritualidad","7":"product_cat-autors-espiritualitat","8":"product_cat-catala","9":"product_cat-editorial-claret","10":"product_cat-salmos-y-libros-poeticos","11":"product_cat-salms-i-llibres-poetics","13":"first","14":"instock","15":"taxable","16":"shipping-taxable","17":"purchasable","18":"product-type-simple"},"acf":{"autor":"BOSCH PONS, GADI","codart":"849136540","libros-coleccion":"","ediciones":"1","encuadernacion":"R\u00fastica","fecha_de_publicacion":"09\/07\/2024","novedad":"1","paginas":"172","subtitulo":"","orden":"9","portada":"1","idioma":"cat","editorial":[{"ID":6158,"post_author":"3","post_date":"2022-07-28 17:46:08","post_date_gmt":"2022-07-28 15:46:08","post_content":"","post_title":"CLARET","post_excerpt":"","post_status":"publish","comment_status":"closed","ping_status":"closed","post_password":"","post_name":"claret","to_ping":"","pinged":"","post_modified":"2022-07-28 17:46:08","post_modified_gmt":"2022-07-28 15:46:08","post_content_filtered":"","post_parent":0,"guid":"http:\/\/dev.claret.cat\/editorial\/claret\/","menu_order":0,"post_type":"editorial","post_mime_type":"","comment_count":"0","filter":"raw"}],"autores-libros":[{"ID":323163,"post_author":"3","post_date":"2023-01-03 05:24:41","post_date_gmt":"2023-01-03 04:24:41","post_content":"<div class=\"bio\">\r\n<div class=\"col-full\">\r\n<div class=\"datos\">\r\n\r\n<span class=\"fontstyle0\">Gadi Bosch Pons, nascuda a Ciutadella el 1959. El 1980 entr\u00e0 a la comunitat de<strong> germanes clarisses<\/strong> del monestir de Santa Clara de Ciutadella. Junt amb les germanes ha acompanyat molts grups de preg\u00e0ria, i tots els dies, v\u00e0ries vegades al llarg de la jornada, ha tingut a les mans l\u2019amable <strong>llibre dels Salms<\/strong> en l\u2019oraci\u00f3 de la fraternitat contemplativa. <\/span>\r\n\r\n<span class=\"fontstyle0\">Des del juliol del 2023, Gadi Bosch viu un temps de discerniment fora del monestir, estimant i lloant D\u00e9u en la senzillesa de la vida quotidiana. Ha publicat <\/span><span class=\"fontstyle2\"><a href=\"https:\/\/www.editorialclaret.cat\/producte\/brins-desperanca-8498460506\/?c\"><strong><em>Brins d\u2019esperan\u00e7a<\/em> <\/strong><\/a>(2007)<\/span><span class=\"fontstyle0\">,<em><strong>\u00a0<\/strong><\/em><\/span><span class=\"fontstyle2\"><a href=\"https:\/\/www.claret.cat\/llibre\/em-dic-clara-dassis-9788498832389\/?c=\"><em><strong>E<\/strong><\/em><em><strong>m dic Clara d\u2019Ass\u00eds <\/strong><\/em><\/a>(<\/span><span class=\"fontstyle0\">2010), <\/span><span class=\"fontstyle2\"><a href=\"https:\/\/www.claret.cat\/llibre\/abecedari-sobre-la-pregaria-9788498462104\/?c=\"><em><strong>Abecedari de la preg\u00e0ria<\/strong><\/em><\/a> (<\/span><span class=\"fontstyle0\">2011), <\/span><span class=\"fontstyle2\"><em><strong>Comentaris Paraula i vida<\/strong><\/em> (<\/span><span class=\"fontstyle0\">2012) i <em><strong>Brins de salms.<\/strong><\/em><\/span>\r\n\r\n<\/div>\r\n<\/div>\r\n<\/div>\r\n<div class=\"libros\">\r\n<div class=\"col-full\"><\/div>\r\n<\/div>","post_title":"GADI BOSCH PONS","post_excerpt":"","post_status":"publish","comment_status":"closed","ping_status":"closed","post_password":"","post_name":"gadi-bosch-pons","to_ping":"","pinged":"","post_modified":"2024-07-09 13:03:16","post_modified_gmt":"2024-07-09 11:03:16","post_content_filtered":"","post_parent":0,"guid":"https:\/\/www.claret.cat\/autor\/gadi-bosch-pons\/","menu_order":0,"post_type":"autor","post_mime_type":"","comment_count":"0","filter":"raw"}],"booktrailer":"","linkebook":"","ficha":"849136540_1718794485.pdf","muestra":"","precioebook":"0","presentacion":"","resenas":"<p>Catalunya Religi\u00f3, 9\/7\/2024<\/p>\n<p><a href=\"https:\/\/www.catalunyareligio.cat\/ca\/blog\/llibres-recomanats\/brins-salms-314436\" rel=\"noopener noreferrer\" target=\"_blank\">https:\/\/www.catalunyareligio.cat\/ca\/blog\/llibres-recomanats\/brins-salms-314436<\/a><\/p>\n<p><\/p>\n<p>Catalunya Religi\u00f3, 14\/07\/2024<\/p>\n<p><a href=\"https:\/\/www.catalunyareligio.cat\/ca\/editorial-claret-publica-nova-lectura-dels-salms?utm_source=dlvr.it&amp;utm_medium=twitter\" rel=\"noopener noreferrer\" target=\"_blank\">https:\/\/www.catalunyareligio.cat\/ca\/editorial-claret-publica-nova-lectura-dels-salms?utm_source=dlvr.it&amp;utm_medium=twitter<\/a><\/p>\n<p><\/p>\n<p>Ag\u00e8ncia Flama, 16\/07\/2024<\/p>\n<p><a href=\"https:\/\/www.agenciaflama.cat\/lectures-estivals-espiritualitat-i-reflexio-per-al-cos-i-lanima\/\" rel=\"noopener noreferrer\" target=\"_blank\">https:\/\/www.agenciaflama.cat\/lectures-estivals-espiritualitat-i-reflexio-per-al-cos-i-lanima\/<\/a><\/p>\n<p><\/p>\n<p>Diari Menorca, 21\/07\/2024<\/p>\n<p><a href=\"https:\/\/www.menorca.info\/menorca\/cultura\/2024\/07\/21\/2207191\/gadi-bosch-presenta-seu-brins-salms-ferreries.html\" rel=\"noopener noreferrer\" target=\"_blank\">https:\/\/www.menorca.info\/menorca\/cultura\/2024\/07\/21\/2207191\/gadi-bosch-presenta-seu-brins-salms-ferreries.html<\/a><\/p>\n<p><\/p>\n<p>Hoy por hoy (Radio Menorca), 31\/07\/2024 (a partir del minut 1:33:00):<\/p>\n<p><a href=\"https:\/\/cadenaser.com\/audio\/cadenaser_mahon_hoyporhoymenorca_20240731_122000_140000\/\" rel=\"noopener noreferrer\" target=\"_blank\">https:\/\/cadenaser.com\/audio\/cadenaser_mahon_hoyporhoymenorca_20240731_122000_140000\/<\/a><\/p>\n<p><\/p>\n<p>Catalunya Cristiana, 19\/08\/2024<\/p>\n<p><a href=\"https:\/\/www.catalunyacristiana.cat\/editorial-claret-presenta-a-ciutadella-de-menorca-el-llibre-brins-de-salms\/\" rel=\"noopener noreferrer\" target=\"_blank\">https:\/\/www.catalunyacristiana.cat\/editorial-claret-presenta-a-ciutadella-de-menorca-el-llibre-brins-de-salms\/<\/a><\/p>\n<p><\/p>\n<p>Bisbat de Menorca, 02\/08\/2024:<\/p>\n<p><a href=\"https:\/\/bisbatdemenorca.org\/brins-de-salms\/\" rel=\"noopener noreferrer\" target=\"_blank\">https:\/\/bisbatdemenorca.org\/brins-de-salms\/<\/a><\/p>\n<p><\/p>\n<p>Catalunya Cristiana (catal\u00e0), 28\/07\/2024<\/p>\n<p><a href=\"https:\/\/drive.google.com\/file\/d\/1LlBNPVfSe6eLutfj3odZeA-_i4A8Yv64\/view?usp=sharing\" rel=\"noopener noreferrer\" target=\"_blank\">https:\/\/drive.google.com\/file\/d\/1LlBNPVfSe6eLutfj3odZeA-_i4A8Yv64\/view?usp=sharing<\/a><\/p>\n<p><\/p>\n<p>Catalunya Cristiana (castellano), 28\/07\/2024:<\/p>\n<p><a href=\"https:\/\/drive.google.com\/file\/d\/163myJUOLahwdBjc9inHZxPCydzMeLRyh\/view?usp=sharing\" rel=\"noopener noreferrer\" target=\"_blank\">https:\/\/drive.google.com\/file\/d\/163myJUOLahwdBjc9inHZxPCydzMeLRyh\/view?usp=sharing<\/a><\/p>\n<p><\/p>\n<p>Catalunya Cristiana (catal\u00e0), 08\/09\/2024<\/p>\n<p><a href=\"https:\/\/drive.google.com\/file\/d\/1lPN36O95CTc3bGZoGL73LrJasu06iWqH\/view?usp=sharing\" rel=\"noopener noreferrer\" target=\"_blank\">https:\/\/drive.google.com\/file\/d\/1lPN36O95CTc3bGZoGL73LrJasu06iWqH\/view?usp=sharing<\/a><\/p>\n<p><\/p>\n<p><span style=\"color: black;\">Catalunya Cristiana (catal\u00e0), 13\/10\/2024<\/span><\/p>\n<p><a href=\"https:\/\/drive.google.com\/file\/d\/1j_BLSDseikPW1O37JIRaD1muWj6vWPeU\/view?usp=sharing\" rel=\"noopener noreferrer\" target=\"_blank\" style=\"color: black;\">https:\/\/drive.google.com\/file\/d\/1j_BLSDseikPW1O37JIRaD1muWj6vWPeU\/view?usp=sharing<\/a><\/p>\n","traductores-libros":"","ilustradores-libros":"","formato":"","ebookportada":false,"recomendamos":"","mas_vendido":""},"aioseo_notices":[],"_links":{"self":[{"href":"https:\/\/www.claret.cat\/es\/wp-json\/wp\/v2\/product\/971208","targetHints":{"allow":["GET"]}}],"collection":[{"href":"https:\/\/www.claret.cat\/es\/wp-json\/wp\/v2\/product"}],"about":[{"href":"https:\/\/www.claret.cat\/es\/wp-json\/wp\/v2\/types\/product"}],"wp:featuredmedia":[{"embeddable":true,"href":"https:\/\/www.claret.cat\/es\/wp-json\/wp\/v2\/media\/984023"}],"wp:attachment":[{"href":"https:\/\/www.claret.cat\/es\/wp-json\/wp\/v2\/media?parent=971208"}],"wp:term":[{"taxonomy":"product_brand","embeddable":true,"href":"https:\/\/www.claret.cat\/es\/wp-json\/wp\/v2\/product_brand?post=971208"},{"taxonomy":"product_cat","embeddable":true,"href":"https:\/\/www.claret.cat\/es\/wp-json\/wp\/v2\/product_cat?post=971208"},{"taxonomy":"product_tag","embeddable":true,"href":"https:\/\/www.claret.cat\/es\/wp-json\/wp\/v2\/product_tag?post=971208"}],"curies":[{"name":"wp","href":"https:\/\/api.w.org\/{rel}","templated":true}]}}