{"id":971308,"date":"2024-06-20T10:20:03","date_gmt":"2024-06-20T08:20:03","guid":{"rendered":"https:\/\/www.claret.cat\/llibre\/abba-9788428571678\/"},"modified":"2025-04-22T12:05:14","modified_gmt":"2025-04-22T10:05:14","slug":"abba-9788428571678","status":"publish","type":"product","link":"https:\/\/www.claret.cat\/es\/libro\/abba-9788428571678\/","title":{"rendered":"ABB\u00c1"},"content":{"rendered":"<p>Jos\u00e9 Chamorro reflexiona en esta obra sobre la oraci\u00f3n de Cristo, sobre su alcance y naturaleza, para ayudarnos no \u00fanicamente a conocer mejor el mensaje de Jesucristo, sino tambi\u00e9n a hacer nuestra su experiencia de oraci\u00f3n, a convertirla en fundamento de nuestra vida cristiana. A lo largo de estas p\u00e1ginas, descubrimos la relaci\u00f3n entre Jes\u00fas y su Padre, Abb\u00e1, y tambi\u00e9n los gestos y palabras de Cristo, su donaci\u00f3n y su acogida. El autor nos abre tambi\u00e9n a la oraci\u00f3n de la Iglesia, fraternidad, pueblo de Dios y cuerpo de Cristo, y a otros aspectos de la oraci\u00f3n, como la realidad sacramental, la espiritualidad, el compromiso y la oraci\u00f3n contemplativa. En definitiva, nos aproxima a Jes\u00fas, que es oraci\u00f3n viva y vida orante.<\/p>\n","protected":false},"excerpt":{"rendered":"<p>CHAMORRO, JOS\u00c9<\/p>\n","protected":false},"featured_media":971357,"template":"","meta":{"_acf_changed":false,"om_disable_all_campaigns":false,"rs_blank_template":"","rs_page_bg_color":"","slide_template_v7":"","inline_featured_image":false,"_monsterinsights_skip_tracking":false,"_monsterinsights_sitenote_active":false,"_monsterinsights_sitenote_note":"","_monsterinsights_sitenote_category":0},"product_brand":[],"product_cat":[396,247],"product_tag":[],"class_list":{"0":"post-971308","1":"product","2":"type-product","3":"status-publish","4":"has-post-thumbnail","6":"product_cat-oracion","7":"product_cat-pregaria","9":"first","10":"instock","11":"taxable","12":"shipping-taxable","13":"purchasable","14":"product-type-simple"},"acf":{"autor":"CHAMORRO, JOS\u00c9","codart":"842857167","libros-coleccion":"","ediciones":"1","encuadernacion":"R\u00fastica","fecha_de_publicacion":"17\/06\/2024","novedad":"1","paginas":"168","subtitulo":"LA ORACI\u00d3N DE JES\u00daS DE NAZARET","orden":"0","portada":"0","idioma":"spa","editorial":[{"ID":6356,"post_author":"3","post_date":"2022-07-28 17:50:26","post_date_gmt":"2022-07-28 15:50:26","post_content":"","post_title":"SAN PABLO COMUNICACI\u00d3N","post_excerpt":"","post_status":"publish","comment_status":"closed","ping_status":"closed","post_password":"","post_name":"san-pablo-comunicacion","to_ping":"","pinged":"","post_modified":"2022-07-28 17:50:26","post_modified_gmt":"2022-07-28 15:50:26","post_content_filtered":"","post_parent":0,"guid":"http:\/\/dev.claret.cat\/editorial\/san-pablo-comunicacion\/","menu_order":0,"post_type":"editorial","post_mime_type":"","comment_count":"0","filter":"raw"}],"booktrailer":"","resenas":""},"aioseo_notices":[],"_links":{"self":[{"href":"https:\/\/www.claret.cat\/es\/wp-json\/wp\/v2\/product\/971308","targetHints":{"allow":["GET"]}}],"collection":[{"href":"https:\/\/www.claret.cat\/es\/wp-json\/wp\/v2\/product"}],"about":[{"href":"https:\/\/www.claret.cat\/es\/wp-json\/wp\/v2\/types\/product"}],"wp:featuredmedia":[{"embeddable":true,"href":"https:\/\/www.claret.cat\/es\/wp-json\/wp\/v2\/media\/971357"}],"wp:attachment":[{"href":"https:\/\/www.claret.cat\/es\/wp-json\/wp\/v2\/media?parent=971308"}],"wp:term":[{"taxonomy":"product_brand","embeddable":true,"href":"https:\/\/www.claret.cat\/es\/wp-json\/wp\/v2\/product_brand?post=971308"},{"taxonomy":"product_cat","embeddable":true,"href":"https:\/\/www.claret.cat\/es\/wp-json\/wp\/v2\/product_cat?post=971308"},{"taxonomy":"product_tag","embeddable":true,"href":"https:\/\/www.claret.cat\/es\/wp-json\/wp\/v2\/product_tag?post=971308"}],"curies":[{"name":"wp","href":"https:\/\/api.w.org\/{rel}","templated":true}]}}