{"id":97141,"date":"2022-10-12T07:08:07","date_gmt":"2022-10-12T05:08:07","guid":{"rendered":"http:\/\/dev.claret.cat\/producte\/revista-hacer-familia-325-febrero-2021\/"},"modified":"2023-01-28T13:37:48","modified_gmt":"2023-01-28T12:37:48","slug":"revista-hacer-familia-325-febrero-2021","status":"publish","type":"product","link":"https:\/\/www.claret.cat\/es\/libro\/revista-hacer-familia-325-febrero-2021\/","title":{"rendered":"REVISTA HACER FAMILIA, 325 (FEBRERO 2021)"},"content":{"rendered":"<p>Este mes nos enfocamos en encontrar la resiliencia ante el panorama actual que desalienta a j\u00f3venes y mayores en sus distintas circunstancias embargo. Porque las familias sabemos buscar de d\u00f3nde sacar fuerzas para que los nuestros sigan creciendo a pesar de la adversidad.<\/p>\n<p>Asimismo, hablamos con Natalia de Santiago sobre c\u00f3mo prestar m\u00e1s atenci\u00f3n a la econom\u00eda del hogar, aprender a ahorrar mejor y a invertir en nosotros y en nuestra familia.<\/p>\n<p>Y, sobre todo, traemos cultura y experiencias para leer, ver pel\u00edculas y aprovechar todo el tiempo que podamos juntos, en familia. Todo esto, adem\u00e1s de muchos m\u00e1s temas, en la revista para buenos padres que quieren ser mejores padres.<\/p>\n","protected":false},"excerpt":{"rendered":"<p>PALABRA<\/p>\n","protected":false},"featured_media":272096,"template":"","meta":{"_acf_changed":false,"om_disable_all_campaigns":false,"rs_blank_template":"","rs_page_bg_color":"","slide_template_v7":"","inline_featured_image":false,"_monsterinsights_skip_tracking":false,"_monsterinsights_sitenote_active":false,"_monsterinsights_sitenote_note":"","_monsterinsights_sitenote_category":0},"product_brand":[],"product_cat":[90,540],"product_tag":[],"class_list":{"0":"post-97141","1":"product","2":"type-product","3":"status-publish","4":"has-post-thumbnail","6":"product_cat-altres","7":"product_cat-otros","9":"first","10":"instock","11":"taxable","12":"shipping-taxable","13":"purchasable","14":"product-type-simple"},"acf":{"editorial":[{"ID":6324,"post_author":"3","post_date":"2022-07-28 17:49:44","post_date_gmt":"2022-07-28 15:49:44","post_content":"","post_title":"PALABRA, EDICIONES S. A.","post_excerpt":"","post_status":"publish","comment_status":"closed","ping_status":"closed","post_password":"","post_name":"palabra-ediciones-s-a","to_ping":"","pinged":"","post_modified":"2022-07-28 17:49:44","post_modified_gmt":"2022-07-28 15:49:44","post_content_filtered":"","post_parent":0,"guid":"http:\/\/dev.claret.cat\/editorial\/palabra-ediciones-s-a\/","menu_order":0,"post_type":"editorial","post_mime_type":"","comment_count":"0","filter":"raw"}],"autor":"PALABRA","codart":"007251325","libros-coleccion":"","ediciones":"1","encuadernacion":"Grapado","fecha_de_publicacion":"04\/02\/2021","novedad":"1","paginas":"66","subtitulo":"","orden":"0","portada":"0","idioma":"spa","autores-libros":[{"ID":166502,"post_author":"3","post_date":"2022-10-14 18:03:46","post_date_gmt":"2022-10-14 16:03:46","post_content":"","post_title":"PALABRA","post_excerpt":"","post_status":"publish","comment_status":"closed","ping_status":"closed","post_password":"","post_name":"palabra","to_ping":"","pinged":"","post_modified":"2022-10-14 18:03:46","post_modified_gmt":"2022-10-14 16:03:46","post_content_filtered":"","post_parent":0,"guid":"http:\/\/dev.claret.cat\/autor\/palabra\/","menu_order":0,"post_type":"autor","post_mime_type":"","comment_count":"0","filter":"raw"}]},"aioseo_notices":[],"_links":{"self":[{"href":"https:\/\/www.claret.cat\/es\/wp-json\/wp\/v2\/product\/97141","targetHints":{"allow":["GET"]}}],"collection":[{"href":"https:\/\/www.claret.cat\/es\/wp-json\/wp\/v2\/product"}],"about":[{"href":"https:\/\/www.claret.cat\/es\/wp-json\/wp\/v2\/types\/product"}],"wp:featuredmedia":[{"embeddable":true,"href":"https:\/\/www.claret.cat\/es\/wp-json\/wp\/v2\/media\/272096"}],"wp:attachment":[{"href":"https:\/\/www.claret.cat\/es\/wp-json\/wp\/v2\/media?parent=97141"}],"wp:term":[{"taxonomy":"product_brand","embeddable":true,"href":"https:\/\/www.claret.cat\/es\/wp-json\/wp\/v2\/product_brand?post=97141"},{"taxonomy":"product_cat","embeddable":true,"href":"https:\/\/www.claret.cat\/es\/wp-json\/wp\/v2\/product_cat?post=97141"},{"taxonomy":"product_tag","embeddable":true,"href":"https:\/\/www.claret.cat\/es\/wp-json\/wp\/v2\/product_tag?post=97141"}],"curies":[{"name":"wp","href":"https:\/\/api.w.org\/{rel}","templated":true}]}}