{"id":97156,"date":"2022-10-12T07:08:18","date_gmt":"2022-10-12T05:08:18","guid":{"rendered":"http:\/\/dev.claret.cat\/producte\/todos-los-cuentos-2\/"},"modified":"2023-01-28T04:42:03","modified_gmt":"2023-01-28T03:42:03","slug":"todos-los-cuentos-9788433959539","status":"publish","type":"product","link":"https:\/\/www.claret.cat\/es\/libro\/todos-los-cuentos-9788433959539\/","title":{"rendered":"TODOS LOS CUENTOS"},"content":{"rendered":"<p>Raymond Carver alcanz\u00f3 el \u00e9xito gracias a un pu\u00f1ado de vol\u00famenes de relatos publicados en los \u00faltimos doce a\u00f1os de su vida. Su carrera fue breve debido a su temprana muerte. Sin embargo, su obra posee una intensidad sin parang\u00f3n y ha dejado una huella indeleble; su influencia se ha extendido por todo el mundo. Fue, junto con Richard Ford y Tobias Wolff, el m\u00e1ximo exponente de lo que se bautiz\u00f3 como \u00abrealismo sucio\u00bb. En sus cuentos, lac\u00f3nicos, precisos, de una contenida intensidad emocional, transforma la vida en literatura siguiendo la estela de Hemingway y sobre todo de Ch\u00e9jov, su gran maestro. De \u00e9l aprendi\u00f3 a retratar con profunda humanidad a esos seres desamparados y desolados, golpeados por la vida, a los que convierte en h\u00e9roes cotidianos: parejas al borde de la disoluci\u00f3n, hijos que tratan de comunicarse con sus padres, alcoh\u00f3licos en busca de una segunda oportunidad, parados, gente corriente de la Am\u00e9rica m\u00e1s profunda y real. Sus cuentos forman una elusiva y fragmentaria \u00abgran novela americana\u00bb. Y es que en Carver est\u00e1 la esencia de la verdadera Am\u00e9rica \u2013dom\u00e9stica, desquiciada, perpleja-, y sobre todo la esencia del alma humana retratada a trav\u00e9s de una mirada que rechaza cualquier exceso sentimental, pero que, guiada por un depurado estilo, nos hiere directamente en el coraz\u00f3n como s\u00f3lo es capaz de hacer la gran literatura.<\/p>\n","protected":false},"excerpt":{"rendered":"<p>CARVER, RAYMOND<\/p>\n","protected":false},"featured_media":97157,"template":"","meta":{"_acf_changed":false,"om_disable_all_campaigns":false,"rs_blank_template":"","rs_page_bg_color":"","slide_template_v7":"","inline_featured_image":false,"_monsterinsights_skip_tracking":false,"_monsterinsights_sitenote_active":false,"_monsterinsights_sitenote_note":"","_monsterinsights_sitenote_category":0},"product_brand":[],"product_cat":[16],"product_tag":[],"class_list":{"0":"post-97156","1":"product","2":"type-product","3":"status-publish","4":"has-post-thumbnail","6":"product_cat-sense-categoria","8":"first","9":"instock","10":"taxable","11":"shipping-taxable","12":"purchasable","13":"product-type-simple"},"acf":{"editorial":[{"ID":6219,"post_author":"3","post_date":"2022-07-28 17:47:26","post_date_gmt":"2022-07-28 15:47:26","post_content":"","post_title":"Editorial Anagrama S.A.","post_excerpt":"","post_status":"publish","comment_status":"closed","ping_status":"closed","post_password":"","post_name":"editorial-anagrama-s-a","to_ping":"","pinged":"","post_modified":"2022-07-28 17:47:26","post_modified_gmt":"2022-07-28 15:47:26","post_content_filtered":"","post_parent":0,"guid":"http:\/\/dev.claret.cat\/editorial\/editorial-anagrama-s-a\/","menu_order":0,"post_type":"editorial","post_mime_type":"","comment_count":"0","filter":"raw"}],"autor":"CARVER, RAYMOND","codart":"843395953","libros-coleccion":"COMPENDIUM","ediciones":"1","encuadernacion":"R\u00fastica","fecha_de_publicacion":"01\/09\/2016","novedad":"1","paginas":"712","subtitulo":"","orden":"0","portada":"0","idioma":"spa","autores-libros":[{"ID":167883,"post_author":"3","post_date":"2022-10-14 18:14:46","post_date_gmt":"2022-10-14 16:14:46","post_content":"","post_title":"RAYMOND CARVER","post_excerpt":"","post_status":"publish","comment_status":"closed","ping_status":"closed","post_password":"","post_name":"raymond-carver","to_ping":"","pinged":"","post_modified":"2022-10-14 18:14:46","post_modified_gmt":"2022-10-14 16:14:46","post_content_filtered":"","post_parent":0,"guid":"http:\/\/dev.claret.cat\/autor\/raymond-carver\/","menu_order":0,"post_type":"autor","post_mime_type":"","comment_count":"0","filter":"raw"}]},"aioseo_notices":[],"_links":{"self":[{"href":"https:\/\/www.claret.cat\/es\/wp-json\/wp\/v2\/product\/97156","targetHints":{"allow":["GET"]}}],"collection":[{"href":"https:\/\/www.claret.cat\/es\/wp-json\/wp\/v2\/product"}],"about":[{"href":"https:\/\/www.claret.cat\/es\/wp-json\/wp\/v2\/types\/product"}],"wp:featuredmedia":[{"embeddable":true,"href":"https:\/\/www.claret.cat\/es\/wp-json\/wp\/v2\/media\/97157"}],"wp:attachment":[{"href":"https:\/\/www.claret.cat\/es\/wp-json\/wp\/v2\/media?parent=97156"}],"wp:term":[{"taxonomy":"product_brand","embeddable":true,"href":"https:\/\/www.claret.cat\/es\/wp-json\/wp\/v2\/product_brand?post=97156"},{"taxonomy":"product_cat","embeddable":true,"href":"https:\/\/www.claret.cat\/es\/wp-json\/wp\/v2\/product_cat?post=97156"},{"taxonomy":"product_tag","embeddable":true,"href":"https:\/\/www.claret.cat\/es\/wp-json\/wp\/v2\/product_tag?post=97156"}],"curies":[{"name":"wp","href":"https:\/\/api.w.org\/{rel}","templated":true}]}}