{"id":971668,"date":"2024-06-21T12:30:20","date_gmt":"2024-06-21T10:30:20","guid":{"rendered":"https:\/\/www.claret.cat\/llibre\/lhora-del-conte-9788426148926\/"},"modified":"2026-04-15T12:10:47","modified_gmt":"2026-04-15T10:10:47","slug":"lhora-del-conte-9788426148926","status":"publish","type":"product","link":"https:\/\/www.claret.cat\/es\/libro\/lhora-del-conte-9788426148926\/","title":{"rendered":"L&#8217;HORA DEL CONTE"},"content":{"rendered":"<p>\u00c9s l&#8221;hora del conte, l&#8221;hora preferida de tothom! El nen est\u00e0 preparat per llegir a tots els seus amics, i cap s&#8221;ho vol perdre, per\u00f2 les interrupcions no s&#8221;acaben! El peix vol seure al mig, la cigonya encara no ha arribat, el gat vol un coix\u00ed,&#8230; Una hist\u00f2ria divertida sobre la lectura en veu alta.  Una altra entrega dels llibres de cart\u00f3 de la m\u00e0 experta de Susanne Stra\u00dfer. Forma part de la col\u00b7lecci\u00f3 Millor amb Amics, i mant\u00e9 el patr\u00f3 de conte acumulatiu que tant agrada als nens d&#8221;aquestes edats. Aconseguiran arribar a llegir el conte tots junts? Una nova dosi de diversi\u00f3 assegurada en un llibre ideal per a llegir en veu alta.<\/p>\n","protected":false},"excerpt":{"rendered":"<p>STRA\u00dfE, SUSANNE<\/p>\n","protected":false},"featured_media":971724,"template":"","meta":{"_acf_changed":false,"om_disable_all_campaigns":false,"rs_blank_template":"","rs_page_bg_color":"","slide_template_v7":"","inline_featured_image":false,"_monsterinsights_skip_tracking":false,"_monsterinsights_sitenote_active":false,"_monsterinsights_sitenote_note":"","_monsterinsights_sitenote_category":0},"product_brand":[],"product_cat":[131,361],"product_tag":[],"class_list":{"0":"post-971668","1":"product","2":"type-product","3":"status-publish","4":"has-post-thumbnail","6":"product_cat-contes-per-infants-0-6-anys","7":"product_cat-cuentos-para-ninos-0-6-anos","9":"first","10":"instock","11":"taxable","12":"shipping-taxable","13":"purchasable","14":"product-type-simple"},"acf":{"autor":"STRA\u00dfE, SUSANNE","codart":"842614892","libros-coleccion":"MEJOR CON AMIGOS","ediciones":"1","encuadernacion":"Carpeta","fecha_de_publicacion":"01\/06\/2024","novedad":"1","paginas":"12","subtitulo":"","orden":"0","portada":"0","idioma":"cat","editorial":[{"ID":6226,"post_author":"3","post_date":"2022-07-28 17:47:36","post_date_gmt":"2022-07-28 15:47:36","post_content":"","post_title":"EDITORIAL JUVENTUD","post_excerpt":"","post_status":"publish","comment_status":"closed","ping_status":"closed","post_password":"","post_name":"editorial-juventud","to_ping":"","pinged":"","post_modified":"2022-07-28 17:47:36","post_modified_gmt":"2022-07-28 15:47:36","post_content_filtered":"","post_parent":0,"guid":"http:\/\/dev.claret.cat\/editorial\/editorial-juventud\/","menu_order":0,"post_type":"editorial","post_mime_type":"","comment_count":"0","filter":"raw"}],"booktrailer":"","resenas":""},"aioseo_notices":[],"_links":{"self":[{"href":"https:\/\/www.claret.cat\/es\/wp-json\/wp\/v2\/product\/971668","targetHints":{"allow":["GET"]}}],"collection":[{"href":"https:\/\/www.claret.cat\/es\/wp-json\/wp\/v2\/product"}],"about":[{"href":"https:\/\/www.claret.cat\/es\/wp-json\/wp\/v2\/types\/product"}],"wp:featuredmedia":[{"embeddable":true,"href":"https:\/\/www.claret.cat\/es\/wp-json\/wp\/v2\/media\/971724"}],"wp:attachment":[{"href":"https:\/\/www.claret.cat\/es\/wp-json\/wp\/v2\/media?parent=971668"}],"wp:term":[{"taxonomy":"product_brand","embeddable":true,"href":"https:\/\/www.claret.cat\/es\/wp-json\/wp\/v2\/product_brand?post=971668"},{"taxonomy":"product_cat","embeddable":true,"href":"https:\/\/www.claret.cat\/es\/wp-json\/wp\/v2\/product_cat?post=971668"},{"taxonomy":"product_tag","embeddable":true,"href":"https:\/\/www.claret.cat\/es\/wp-json\/wp\/v2\/product_tag?post=971668"}],"curies":[{"name":"wp","href":"https:\/\/api.w.org\/{rel}","templated":true}]}}