{"id":971889,"date":"2024-06-25T12:10:39","date_gmt":"2024-06-25T10:10:39","guid":{"rendered":"https:\/\/www.claret.cat\/llibre\/amar-o-depender-9788408288350\/"},"modified":"2024-07-03T16:25:25","modified_gmt":"2024-07-03T14:25:25","slug":"amar-o-depender-9788408288350","status":"publish","type":"product","link":"https:\/\/www.claret.cat\/es\/libro\/amar-o-depender-9788408288350\/","title":{"rendered":"\u00bfAMAR O DEPENDER?"},"content":{"rendered":"<p>Presentamos en un nuevo formato y dise\u00f1o uno de los libros m\u00e1s vendidos de Walter Riso, un texto imprescindible sobre la dependencia emocional en la pareja.\u00a0Entregarse afectivamente no implica desaparecer en el otro, sino integrarse de manera respetuosa. El amor sano es una suma de dos, en la cual nadie pierde. <br \/> La dependencia afectiva a la pareja tarde o temprano genera sufrimiento y depresi\u00f3n. Millones de personas en todo el mundo son v\u00edctimas de relaciones amorosas inadecuadas y no saben qu\u00e9 hacer al respecto, ya que el miedo a la p\u00e9rdida, a la soledad o al abandono contamina el v\u00ednculo amoroso y lo vuelve altamente vulnerable. Un amor inseguro es una bomba de tiempo que puede estallar en cualquier momento y lastimarnos profundamente. Sin embargo, y al contrario de lo que parece establecer nuestra cultura, s\u00ed es posible amar con independencia y aun as\u00ed seguir amando. Es posible eliminar las ataduras psicol\u00f3gicas y, pese a todo, mantener vivo el fuego del amor.<br \/> La adicci\u00f3n afectiva es una enfermedad que tiene cura y, lo m\u00e1s importante, puede prevenirse. Este libro pretende ayudar a aquellas personas que son o han sido v\u00edctimas de un amor malsano y guiar a las parejas a\u00fan no contaminadas para que sigan trabajando en la sana costumbre de amar intensamente y sin apegos<\/p>\n","protected":false},"excerpt":{"rendered":"<p>RISO, WALTER<\/p>\n","protected":false},"featured_media":971890,"template":"","meta":{"_acf_changed":false,"om_disable_all_campaigns":false,"rs_blank_template":"","rs_page_bg_color":"","slide_template_v7":"","inline_featured_image":false,"_monsterinsights_skip_tracking":false,"_monsterinsights_sitenote_active":false,"_monsterinsights_sitenote_note":"","_monsterinsights_sitenote_category":0},"product_brand":[],"product_cat":[179,377],"product_tag":[],"class_list":{"0":"post-971889","1":"product","2":"type-product","3":"status-publish","4":"has-post-thumbnail","6":"product_cat-autoajuda-i-salut-mental","7":"product_cat-autoayuda-y-salud-mental","9":"first","10":"instock","11":"taxable","12":"shipping-taxable","13":"purchasable","14":"product-type-simple"},"acf":{"autor":"RISO, WALTER","codart":"840828835","libros-coleccion":"FORA DE COL.LECCI\u00d3","ediciones":"1","encuadernacion":"R\u00fastica","fecha_de_publicacion":"01\/06\/2024","novedad":"1","paginas":"200","subtitulo":"","orden":"0","portada":"0","idioma":"spa","editorial":[{"ID":6233,"post_author":"3","post_date":"2022-07-28 17:47:48","post_date_gmt":"2022-07-28 15:47:48","post_content":"","post_title":"EDITORIAL PLANETA","post_excerpt":"","post_status":"publish","comment_status":"closed","ping_status":"closed","post_password":"","post_name":"editorial-planeta","to_ping":"","pinged":"","post_modified":"2022-07-28 17:47:48","post_modified_gmt":"2022-07-28 15:47:48","post_content_filtered":"","post_parent":0,"guid":"http:\/\/dev.claret.cat\/editorial\/editorial-planeta\/","menu_order":0,"post_type":"editorial","post_mime_type":"","comment_count":"0","filter":"raw"}]},"aioseo_notices":[],"_links":{"self":[{"href":"https:\/\/www.claret.cat\/es\/wp-json\/wp\/v2\/product\/971889","targetHints":{"allow":["GET"]}}],"collection":[{"href":"https:\/\/www.claret.cat\/es\/wp-json\/wp\/v2\/product"}],"about":[{"href":"https:\/\/www.claret.cat\/es\/wp-json\/wp\/v2\/types\/product"}],"wp:featuredmedia":[{"embeddable":true,"href":"https:\/\/www.claret.cat\/es\/wp-json\/wp\/v2\/media\/971890"}],"wp:attachment":[{"href":"https:\/\/www.claret.cat\/es\/wp-json\/wp\/v2\/media?parent=971889"}],"wp:term":[{"taxonomy":"product_brand","embeddable":true,"href":"https:\/\/www.claret.cat\/es\/wp-json\/wp\/v2\/product_brand?post=971889"},{"taxonomy":"product_cat","embeddable":true,"href":"https:\/\/www.claret.cat\/es\/wp-json\/wp\/v2\/product_cat?post=971889"},{"taxonomy":"product_tag","embeddable":true,"href":"https:\/\/www.claret.cat\/es\/wp-json\/wp\/v2\/product_tag?post=971889"}],"curies":[{"name":"wp","href":"https:\/\/api.w.org\/{rel}","templated":true}]}}