{"id":971939,"date":"2024-06-25T15:45:03","date_gmt":"2024-06-25T13:45:03","guid":{"rendered":"https:\/\/www.claret.cat\/llibre\/maneskin-9788418266195\/"},"modified":"2024-06-25T17:00:21","modified_gmt":"2024-06-25T15:00:21","slug":"maneskin-9788418266195","status":"publish","type":"product","link":"https:\/\/www.claret.cat\/es\/libro\/maneskin-9788418266195\/","title":{"rendered":"MANESKIN"},"content":{"rendered":"<p>De tocar en las calles del centro de Roma a actuar de teloneros de The Rolling Stones en el estadio Allegiant de Las Vegas. Sin duda, M\u00e5neskin se ha convertido en un ejemplo musical lleno de determinaci\u00f3n y \u00e9xito. Con poco m\u00e1s de veinte a\u00f1os, los protagonistas de esta historia (Damiano Da\u00advid, Victoria De Angelis, Thomas Raggi y Ethan Torchio) han conquistado los escenarios de los eventos musicales m\u00e1s importantes, desde Factor X pasando por el Festival de San Remo y Eurovisi\u00f3n hasta los MTV Europe Music Awards. Adem\u00e1s, han ganado premios, han roto r\u00e9cords, han sido invitados a los programas m\u00e1s famosos de televisi\u00f3n de Estados Unidos y han colaborado con artistas de la talla de lggy Pop. M\u00e5neskin es el reflejo de una generaci\u00f3n abierta, provocativa, sin filtros y concienciada con las luchas sociales. Una banda dispuesta a reclamar su trono.<\/p>\n","protected":false},"excerpt":{"rendered":"<p>CORTASSA, GUIA \/ ROTLICH, SARA<\/p>\n","protected":false},"featured_media":972017,"template":"","meta":{"_acf_changed":false,"om_disable_all_campaigns":false,"rs_blank_template":"","rs_page_bg_color":"","slide_template_v7":"","inline_featured_image":false,"_monsterinsights_skip_tracking":false,"_monsterinsights_sitenote_active":false,"_monsterinsights_sitenote_note":"","_monsterinsights_sitenote_category":0},"product_brand":[],"product_cat":[111,332,105,555],"product_tag":[],"class_list":{"0":"post-971939","1":"product","2":"type-product","3":"status-publish","4":"has-post-thumbnail","6":"product_cat-musica","7":"product_cat-musica-4_escolar-spa","8":"product_cat-regal","9":"product_cat-regalo","11":"first","12":"instock","13":"taxable","14":"shipping-taxable","15":"purchasable","16":"product-type-simple"},"acf":{"autor":"CORTASSA, GUIA \/ ROTLICH, SARA","codart":"841826619","libros-coleccion":"Monograf\u00edas","ediciones":"1","encuadernacion":"Carton\u00e9","fecha_de_publicacion":"01\/06\/2024","novedad":"1","paginas":"36","subtitulo":"NOSOTROS SOMOS EL ROCK","orden":"0","portada":"0","idioma":"spa","editorial":[{"ID":147723,"post_author":"3","post_date":"2022-10-14 11:52:45","post_date_gmt":"2022-10-14 09:52:45","post_content":"","post_title":"DIBBUKS","post_excerpt":"","post_status":"publish","comment_status":"closed","ping_status":"closed","post_password":"","post_name":"dibbuks","to_ping":"","pinged":"","post_modified":"2022-10-14 11:52:45","post_modified_gmt":"2022-10-14 09:52:45","post_content_filtered":"","post_parent":0,"guid":"http:\/\/dev.claret.cat\/editorial\/dibbuks\/","menu_order":0,"post_type":"editorial","post_mime_type":"","comment_count":"0","filter":"raw"}]},"aioseo_notices":[],"_links":{"self":[{"href":"https:\/\/www.claret.cat\/es\/wp-json\/wp\/v2\/product\/971939","targetHints":{"allow":["GET"]}}],"collection":[{"href":"https:\/\/www.claret.cat\/es\/wp-json\/wp\/v2\/product"}],"about":[{"href":"https:\/\/www.claret.cat\/es\/wp-json\/wp\/v2\/types\/product"}],"wp:featuredmedia":[{"embeddable":true,"href":"https:\/\/www.claret.cat\/es\/wp-json\/wp\/v2\/media\/972017"}],"wp:attachment":[{"href":"https:\/\/www.claret.cat\/es\/wp-json\/wp\/v2\/media?parent=971939"}],"wp:term":[{"taxonomy":"product_brand","embeddable":true,"href":"https:\/\/www.claret.cat\/es\/wp-json\/wp\/v2\/product_brand?post=971939"},{"taxonomy":"product_cat","embeddable":true,"href":"https:\/\/www.claret.cat\/es\/wp-json\/wp\/v2\/product_cat?post=971939"},{"taxonomy":"product_tag","embeddable":true,"href":"https:\/\/www.claret.cat\/es\/wp-json\/wp\/v2\/product_tag?post=971939"}],"curies":[{"name":"wp","href":"https:\/\/api.w.org\/{rel}","templated":true}]}}