{"id":9722,"date":"2022-09-30T19:43:27","date_gmt":"2022-09-30T17:43:27","guid":{"rendered":"http:\/\/dev.claret.cat\/producte\/la-alegria-de-creer\/"},"modified":"2026-02-03T12:41:17","modified_gmt":"2026-02-03T11:41:17","slug":"la-alegria-de-creer-9788429312096","status":"publish","type":"product","link":"https:\/\/www.claret.cat\/es\/libro\/la-alegria-de-creer-9788429312096\/","title":{"rendered":"LA ALEGR\u00cdA DE CREER"},"content":{"rendered":"<p>Amar como am\u00f3 Jes\u00fas, es decir, revelar a Dios mediante el amor a los dem\u00e1s: vivida al pie de la letra, esta exigencia basta para transformar una vida. Y para convencerse no hay m\u00e1s que leer estos textos, que iluminan con una luz nueva una verdad tan simple y elemental.      La alegr\u00eda de creer re\u00fane sobre todo meditacinoes sobre los caminos del amor a trav\u00e9s de la soledad, el sufrimiento, la sencillez, la oraci\u00f3n y la fidelidad al Evangelio y a la Iglesia. La originalidad de Madeleine Delbr\u00eal consiste en haber repetido, con dulce insistencia, que los hijos de Dios est\u00e1n, hoy como siempre, llamados a salvar al mundo, por su cuenta y riesgo, con y por la fuerza del Hijo \u00fanico: &#8216;La esperanza de los ap\u00f3stoles de todos los tiempos es una gigantesca pordiosera con los pies en un mundo perdido, que lleva en los brazos a los hombres m\u00e1s olvidados y es infinitamente pobre con ellos&#8230;, pero sonr\u00ede a una Redenci\u00f3n que espera del cielo como nosotros esperamos el d\u00eda&#8217;.      Escritas entre 1935 y 1964, estas p\u00e1ginas reflejan una vida que supo conjugar fidelidad y creatividad, realismo sobre la vida y sobre la historia y adhesi\u00f3n a las constantes evang\u00e9licas. MADELEINE DELBR\u00caL (1904-1964), que en el momento de su muerte era pr\u00e1cticamente una desconocida, se ha convertido con el tiempo en punto de referencia obligado para una verdadera espiritualidad laical enraizada en el Evangelio, atenta a los &#8216;signos de los tiempos&#8217;, celosa de la felicidad del pr\u00f3jimo y en di\u00e1logo abierto y creativo con la realidad.<\/p>\n","protected":false},"excerpt":{"rendered":"<p>DELBR\u00caL, MADELEINE<\/p>\n","protected":false},"featured_media":1080433,"template":"","meta":{"_acf_changed":false,"om_disable_all_campaigns":false,"rs_blank_template":"","rs_page_bg_color":"","slide_template_v7":"","inline_featured_image":false,"_monsterinsights_skip_tracking":false,"_monsterinsights_sitenote_active":false,"_monsterinsights_sitenote_note":"","_monsterinsights_sitenote_category":0},"product_brand":[],"product_cat":[485,232,237,488,344,78],"product_tag":[],"class_list":{"0":"post-9722","1":"product","2":"type-product","3":"status-publish","4":"has-post-thumbnail","6":"product_cat-autores-espiritualidad-1_espiritualidad","7":"product_cat-autors-espiritualitat","8":"product_cat-cami-de-perfeccionament","9":"product_cat-camino-de-perfeccionamiento","10":"product_cat-pastoral-1_espiritualidad","11":"product_cat-pastoral","13":"first","14":"instock","15":"taxable","16":"shipping-taxable","17":"purchasable","18":"product-type-simple"},"acf":{"autor":"DELBR\u00caL, MADELEINE","codart":"842931209","libros-coleccion":"FORA DE COL.LECCI\u00d3","ediciones":"1","encuadernacion":"R\u00fastica","fecha_de_publicacion":"01\/02\/1997","novedad":"0","paginas":"246","subtitulo":"","orden":"999","portada":"0","idioma":"spa","editorial":[{"ID":6351,"post_author":"3","post_date":"2022-07-28 17:50:19","post_date_gmt":"2022-07-28 15:50:19","post_content":"","post_title":"Sal Terrae","post_excerpt":"","post_status":"publish","comment_status":"closed","ping_status":"closed","post_password":"","post_name":"sal-terrae","to_ping":"","pinged":"","post_modified":"2022-07-28 17:50:19","post_modified_gmt":"2022-07-28 15:50:19","post_content_filtered":"","post_parent":0,"guid":"http:\/\/dev.claret.cat\/editorial\/sal-terrae\/","menu_order":0,"post_type":"editorial","post_mime_type":"","comment_count":"0","filter":"raw"}],"autores-libros":[{"ID":162959,"post_author":"3","post_date":"2022-10-14 17:35:11","post_date_gmt":"2022-10-14 15:35:11","post_content":"","post_title":"MADELEINE DELBREL","post_excerpt":"","post_status":"publish","comment_status":"closed","ping_status":"closed","post_password":"","post_name":"madeleine-delbrel","to_ping":"","pinged":"","post_modified":"2022-10-14 17:35:11","post_modified_gmt":"2022-10-14 15:35:11","post_content_filtered":"","post_parent":0,"guid":"http:\/\/dev.claret.cat\/autor\/madeleine-delbrel\/","menu_order":0,"post_type":"autor","post_mime_type":"","comment_count":"0","filter":"raw"}],"booktrailer":"","resenas":""},"aioseo_notices":[],"_links":{"self":[{"href":"https:\/\/www.claret.cat\/es\/wp-json\/wp\/v2\/product\/9722","targetHints":{"allow":["GET"]}}],"collection":[{"href":"https:\/\/www.claret.cat\/es\/wp-json\/wp\/v2\/product"}],"about":[{"href":"https:\/\/www.claret.cat\/es\/wp-json\/wp\/v2\/types\/product"}],"wp:featuredmedia":[{"embeddable":true,"href":"https:\/\/www.claret.cat\/es\/wp-json\/wp\/v2\/media\/1080433"}],"wp:attachment":[{"href":"https:\/\/www.claret.cat\/es\/wp-json\/wp\/v2\/media?parent=9722"}],"wp:term":[{"taxonomy":"product_brand","embeddable":true,"href":"https:\/\/www.claret.cat\/es\/wp-json\/wp\/v2\/product_brand?post=9722"},{"taxonomy":"product_cat","embeddable":true,"href":"https:\/\/www.claret.cat\/es\/wp-json\/wp\/v2\/product_cat?post=9722"},{"taxonomy":"product_tag","embeddable":true,"href":"https:\/\/www.claret.cat\/es\/wp-json\/wp\/v2\/product_tag?post=9722"}],"curies":[{"name":"wp","href":"https:\/\/api.w.org\/{rel}","templated":true}]}}