{"id":972342,"date":"2024-06-27T13:40:01","date_gmt":"2024-06-27T11:40:01","guid":{"rendered":"https:\/\/www.claret.cat\/llibre\/apuntes-sobre-la-oracion-8-9788422023517\/"},"modified":"2025-02-12T18:50:24","modified_gmt":"2025-02-12T17:50:24","slug":"apuntes-sobre-la-oracion-8-9788422023517","status":"publish","type":"product","link":"https:\/\/www.claret.cat\/es\/libro\/apuntes-sobre-la-oracion-8-9788422023517\/","title":{"rendered":"APUNTES SOBRE LA ORACI\u00d3N &#8211; 8"},"content":{"rendered":"<p>El Jubileo Ordinario del 2025 est\u00e1 ya a la puerta. \u00bfC\u00f3mo prepararse a este evento tan importante para la vida de la Iglesia si no a trav\u00e9s de la oraci\u00f3n? El a\u00f1o 2024 estar\u00e1 dedicado \u00edntegramente a la oraci\u00f3n. Para favorecer este A\u00f1o de la Oraci\u00f3n se han realizado algunos breves textos que, en la sencillez de su lenguaje, ayudar\u00e1n a entrar en las diversas dimensiones de la oraci\u00f3n\u00bb (De la&nbsp;<em>Introducci\u00f3n del Santo Padre)<\/em>.<\/p>\n<p>1. Orar hoy. Un desaf\u00edo a superar, por A. Comastri<\/p>\n<p>2. Orar con los salmos, por G. Ravasi<\/p>\n<p>3. La oraci\u00f3n de Jes\u00fas, por J. L\u00f3pez Vergara<\/p>\n<p>4. El viaje en Dios. Santos y pecadores en oraci\u00f3n, por P. B. Murray<\/p>\n<p>5. Las par\u00e1bolas de la oraci\u00f3n, por A. Pitta<\/p>\n<p>6. La Iglesia en oraci\u00f3n, por Un monje cartujo<\/p>\n<p>7. La oraci\u00f3n de Mar\u00eda y de los santos, por C. Aubin<\/p>\n<p>8. La oraci\u00f3n que Jes\u00fas nos ense\u00f1\u00f3: \u00abPadrenuestro\u00bb, por U. Vanni<\/p>\n<p>T\u00edtulo original: Marie, o\u00f9 es-tu? Aux racines des \u00c9critures avec Marie pour prier le sens de sa vie<\/p>\n<p>Traducido por&nbsp;<strong>Sol Corcuera Urandurraga<\/strong><\/p>\n","protected":false},"excerpt":{"rendered":"<p>VANNI, UGO; DICASTERIO PARA LA EVANGELIZACI\u00d3N<\/p>\n","protected":false},"featured_media":972893,"template":"","meta":{"_acf_changed":false,"om_disable_all_campaigns":false,"rs_blank_template":"","rs_page_bg_color":"","slide_template_v7":"","inline_featured_image":false,"_monsterinsights_skip_tracking":false,"_monsterinsights_sitenote_active":false,"_monsterinsights_sitenote_note":"","_monsterinsights_sitenote_category":0},"product_brand":[],"product_cat":[217,476],"product_tag":[],"class_list":{"0":"post-972342","1":"product","2":"type-product","3":"status-publish","4":"has-post-thumbnail","6":"product_cat-postcomunio","7":"product_cat-postcomunion","9":"first","10":"instock","11":"taxable","12":"shipping-taxable","13":"purchasable","14":"product-type-simple"},"acf":{"autor":"VANNI, UGO; DICASTERIO PARA LA EVANGELIZACI\u00d3N","codart":"842202351","libros-coleccion":"BAC Popular","ediciones":"1","encuadernacion":"R\u00fastica","fecha_de_publicacion":"27\/06\/2024","novedad":"1","paginas":"72","subtitulo":"LA ORACI\u00d3N QUE JES\u00daS NOS ENSE\u00d1O 'PADRENUESTRO'","orden":"999","portada":"1","idioma":"spa","editorial":[{"ID":147509,"post_author":"3","post_date":"2022-10-14 11:51:07","post_date_gmt":"2022-10-14 09:51:07","post_content":"","post_title":"B.A.C.","post_excerpt":"","post_status":"publish","comment_status":"closed","ping_status":"closed","post_password":"","post_name":"b-a-c","to_ping":"","pinged":"","post_modified":"2022-10-14 11:51:07","post_modified_gmt":"2022-10-14 09:51:07","post_content_filtered":"","post_parent":0,"guid":"http:\/\/dev.claret.cat\/editorial\/b-a-c\/","menu_order":0,"post_type":"editorial","post_mime_type":"","comment_count":"0","filter":"raw"}]},"aioseo_notices":[],"_links":{"self":[{"href":"https:\/\/www.claret.cat\/es\/wp-json\/wp\/v2\/product\/972342","targetHints":{"allow":["GET"]}}],"collection":[{"href":"https:\/\/www.claret.cat\/es\/wp-json\/wp\/v2\/product"}],"about":[{"href":"https:\/\/www.claret.cat\/es\/wp-json\/wp\/v2\/types\/product"}],"wp:featuredmedia":[{"embeddable":true,"href":"https:\/\/www.claret.cat\/es\/wp-json\/wp\/v2\/media\/972893"}],"wp:attachment":[{"href":"https:\/\/www.claret.cat\/es\/wp-json\/wp\/v2\/media?parent=972342"}],"wp:term":[{"taxonomy":"product_brand","embeddable":true,"href":"https:\/\/www.claret.cat\/es\/wp-json\/wp\/v2\/product_brand?post=972342"},{"taxonomy":"product_cat","embeddable":true,"href":"https:\/\/www.claret.cat\/es\/wp-json\/wp\/v2\/product_cat?post=972342"},{"taxonomy":"product_tag","embeddable":true,"href":"https:\/\/www.claret.cat\/es\/wp-json\/wp\/v2\/product_tag?post=972342"}],"curies":[{"name":"wp","href":"https:\/\/api.w.org\/{rel}","templated":true}]}}