{"id":9729,"date":"2022-09-30T19:43:32","date_gmt":"2022-09-30T17:43:32","guid":{"rendered":"http:\/\/dev.claret.cat\/producte\/secreto-para-seguir-amando-el-la-relacion-de-amor-a-traves-de-la-com\/"},"modified":"2025-09-25T17:10:41","modified_gmt":"2025-09-25T15:10:41","slug":"el-secreto-para-seguir-amando-9788429312164","status":"publish","type":"product","link":"https:\/\/www.claret.cat\/es\/libro\/el-secreto-para-seguir-amando-9788429312164\/","title":{"rendered":"EL SECRETO PARA SEGUIR AMANDO"},"content":{"rendered":"<p>El secreto de seguir enamorado es la comunicaci\u00f3n. De hecho, el mejor regalo que podemos hacernos mutuamente es la entrega de uno mismo a base de compartir sinceramente los sentimientos y emociones, que deben expresarse abierta y sinceramente en un clima de amor para que la relaci\u00f3n pueda crecer. M\u00e1s que un mero sentimiento, el amor es un compromiso adoptado para siempre de una manera decidida e incondicional.<br \/>       John Powell explora el requisito previo fundamental para poder compartir personalmente: la aceptaci\u00f3n gozosa y genuina de uno mismo. Adem\u00e1s, muestra c\u00f3mo una adecuada conciencia de nuestros sentimientos puede darnos una abundante informaci\u00f3n acerca de nosotros mismos. El cap\u00edtulo final del libro incluye una serie de ejercicios pr\u00e1cticos que pueden emplearse para profundizar en la comunicaci\u00f3n y en el arte de compartir.<\/p>\n<p>       JOHN POWELL, SJ, catedr\u00e1tico en la Universidad Loyola de Chicago, ha publicado en esta misma colecci\u00f3n: \u00bfPor qu\u00e9 temo decirte qui\u00e9n soy? (15\u00aa ed.), Plenamente humano, plenamente vivo (6\u00aa ed.), La felicidad es una tarea interior (5\u00aa ed.), El vedadero yo: \u00a1en pie! (3\u00aa ed.), El enigma del yo (3\u00aa ed.) y Las estaciones del coraz\u00f3n.<\/p>\n","protected":false},"excerpt":{"rendered":"<p>POWELL SJ, JOHN<\/p>\n","protected":false},"featured_media":1055326,"template":"","meta":{"_acf_changed":false,"om_disable_all_campaigns":false,"rs_blank_template":"","rs_page_bg_color":"","slide_template_v7":"","inline_featured_image":false,"_monsterinsights_skip_tracking":false,"_monsterinsights_sitenote_active":false,"_monsterinsights_sitenote_note":"","_monsterinsights_sitenote_category":0},"product_brand":[],"product_cat":[90,540],"product_tag":[],"class_list":{"0":"post-9729","1":"product","2":"type-product","3":"status-publish","4":"has-post-thumbnail","6":"product_cat-altres","7":"product_cat-otros","9":"first","10":"outofstock","11":"taxable","12":"shipping-taxable","13":"purchasable","14":"product-type-simple"},"acf":{"autor":"POWELL SJ, JOHN","codart":"842931216","libros-coleccion":"Proyecto","ediciones":"1","encuadernacion":"R\u00fastica","fecha_de_publicacion":"01\/04\/1997","novedad":"0","paginas":"0","subtitulo":"LA RELACI\u00d3N DE AMOR A TRAV\u00c9S DE LA COMUNICACI\u00d3N","orden":"999","portada":"0","idioma":"spa","editorial":[{"ID":6351,"post_author":"3","post_date":"2022-07-28 17:50:19","post_date_gmt":"2022-07-28 15:50:19","post_content":"","post_title":"Sal Terrae","post_excerpt":"","post_status":"publish","comment_status":"closed","ping_status":"closed","post_password":"","post_name":"sal-terrae","to_ping":"","pinged":"","post_modified":"2022-07-28 17:50:19","post_modified_gmt":"2022-07-28 15:50:19","post_content_filtered":"","post_parent":0,"guid":"http:\/\/dev.claret.cat\/editorial\/sal-terrae\/","menu_order":0,"post_type":"editorial","post_mime_type":"","comment_count":"0","filter":"raw"}],"autores-libros":[{"ID":159692,"post_author":"3","post_date":"2022-10-14 15:46:56","post_date_gmt":"2022-10-14 13:46:56","post_content":"","post_title":"JOHN POWELL","post_excerpt":"","post_status":"publish","comment_status":"closed","ping_status":"closed","post_password":"","post_name":"john-powell","to_ping":"","pinged":"","post_modified":"2022-10-14 15:46:56","post_modified_gmt":"2022-10-14 13:46:56","post_content_filtered":"","post_parent":0,"guid":"http:\/\/dev.claret.cat\/autor\/john-powell\/","menu_order":0,"post_type":"autor","post_mime_type":"","comment_count":"0","filter":"raw"}],"booktrailer":"","resenas":""},"aioseo_notices":[],"_links":{"self":[{"href":"https:\/\/www.claret.cat\/es\/wp-json\/wp\/v2\/product\/9729","targetHints":{"allow":["GET"]}}],"collection":[{"href":"https:\/\/www.claret.cat\/es\/wp-json\/wp\/v2\/product"}],"about":[{"href":"https:\/\/www.claret.cat\/es\/wp-json\/wp\/v2\/types\/product"}],"wp:featuredmedia":[{"embeddable":true,"href":"https:\/\/www.claret.cat\/es\/wp-json\/wp\/v2\/media\/1055326"}],"wp:attachment":[{"href":"https:\/\/www.claret.cat\/es\/wp-json\/wp\/v2\/media?parent=9729"}],"wp:term":[{"taxonomy":"product_brand","embeddable":true,"href":"https:\/\/www.claret.cat\/es\/wp-json\/wp\/v2\/product_brand?post=9729"},{"taxonomy":"product_cat","embeddable":true,"href":"https:\/\/www.claret.cat\/es\/wp-json\/wp\/v2\/product_cat?post=9729"},{"taxonomy":"product_tag","embeddable":true,"href":"https:\/\/www.claret.cat\/es\/wp-json\/wp\/v2\/product_tag?post=9729"}],"curies":[{"name":"wp","href":"https:\/\/api.w.org\/{rel}","templated":true}]}}