{"id":973204,"date":"2024-07-03T16:35:23","date_gmt":"2024-07-03T14:35:23","guid":{"rendered":"https:\/\/www.claret.cat\/llibre\/chector-dexet-nyam-nyam-9788466156943\/"},"modified":"2026-03-30T12:05:12","modified_gmt":"2026-03-30T10:05:12","slug":"chector-dexet-nyam-nyam-9788466156943","status":"publish","type":"product","link":"https:\/\/www.claret.cat\/es\/libro\/chector-dexet-nyam-nyam-9788466156943\/","title":{"rendered":"C-HECTOR DEXET NYAM NYAM"},"content":{"rendered":"<p>Un llibre divertit i amb peces m\u00f2bils per desenvolupar la motricitat fina i saber qu\u00e9 mengen els animals.<\/p>\n","protected":false},"excerpt":{"rendered":"<p>DEXET, H\u00c9CTOR<\/p>\n","protected":false},"featured_media":973205,"template":"","meta":{"_acf_changed":false,"om_disable_all_campaigns":false,"rs_blank_template":"","rs_page_bg_color":"","slide_template_v7":"","inline_featured_image":false,"_monsterinsights_skip_tracking":false,"_monsterinsights_sitenote_active":false,"_monsterinsights_sitenote_note":"","_monsterinsights_sitenote_category":0},"product_brand":[],"product_cat":[131,361],"product_tag":[],"class_list":{"0":"post-973204","1":"product","2":"type-product","3":"status-publish","4":"has-post-thumbnail","6":"product_cat-contes-per-infants-0-6-anys","7":"product_cat-cuentos-para-ninos-0-6-anos","9":"first","10":"instock","11":"taxable","12":"shipping-taxable","13":"purchasable","14":"product-type-simple"},"acf":{"autor":"DEXET, H\u00c9CTOR","codart":"846615694","libros-coleccion":"FORA DE COL.LECCI\u00d3","ediciones":"1","encuadernacion":"Carton\u00e9","fecha_de_publicacion":"01\/07\/2024","novedad":"1","paginas":"12","subtitulo":"","orden":"0","portada":"0","idioma":"cat","editorial":[{"ID":147679,"post_author":"3","post_date":"2022-10-14 11:52:25","post_date_gmt":"2022-10-14 09:52:25","post_content":"","post_title":"CRUILLA \/SM-EDICIONS -VALENCIANO\/CATALAN","post_excerpt":"","post_status":"publish","comment_status":"closed","ping_status":"closed","post_password":"","post_name":"cruilla-sm-edicions-valenciano-catalan","to_ping":"","pinged":"","post_modified":"2022-10-14 11:52:25","post_modified_gmt":"2022-10-14 09:52:25","post_content_filtered":"","post_parent":0,"guid":"http:\/\/dev.claret.cat\/editorial\/cruilla-sm-edicions-valenciano-catalan\/","menu_order":0,"post_type":"editorial","post_mime_type":"","comment_count":"0","filter":"raw"}],"booktrailer":"","resenas":""},"aioseo_notices":[],"_links":{"self":[{"href":"https:\/\/www.claret.cat\/es\/wp-json\/wp\/v2\/product\/973204","targetHints":{"allow":["GET"]}}],"collection":[{"href":"https:\/\/www.claret.cat\/es\/wp-json\/wp\/v2\/product"}],"about":[{"href":"https:\/\/www.claret.cat\/es\/wp-json\/wp\/v2\/types\/product"}],"wp:featuredmedia":[{"embeddable":true,"href":"https:\/\/www.claret.cat\/es\/wp-json\/wp\/v2\/media\/973205"}],"wp:attachment":[{"href":"https:\/\/www.claret.cat\/es\/wp-json\/wp\/v2\/media?parent=973204"}],"wp:term":[{"taxonomy":"product_brand","embeddable":true,"href":"https:\/\/www.claret.cat\/es\/wp-json\/wp\/v2\/product_brand?post=973204"},{"taxonomy":"product_cat","embeddable":true,"href":"https:\/\/www.claret.cat\/es\/wp-json\/wp\/v2\/product_cat?post=973204"},{"taxonomy":"product_tag","embeddable":true,"href":"https:\/\/www.claret.cat\/es\/wp-json\/wp\/v2\/product_tag?post=973204"}],"curies":[{"name":"wp","href":"https:\/\/api.w.org\/{rel}","templated":true}]}}