{"id":97336,"date":"2022-10-12T07:10:48","date_gmt":"2022-10-12T05:10:48","guid":{"rendered":"http:\/\/dev.claret.cat\/producte\/a-barcino\/"},"modified":"2024-01-31T18:33:28","modified_gmt":"2024-01-31T17:33:28","slug":"a-barcino-9788418572128","status":"publish","type":"product","link":"https:\/\/www.claret.cat\/es\/libro\/a-barcino-9788418572128\/","title":{"rendered":"A B\u00c0RCINO"},"content":{"rendered":"<p>Amb gaireb\u00e9 vint-i-cinc anys, la Min\u00edcia pateix el rebuig del seu pare, Luci Minici Natal Quadroni Ver. El motiu: quan era molt jove, la Min\u00edcia havia estat amant d&#8221;en Teseu, l&#8221;home que va mortificar la vida del noble Minici i que, precisament, va\u00a0 morir lluitant contra ell. A l&#8221;afront s&#8221;hi suma un gran secret que la marcar\u00e0 per sempre. Desconcertada i dolguda, seguir\u00e0, per\u00f2, amb la seva vida: la passi\u00f3 per les curses de quadrigues i l&#8221;escriptura, l&#8221;amistat amb l&#8221;emperador Marc Aureli i l&#8221;emperadriu Faustina, la curiosa relaci\u00f3 amb el seu marit Cneu, la complicitat amb el seu esclau Erasmius, l&#8221;entesa passional amb el centuri\u00f3 Luci Cecili Optat. Alhora, la Min\u00edcia intentar\u00e0 recuperar l&#8221;estima del seu pare i trobar la persona que s&#8221;encarrega de complir una venjan\u00e7a, que no l&#8221;afecta nom\u00e9s a ella i a la seva fam\u00edlia, sin\u00f3 a tot l&#8221;imperi.<\/p>\n","protected":false},"excerpt":{"rendered":"<p>ROCA, MARIA CARME<\/p>\n","protected":false},"featured_media":97337,"template":"","meta":{"_acf_changed":false,"om_disable_all_campaigns":false,"rs_blank_template":"","rs_page_bg_color":"","slide_template_v7":"","inline_featured_image":false,"_monsterinsights_skip_tracking":false,"_monsterinsights_sitenote_active":false,"_monsterinsights_sitenote_note":"","_monsterinsights_sitenote_category":0},"product_brand":[],"product_cat":[130,360],"product_tag":[],"class_list":{"0":"post-97336","1":"product","2":"type-product","3":"status-publish","4":"has-post-thumbnail","6":"product_cat-novella-historica-i-ficcio","7":"product_cat-novela-historica-y-ficcion","9":"first","10":"instock","11":"taxable","12":"shipping-taxable","13":"purchasable","14":"product-type-simple"},"acf":{"editorial":[{"ID":6281,"post_author":"3","post_date":"2022-07-28 17:48:50","post_date_gmt":"2022-07-28 15:48:50","post_content":"","post_title":"LABUTXACA","post_excerpt":"","post_status":"publish","comment_status":"closed","ping_status":"closed","post_password":"","post_name":"labutxaca","to_ping":"","pinged":"","post_modified":"2022-07-28 17:48:50","post_modified_gmt":"2022-07-28 15:48:50","post_content_filtered":"","post_parent":0,"guid":"http:\/\/dev.claret.cat\/editorial\/labutxaca\/","menu_order":0,"post_type":"editorial","post_mime_type":"","comment_count":"0","filter":"raw"}],"autor":"ROCA, MARIA CARME","codart":"841857212","libros-coleccion":"LABUTXACA","ediciones":"1","encuadernacion":"R\u00fastica","fecha_de_publicacion":"01\/02\/2021","novedad":"1","paginas":"393","subtitulo":"","orden":"0","portada":"0","idioma":"cat","autores-libros":[{"ID":163549,"post_author":"3","post_date":"2022-10-14 17:39:56","post_date_gmt":"2022-10-14 15:39:56","post_content":"","post_title":"MARIA CARME ROCA","post_excerpt":"","post_status":"publish","comment_status":"closed","ping_status":"closed","post_password":"","post_name":"maria-carme-roca","to_ping":"","pinged":"","post_modified":"2022-10-14 17:39:56","post_modified_gmt":"2022-10-14 15:39:56","post_content_filtered":"","post_parent":0,"guid":"http:\/\/dev.claret.cat\/autor\/maria-carme-roca\/","menu_order":0,"post_type":"autor","post_mime_type":"","comment_count":"0","filter":"raw"}]},"aioseo_notices":[],"_links":{"self":[{"href":"https:\/\/www.claret.cat\/es\/wp-json\/wp\/v2\/product\/97336","targetHints":{"allow":["GET"]}}],"collection":[{"href":"https:\/\/www.claret.cat\/es\/wp-json\/wp\/v2\/product"}],"about":[{"href":"https:\/\/www.claret.cat\/es\/wp-json\/wp\/v2\/types\/product"}],"wp:featuredmedia":[{"embeddable":true,"href":"https:\/\/www.claret.cat\/es\/wp-json\/wp\/v2\/media\/97337"}],"wp:attachment":[{"href":"https:\/\/www.claret.cat\/es\/wp-json\/wp\/v2\/media?parent=97336"}],"wp:term":[{"taxonomy":"product_brand","embeddable":true,"href":"https:\/\/www.claret.cat\/es\/wp-json\/wp\/v2\/product_brand?post=97336"},{"taxonomy":"product_cat","embeddable":true,"href":"https:\/\/www.claret.cat\/es\/wp-json\/wp\/v2\/product_cat?post=97336"},{"taxonomy":"product_tag","embeddable":true,"href":"https:\/\/www.claret.cat\/es\/wp-json\/wp\/v2\/product_tag?post=97336"}],"curies":[{"name":"wp","href":"https:\/\/api.w.org\/{rel}","templated":true}]}}