{"id":973982,"date":"2024-07-09T17:05:43","date_gmt":"2024-07-09T15:05:43","guid":{"rendered":"https:\/\/www.claret.cat\/llibre\/en-la-senda-de-sofia-9789870003953\/"},"modified":"2025-02-03T12:01:01","modified_gmt":"2025-02-03T11:01:01","slug":"en-la-senda-de-sofia-9789870003953","status":"publish","type":"product","link":"https:\/\/www.claret.cat\/es\/libro\/en-la-senda-de-sofia-9789870003953\/","title":{"rendered":"EN LA SENDA DE SOF\u00cdA"},"content":{"rendered":"","protected":false},"excerpt":{"rendered":"<p>SCH\u00dcSSLER FIORENZA, ELISA<\/p>\n","protected":false},"featured_media":973983,"template":"","meta":{"_acf_changed":false,"om_disable_all_campaigns":false,"rs_blank_template":"","rs_page_bg_color":"","slide_template_v7":"","inline_featured_image":false,"_monsterinsights_skip_tracking":false,"_monsterinsights_sitenote_active":false,"_monsterinsights_sitenote_note":"","_monsterinsights_sitenote_category":0},"product_brand":[],"product_cat":[515,289,516,290,288,514,291,517],"product_tag":[],"class_list":{"0":"post-973982","1":"product","2":"type-product","3":"status-publish","4":"has-post-thumbnail","6":"product_cat-moral-de-la-persona-bioetica-teologia-1_espiritualidad","7":"product_cat-moral-de-la-persona-bioetica","8":"product_cat-moral-de-la-persona-sexualidad","9":"product_cat-moral-de-la-persona-sexualitat","10":"product_cat-moral-fonamental","11":"product_cat-moral-fundamental","12":"product_cat-moral-social-i-politica","13":"product_cat-moral-social-y-politica","15":"first","16":"instock","17":"taxable","18":"shipping-taxable","19":"purchasable","20":"product-type-simple"},"acf":{"autor":"SCH\u00dcSSLER FIORENZA, ELISA","codart":"987000395","libros-coleccion":"","ediciones":"1","encuadernacion":"R\u00fastica","fecha_de_publicacion":"05\/11\/2009","novedad":"0","paginas":"111","subtitulo":"HERMEN\u00c9UTICA FEMINISTA CR\u00cdTICA PARA LA LIBERACI\u00d3N","orden":"999","portada":"0","idioma":"spa","editorial":[{"ID":6296,"post_author":"3","post_date":"2022-07-28 17:49:09","post_date_gmt":"2022-07-28 15:49:09","post_content":"","post_title":"LUMEN","post_excerpt":"","post_status":"publish","comment_status":"closed","ping_status":"closed","post_password":"","post_name":"lumen","to_ping":"","pinged":"","post_modified":"2022-07-28 17:49:09","post_modified_gmt":"2022-07-28 15:49:09","post_content_filtered":"","post_parent":0,"guid":"http:\/\/dev.claret.cat\/editorial\/lumen\/","menu_order":0,"post_type":"editorial","post_mime_type":"","comment_count":"0","filter":"raw"}],"autores-libros":[{"ID":154824,"post_author":"3","post_date":"2022-10-14 15:07:56","post_date_gmt":"2022-10-14 13:07:56","post_content":"","post_title":"ELISABETH SCHUSSLER FIORENZA","post_excerpt":"","post_status":"publish","comment_status":"closed","ping_status":"closed","post_password":"","post_name":"elisabeth-schussler-fiorenza","to_ping":"","pinged":"","post_modified":"2022-10-14 15:07:56","post_modified_gmt":"2022-10-14 13:07:56","post_content_filtered":"","post_parent":0,"guid":"http:\/\/dev.claret.cat\/autor\/elisabeth-schussler-fiorenza\/","menu_order":0,"post_type":"autor","post_mime_type":"","comment_count":"0","filter":"raw"}]},"aioseo_notices":[],"_links":{"self":[{"href":"https:\/\/www.claret.cat\/es\/wp-json\/wp\/v2\/product\/973982","targetHints":{"allow":["GET"]}}],"collection":[{"href":"https:\/\/www.claret.cat\/es\/wp-json\/wp\/v2\/product"}],"about":[{"href":"https:\/\/www.claret.cat\/es\/wp-json\/wp\/v2\/types\/product"}],"wp:featuredmedia":[{"embeddable":true,"href":"https:\/\/www.claret.cat\/es\/wp-json\/wp\/v2\/media\/973983"}],"wp:attachment":[{"href":"https:\/\/www.claret.cat\/es\/wp-json\/wp\/v2\/media?parent=973982"}],"wp:term":[{"taxonomy":"product_brand","embeddable":true,"href":"https:\/\/www.claret.cat\/es\/wp-json\/wp\/v2\/product_brand?post=973982"},{"taxonomy":"product_cat","embeddable":true,"href":"https:\/\/www.claret.cat\/es\/wp-json\/wp\/v2\/product_cat?post=973982"},{"taxonomy":"product_tag","embeddable":true,"href":"https:\/\/www.claret.cat\/es\/wp-json\/wp\/v2\/product_tag?post=973982"}],"curies":[{"name":"wp","href":"https:\/\/api.w.org\/{rel}","templated":true}]}}