{"id":974026,"date":"2024-07-09T17:25:03","date_gmt":"2024-07-09T15:25:03","guid":{"rendered":"https:\/\/www.claret.cat\/llibre\/escatologia-9788498400083\/"},"modified":"2025-06-19T13:30:25","modified_gmt":"2025-06-19T11:30:25","slug":"escatologia-9788498400083","status":"publish","type":"product","link":"https:\/\/www.claret.cat\/es\/libro\/escatologia-9788498400083\/","title":{"rendered":"ESCATOLOG\u00cdA"},"content":{"rendered":"<p>Si hay un interrogante que, junto con el de la existencia de Dios, lleva el hombre metido en su alma, es el del m\u00e1s all\u00e1. De tal modo que la \u00fanica forma que tiene de evitarlo es la de no pensar, tratando in\u00fatilmente de entregarse a la mara\u00f1a de la vida. Pero si el m\u00e1s all\u00e1 no existe, el sentido de esta vida se oculta y el ego\u00edsmo aparece como la \u00fanica opci\u00f3n v\u00e1lida. <br \/>Por eso es de agradecer un libro que aborda sin rubor y con decisi\u00f3n todas las cuestiones relativas al m\u00e1s all\u00e1: la inmortalidad, la resurrecci\u00f3n, el cielo y el infierno y la venida \u00faltima del Se\u00f1or. Bas\u00e1ndose en un conocimiento profundo de la tradici\u00f3n y de la teolog\u00eda reciente, y apoy\u00e1ndose s\u00f3lidamente en la Escritura, Say\u00e9s expone todas las grandes y eternas cuestiones del m\u00e1s all\u00e1, y de forma clara y m\u00e1s adecuada de lo que se hac\u00eda en el pasado. Entra tambi\u00e9n Say\u00e9s en la problem\u00e1tica teol\u00f3gica de la escatolog\u00eda con todas sus implicaciones antropol\u00f3gicas. <br \/>Se trata, por tanto, de un manual claro y profundo sobre un tema permanente<\/p>\n","protected":false},"excerpt":{"rendered":"<p>SAY\u00c9S, JOS\u00c9 ANTONIO<\/p>\n","protected":false},"featured_media":1035238,"template":"","meta":{"_acf_changed":false,"om_disable_all_campaigns":false,"rs_blank_template":"","rs_page_bg_color":"","slide_template_v7":"","inline_featured_image":false,"_monsterinsights_skip_tracking":false,"_monsterinsights_sitenote_active":false,"_monsterinsights_sitenote_note":"","_monsterinsights_sitenote_category":0},"product_brand":[],"product_cat":[281,416],"product_tag":[],"class_list":{"0":"post-974026","1":"product","2":"type-product","3":"status-publish","4":"has-post-thumbnail","6":"product_cat-escatologia","7":"product_cat-escatologia-teologia-1_espiritualidad","9":"first","10":"outofstock","11":"taxable","12":"shipping-taxable","13":"purchasable","14":"product-type-simple"},"acf":{"autor":"SAY\u00c9S, JOS\u00c9 ANTONIO","codart":"849840008","libros-coleccion":"Pel\u00edcano","ediciones":"1","encuadernacion":"R\u00fastica","fecha_de_publicacion":"13\/06\/2006","novedad":"0","paginas":"208","subtitulo":"","orden":"999","portada":"0","idioma":"spa","editorial":[{"ID":6323,"post_author":"3","post_date":"2022-07-28 17:49:43","post_date_gmt":"2022-07-28 15:49:43","post_content":"","post_title":"PALABRA - excepte fulletons","post_excerpt":"","post_status":"publish","comment_status":"closed","ping_status":"closed","post_password":"","post_name":"palabra-excepte-fulletons","to_ping":"","pinged":"","post_modified":"2022-07-28 17:49:43","post_modified_gmt":"2022-07-28 15:49:43","post_content_filtered":"","post_parent":0,"guid":"http:\/\/dev.claret.cat\/editorial\/palabra-excepte-fulletons\/","menu_order":0,"post_type":"editorial","post_mime_type":"","comment_count":"0","filter":"raw"}],"autores-libros":[{"ID":160195,"post_author":"3","post_date":"2022-10-14 15:51:04","post_date_gmt":"2022-10-14 13:51:04","post_content":"","post_title":"JOSE ANTONIO SAYES","post_excerpt":"","post_status":"publish","comment_status":"closed","ping_status":"closed","post_password":"","post_name":"jose-antonio-sayes","to_ping":"","pinged":"","post_modified":"2022-10-14 15:51:04","post_modified_gmt":"2022-10-14 13:51:04","post_content_filtered":"","post_parent":0,"guid":"http:\/\/dev.claret.cat\/autor\/jose-antonio-sayes\/","menu_order":0,"post_type":"autor","post_mime_type":"","comment_count":"0","filter":"raw"}],"booktrailer":"","resenas":""},"aioseo_notices":[],"_links":{"self":[{"href":"https:\/\/www.claret.cat\/es\/wp-json\/wp\/v2\/product\/974026","targetHints":{"allow":["GET"]}}],"collection":[{"href":"https:\/\/www.claret.cat\/es\/wp-json\/wp\/v2\/product"}],"about":[{"href":"https:\/\/www.claret.cat\/es\/wp-json\/wp\/v2\/types\/product"}],"wp:featuredmedia":[{"embeddable":true,"href":"https:\/\/www.claret.cat\/es\/wp-json\/wp\/v2\/media\/1035238"}],"wp:attachment":[{"href":"https:\/\/www.claret.cat\/es\/wp-json\/wp\/v2\/media?parent=974026"}],"wp:term":[{"taxonomy":"product_brand","embeddable":true,"href":"https:\/\/www.claret.cat\/es\/wp-json\/wp\/v2\/product_brand?post=974026"},{"taxonomy":"product_cat","embeddable":true,"href":"https:\/\/www.claret.cat\/es\/wp-json\/wp\/v2\/product_cat?post=974026"},{"taxonomy":"product_tag","embeddable":true,"href":"https:\/\/www.claret.cat\/es\/wp-json\/wp\/v2\/product_tag?post=974026"}],"curies":[{"name":"wp","href":"https:\/\/api.w.org\/{rel}","templated":true}]}}