{"id":97414,"date":"2022-10-12T07:11:51","date_gmt":"2022-10-12T05:11:51","guid":{"rendered":"http:\/\/dev.claret.cat\/producte\/los-simpson-y-la-filosofia-nueva-edicion\/"},"modified":"2025-07-31T13:25:34","modified_gmt":"2025-07-31T11:25:34","slug":"los-simpson-y-la-filosofia-nueva-edicion-9788417059262","status":"publish","type":"product","link":"https:\/\/www.claret.cat\/es\/libro\/los-simpson-y-la-filosofia-nueva-edicion-9788417059262\/","title":{"rendered":"LOS SIMPSON Y LA FILOSOF\u00cdA. NUEVA EDICI\u00d3N"},"content":{"rendered":"<p>* \u00bfJustificar\u00eda Nietzsche las gamberradas de Bart?<br \/> * \u00bfEs Lisa una socr\u00e1tica insoportable?<br \/> * \u00bfPuede Homer ser esencialmente virtuoso, pero ofrecer su familia a los extraterrestres para salvar el pellejo?<br \/> * \u00bfMarge nos hace sentir como en casa porque es una madre y ama de casa machista?<br \/> * \u00bfPodemos aprender algo sobre la felicidad gracias a las miserias del se\u00f1or Burns?<br \/> * \u00bfPuedes ser de izquierdas y mofarte de un pueblo como Springfield?<\/p>\n<p> Los Simpson y la filosof\u00eda no solo es un an\u00e1lisis sobre la filosof\u00eda en el \u00faltimo gran artefacto cultural, sino tambi\u00e9n una introducci\u00f3n divertida pero riguros\u00edsima a la obra de pensadores como Arist\u00f3teles, Kant, Heidegger o Sartre, entre muchos otros.<\/p>\n<p> Dice la leyenda que no sucede nada que no haya sucedido antes en Los Simpson. As\u00ed que si aprendemos de ellos, aprendemos del mundo.<\/p>\n<p> Nueva edici\u00f3n revisada. \u00a1M\u00e1s de 70.000 ejemplares vendidos!<\/p>\n","protected":false},"excerpt":{"rendered":"<p>IRWIN, WILLIAM \/ CONRAD, MARK T. \/ SKOBLE, AEON J. \/ PETRUSKA, FELIX<\/p>\n","protected":false},"featured_media":97415,"template":"","meta":{"_acf_changed":false,"om_disable_all_campaigns":false,"rs_blank_template":"","rs_page_bg_color":"","slide_template_v7":"","inline_featured_image":false,"_monsterinsights_skip_tracking":false,"_monsterinsights_sitenote_active":false,"_monsterinsights_sitenote_note":"","_monsterinsights_sitenote_category":0},"product_brand":[],"product_cat":[373,166],"product_tag":[],"class_list":{"0":"post-97414","1":"product","2":"type-product","3":"status-publish","4":"has-post-thumbnail","6":"product_cat-autores","7":"product_cat-autors-filosofia","9":"first","10":"instock","11":"taxable","12":"shipping-taxable","13":"purchasable","14":"product-type-simple"},"acf":{"editorial":[{"ID":6146,"post_author":"3","post_date":"2022-07-28 17:45:52","post_date_gmt":"2022-07-28 15:45:52","post_content":"","post_title":"Blackie Books","post_excerpt":"","post_status":"publish","comment_status":"closed","ping_status":"closed","post_password":"","post_name":"blackie-books","to_ping":"","pinged":"","post_modified":"2022-07-28 17:45:52","post_modified_gmt":"2022-07-28 15:45:52","post_content_filtered":"","post_parent":0,"guid":"http:\/\/dev.claret.cat\/editorial\/blackie-books\/","menu_order":0,"post_type":"editorial","post_mime_type":"","comment_count":"0","filter":"raw"}],"autor":"IRWIN, WILLIAM \/ CONRAD, MARK T. \/ SKOBLE, AEON J. \/ PETRUSKA, FELIX","codart":"841705926","libros-coleccion":"FORA DE COL.LECCI\u00d3","ediciones":"1","encuadernacion":"R\u00fastica","fecha_de_publicacion":"01\/01\/2017","novedad":"1","paginas":"400","subtitulo":"C\u00d3MO ENTENDER EL MUNDO GRACIAS A HOMER Y COMPA\u00d1\u00cdA","orden":"0","portada":"0","idioma":"spa","autores-libros":[{"ID":164089,"post_author":"3","post_date":"2022-10-14 17:44:16","post_date_gmt":"2022-10-14 15:44:16","post_content":"","post_title":"MARK T. CONRAD","post_excerpt":"","post_status":"publish","comment_status":"closed","ping_status":"closed","post_password":"","post_name":"mark-t-conrad","to_ping":"","pinged":"","post_modified":"2022-10-14 17:44:16","post_modified_gmt":"2022-10-14 15:44:16","post_content_filtered":"","post_parent":0,"guid":"http:\/\/dev.claret.cat\/autor\/mark-t-conrad\/","menu_order":0,"post_type":"autor","post_mime_type":"","comment_count":"0","filter":"raw"},{"ID":155741,"post_author":"3","post_date":"2022-10-14 15:15:15","post_date_gmt":"2022-10-14 13:15:15","post_content":"","post_title":"FELIX PETRUSKA","post_excerpt":"","post_status":"publish","comment_status":"closed","ping_status":"closed","post_password":"","post_name":"felix-petruska","to_ping":"","pinged":"","post_modified":"2022-10-14 15:15:15","post_modified_gmt":"2022-10-14 13:15:15","post_content_filtered":"","post_parent":0,"guid":"http:\/\/dev.claret.cat\/autor\/felix-petruska\/","menu_order":0,"post_type":"autor","post_mime_type":"","comment_count":"0","filter":"raw"},{"ID":171318,"post_author":"3","post_date":"2022-10-14 22:42:26","post_date_gmt":"2022-10-14 20:42:26","post_content":"","post_title":"WILLIAM IRWIN","post_excerpt":"","post_status":"publish","comment_status":"closed","ping_status":"closed","post_password":"","post_name":"william-irwin","to_ping":"","pinged":"","post_modified":"2022-10-14 22:42:26","post_modified_gmt":"2022-10-14 20:42:26","post_content_filtered":"","post_parent":0,"guid":"http:\/\/dev.claret.cat\/autor\/william-irwin\/","menu_order":0,"post_type":"autor","post_mime_type":"","comment_count":"0","filter":"raw"},{"ID":149205,"post_author":"3","post_date":"2022-10-14 14:23:00","post_date_gmt":"2022-10-14 12:23:00","post_content":"","post_title":"AEON J. SKOBLE","post_excerpt":"","post_status":"publish","comment_status":"closed","ping_status":"closed","post_password":"","post_name":"aeon-j-skoble","to_ping":"","pinged":"","post_modified":"2022-10-14 14:23:00","post_modified_gmt":"2022-10-14 12:23:00","post_content_filtered":"","post_parent":0,"guid":"http:\/\/dev.claret.cat\/autor\/aeon-j-skoble\/","menu_order":0,"post_type":"autor","post_mime_type":"","comment_count":"0","filter":"raw"}],"booktrailer":"","resenas":""},"aioseo_notices":[],"_links":{"self":[{"href":"https:\/\/www.claret.cat\/es\/wp-json\/wp\/v2\/product\/97414","targetHints":{"allow":["GET"]}}],"collection":[{"href":"https:\/\/www.claret.cat\/es\/wp-json\/wp\/v2\/product"}],"about":[{"href":"https:\/\/www.claret.cat\/es\/wp-json\/wp\/v2\/types\/product"}],"wp:featuredmedia":[{"embeddable":true,"href":"https:\/\/www.claret.cat\/es\/wp-json\/wp\/v2\/media\/97415"}],"wp:attachment":[{"href":"https:\/\/www.claret.cat\/es\/wp-json\/wp\/v2\/media?parent=97414"}],"wp:term":[{"taxonomy":"product_brand","embeddable":true,"href":"https:\/\/www.claret.cat\/es\/wp-json\/wp\/v2\/product_brand?post=97414"},{"taxonomy":"product_cat","embeddable":true,"href":"https:\/\/www.claret.cat\/es\/wp-json\/wp\/v2\/product_cat?post=97414"},{"taxonomy":"product_tag","embeddable":true,"href":"https:\/\/www.claret.cat\/es\/wp-json\/wp\/v2\/product_tag?post=97414"}],"curies":[{"name":"wp","href":"https:\/\/api.w.org\/{rel}","templated":true}]}}