{"id":9742,"date":"2022-09-30T19:43:42","date_gmt":"2022-09-30T17:43:42","guid":{"rendered":"http:\/\/dev.claret.cat\/producte\/introduccion-al-psicoanalisis-el-manga\/"},"modified":"2026-01-28T11:46:59","modified_gmt":"2026-01-28T10:46:59","slug":"introduccion-al-psicoanalisis-el-manga-9788416763054","status":"publish","type":"product","link":"https:\/\/www.claret.cat\/es\/libro\/introduccion-al-psicoanalisis-el-manga-9788416763054\/","title":{"rendered":"INTRODUCCI\u00d3N AL PSICOAN\u00c1LISIS &#8211; EL MANGA"},"content":{"rendered":"<p>Los descubrimientos de Sigmund Freud, controvertidos desde su mism\u00edsimo origen, han ejercido una influencia fundamental en el mundo que nos rodea. Conceptos como el psicoan\u00e1lisis, la represi\u00f3n, el inconsciente o incluso el  complejo de Edipo.<\/p>\n","protected":false},"excerpt":{"rendered":"<p>FREUD, SIGMUND<\/p>\n","protected":false},"featured_media":330163,"template":"","meta":{"_acf_changed":false,"om_disable_all_campaigns":false,"rs_blank_template":"","rs_page_bg_color":"","slide_template_v7":"","inline_featured_image":false,"_monsterinsights_skip_tracking":false,"_monsterinsights_sitenote_active":false,"_monsterinsights_sitenote_note":"","_monsterinsights_sitenote_category":0},"product_brand":[],"product_cat":[81,347],"product_tag":[],"class_list":{"0":"post-9742","1":"product","2":"type-product","3":"status-publish","4":"has-post-thumbnail","6":"product_cat-psicologia","7":"product_cat-psicologia-2_humanidades","9":"first","10":"instock","11":"taxable","12":"shipping-taxable","13":"purchasable","14":"product-type-simple"},"acf":{"autor":"FREUD, SIGMUND","codart":"841676305","libros-coleccion":"SUSHI BOOKS","ediciones":"1","encuadernacion":"R\u00fastica","fecha_de_publicacion":"24\/03\/2017","novedad":"1","paginas":"200","subtitulo":"","orden":"0","portada":"0","idioma":"spa","editorial":[{"ID":6266,"post_author":"3","post_date":"2022-07-28 17:48:31","post_date_gmt":"2022-07-28 15:48:31","post_content":"","post_title":"HERDER","post_excerpt":"","post_status":"publish","comment_status":"closed","ping_status":"closed","post_password":"","post_name":"herder","to_ping":"","pinged":"","post_modified":"2022-07-28 17:48:31","post_modified_gmt":"2022-07-28 15:48:31","post_content_filtered":"","post_parent":0,"guid":"http:\/\/dev.claret.cat\/editorial\/herder\/","menu_order":0,"post_type":"editorial","post_mime_type":"","comment_count":"0","filter":"raw"}],"autores-libros":[{"ID":169458,"post_author":"3","post_date":"2022-10-14 22:27:23","post_date_gmt":"2022-10-14 20:27:23","post_content":"","post_title":"SIGMUND FREUD","post_excerpt":"","post_status":"publish","comment_status":"closed","ping_status":"closed","post_password":"","post_name":"sigmund-freud","to_ping":"","pinged":"","post_modified":"2022-10-14 22:27:23","post_modified_gmt":"2022-10-14 20:27:23","post_content_filtered":"","post_parent":0,"guid":"http:\/\/dev.claret.cat\/autor\/sigmund-freud\/","menu_order":0,"post_type":"autor","post_mime_type":"","comment_count":"0","filter":"raw"}],"booktrailer":"","resenas":""},"aioseo_notices":[],"_links":{"self":[{"href":"https:\/\/www.claret.cat\/es\/wp-json\/wp\/v2\/product\/9742","targetHints":{"allow":["GET"]}}],"collection":[{"href":"https:\/\/www.claret.cat\/es\/wp-json\/wp\/v2\/product"}],"about":[{"href":"https:\/\/www.claret.cat\/es\/wp-json\/wp\/v2\/types\/product"}],"wp:featuredmedia":[{"embeddable":true,"href":"https:\/\/www.claret.cat\/es\/wp-json\/wp\/v2\/media\/330163"}],"wp:attachment":[{"href":"https:\/\/www.claret.cat\/es\/wp-json\/wp\/v2\/media?parent=9742"}],"wp:term":[{"taxonomy":"product_brand","embeddable":true,"href":"https:\/\/www.claret.cat\/es\/wp-json\/wp\/v2\/product_brand?post=9742"},{"taxonomy":"product_cat","embeddable":true,"href":"https:\/\/www.claret.cat\/es\/wp-json\/wp\/v2\/product_cat?post=9742"},{"taxonomy":"product_tag","embeddable":true,"href":"https:\/\/www.claret.cat\/es\/wp-json\/wp\/v2\/product_tag?post=9742"}],"curies":[{"name":"wp","href":"https:\/\/api.w.org\/{rel}","templated":true}]}}