{"id":97423,"date":"2022-10-12T07:11:58","date_gmt":"2022-10-12T05:11:58","guid":{"rendered":"http:\/\/dev.claret.cat\/producte\/males-setmanes\/"},"modified":"2023-01-28T13:09:39","modified_gmt":"2023-01-28T12:09:39","slug":"males-setmanes-9788418680014","status":"publish","type":"product","link":"https:\/\/www.claret.cat\/es\/libro\/males-setmanes-9788418680014\/","title":{"rendered":"MALES SETMANES"},"content":{"rendered":"<p>Vint anys despr\u00e9s de la seva redacci\u00f3, gaireb\u00e9 recl\u00f2s del tot a casa per culpa de la pand\u00e8mia, l&#8217;autor retroba un dietari in\u00e8dit. En rellegir-lo, inicia un viatge en el temps i se sent transportat a recordar bona part del que llavors va viure. Joaquim Carb\u00f3 ens ofereix una particular visi\u00f3 del m\u00f3n a trav\u00e9s de la &#8216;no ficci\u00f3&#8217;: d&#8217;uns textos que tenen tant d&#8217;assaig sociol\u00f2gic com de mem\u00f2ria discursiva i de dietari personal.<\/p>\n","protected":false},"excerpt":{"rendered":"<p>CARB\u00d3, JOAQUIM<\/p>\n","protected":false},"featured_media":97424,"template":"","meta":{"_acf_changed":false,"om_disable_all_campaigns":false,"rs_blank_template":"","rs_page_bg_color":"","slide_template_v7":"","inline_featured_image":false,"_monsterinsights_skip_tracking":false,"_monsterinsights_sitenote_active":false,"_monsterinsights_sitenote_note":"","_monsterinsights_sitenote_category":0},"product_brand":[],"product_cat":[153],"product_tag":[],"class_list":{"0":"post-97423","1":"product","2":"type-product","3":"status-publish","4":"has-post-thumbnail","6":"product_cat-catalunya","8":"first","9":"instock","10":"taxable","11":"shipping-taxable","12":"purchasable","13":"product-type-simple"},"acf":{"autor":"CARB\u00d3, JOAQUIM","codart":"841868001","libros-coleccion":"FORA DE COL.LECCI\u00d3","ediciones":"1","encuadernacion":"R\u00fastica","fecha_de_publicacion":"01\/01\/2021","novedad":"1","paginas":"288","subtitulo":"","orden":"0","portada":"0","idioma":"cat","editorial":[{"ID":148405,"post_author":"3","post_date":"2022-10-14 11:57:59","post_date_gmt":"2022-10-14 09:57:59","post_content":"","post_title":"L'AVEN\u00c7","post_excerpt":"","post_status":"publish","comment_status":"closed","ping_status":"closed","post_password":"","post_name":"lavenc-2","to_ping":"","pinged":"","post_modified":"2022-10-14 11:57:59","post_modified_gmt":"2022-10-14 09:57:59","post_content_filtered":"","post_parent":0,"guid":"http:\/\/dev.claret.cat\/editorial\/lavenc-2\/","menu_order":0,"post_type":"editorial","post_mime_type":"","comment_count":"0","filter":"raw"}],"autores-libros":[{"ID":159492,"post_author":"3","post_date":"2022-10-14 15:45:17","post_date_gmt":"2022-10-14 13:45:17","post_content":"","post_title":"JOAQUIM CARB\u00d3","post_excerpt":"","post_status":"publish","comment_status":"closed","ping_status":"closed","post_password":"","post_name":"joaquim-carbo","to_ping":"","pinged":"","post_modified":"2022-10-14 15:45:17","post_modified_gmt":"2022-10-14 13:45:17","post_content_filtered":"","post_parent":0,"guid":"http:\/\/dev.claret.cat\/autor\/joaquim-carbo\/","menu_order":0,"post_type":"autor","post_mime_type":"","comment_count":"0","filter":"raw"}]},"aioseo_notices":[],"_links":{"self":[{"href":"https:\/\/www.claret.cat\/es\/wp-json\/wp\/v2\/product\/97423","targetHints":{"allow":["GET"]}}],"collection":[{"href":"https:\/\/www.claret.cat\/es\/wp-json\/wp\/v2\/product"}],"about":[{"href":"https:\/\/www.claret.cat\/es\/wp-json\/wp\/v2\/types\/product"}],"wp:featuredmedia":[{"embeddable":true,"href":"https:\/\/www.claret.cat\/es\/wp-json\/wp\/v2\/media\/97424"}],"wp:attachment":[{"href":"https:\/\/www.claret.cat\/es\/wp-json\/wp\/v2\/media?parent=97423"}],"wp:term":[{"taxonomy":"product_brand","embeddable":true,"href":"https:\/\/www.claret.cat\/es\/wp-json\/wp\/v2\/product_brand?post=97423"},{"taxonomy":"product_cat","embeddable":true,"href":"https:\/\/www.claret.cat\/es\/wp-json\/wp\/v2\/product_cat?post=97423"},{"taxonomy":"product_tag","embeddable":true,"href":"https:\/\/www.claret.cat\/es\/wp-json\/wp\/v2\/product_tag?post=97423"}],"curies":[{"name":"wp","href":"https:\/\/api.w.org\/{rel}","templated":true}]}}