{"id":97426,"date":"2022-10-12T07:12:00","date_gmt":"2022-10-12T05:12:00","guid":{"rendered":"http:\/\/dev.claret.cat\/producte\/llum-de-febrer\/"},"modified":"2023-01-28T07:38:21","modified_gmt":"2023-01-28T06:38:21","slug":"llum-de-febrer-9788416987818","status":"publish","type":"product","link":"https:\/\/www.claret.cat\/es\/libro\/llum-de-febrer-9788416987818\/","title":{"rendered":"LLUM DE FEBRER"},"content":{"rendered":"<p>Eixuta, rondinaire i franca, i, malgrat tot, ha captivat els lectors d&#8217;arreu del m\u00f3n. Amb els anys, \u00bfs&#8217;ha endolcit l&#8217;Olive Kitteridge? Doncs encara t\u00e9 aquell car\u00e0cter fer\u00e9stec i continua dient clarament el que pensa, per\u00f2, a mesura que s&#8217;ha apropat a la vellesa, la vida li ha canviat. Quan menys s&#8217;ho espera, troba un \u00faltim company de viatge, al costat del qual seguim els seus intents d&#8217;entendre&#8217;s a si mateixa, la nova situaci\u00f3 que viu i les persones que l&#8217;envolten.<\/p>\n<p> Amb perspic\u00e0cia i empatia, Elizabeth Strout dona veu a un personatge \u00fanic que ens parla de la vida quotidiana de Crosby, el petit poble costaner de Maine on sembla que no passi mai res, tot teixint personatges delicats i complexos, per\u00f2 excepcionalment propers, les vides dels quals contenen un m\u00f3n sencer. Llum de febrer \u00e9s una novel\u00b7la profundament commovedora sobre l&#8217;amor, la p\u00e8rdua, el penediment, les complexitats del matrimoni i el pas del temps.<\/p>\n<p> Elizabeth Strout va n\u00e9ixer a Portland, Maine, l&#8217;any 1956. \u00c9s autora de diverses novel\u00b7les, entre les quals destaquen Em dic Lucy Barton, Tot \u00e9s possible, Els germans Burgess i Olive Kitteridge, aquesta \u00faltima guardonada amb el Premi Pulitzer 2009 i el Premi Llibreter 2010, i totes quatre publicades per Edicions de 1984. Els seus relats curts han estat publicats a nombroses revistes de prestigi, com ara el New Yorker i el New York Times.<\/p>\n","protected":false},"excerpt":{"rendered":"<p>STROUT, ELIZABETH<\/p>\n","protected":false},"featured_media":97427,"template":"","meta":{"_acf_changed":false,"om_disable_all_campaigns":false,"rs_blank_template":"","rs_page_bg_color":"","slide_template_v7":"","inline_featured_image":false,"_monsterinsights_skip_tracking":false,"_monsterinsights_sitenote_active":false,"_monsterinsights_sitenote_note":"","_monsterinsights_sitenote_category":0},"product_brand":[],"product_cat":[127],"product_tag":[],"class_list":{"0":"post-97426","1":"product","2":"type-product","3":"status-publish","4":"has-post-thumbnail","6":"product_cat-novella-contemporania","8":"first","9":"instock","10":"taxable","11":"shipping-taxable","12":"purchasable","13":"product-type-simple"},"acf":{"editorial":[{"ID":6211,"post_author":"3","post_date":"2022-07-28 17:47:15","post_date_gmt":"2022-07-28 15:47:15","post_content":"","post_title":"EDICIONS DE 1984","post_excerpt":"","post_status":"publish","comment_status":"closed","ping_status":"closed","post_password":"","post_name":"edicions-de-1984","to_ping":"","pinged":"","post_modified":"2022-07-28 17:47:15","post_modified_gmt":"2022-07-28 15:47:15","post_content_filtered":"","post_parent":0,"guid":"http:\/\/dev.claret.cat\/editorial\/edicions-de-1984\/","menu_order":0,"post_type":"editorial","post_mime_type":"","comment_count":"0","filter":"raw"}],"autores-libros":[{"ID":154879,"post_author":"3","post_date":"2022-10-14 15:08:23","post_date_gmt":"2022-10-14 13:08:23","post_content":"","post_title":"ELIZABETH STROUT","post_excerpt":"","post_status":"publish","comment_status":"closed","ping_status":"closed","post_password":"","post_name":"elizabeth-strout","to_ping":"","pinged":"","post_modified":"2022-10-14 15:08:23","post_modified_gmt":"2022-10-14 13:08:23","post_content_filtered":"","post_parent":0,"guid":"http:\/\/dev.claret.cat\/autor\/elizabeth-strout\/","menu_order":0,"post_type":"autor","post_mime_type":"","comment_count":"0","filter":"raw"}],"autor":"STROUT, ELIZABETH","codart":"841698781","libros-coleccion":"Mirmanda","ediciones":"1","encuadernacion":"R\u00fastica","fecha_de_publicacion":"01\/01\/2021","novedad":"1","paginas":"384","subtitulo":"","orden":"0","portada":"0","idioma":"cat"},"aioseo_notices":[],"_links":{"self":[{"href":"https:\/\/www.claret.cat\/es\/wp-json\/wp\/v2\/product\/97426","targetHints":{"allow":["GET"]}}],"collection":[{"href":"https:\/\/www.claret.cat\/es\/wp-json\/wp\/v2\/product"}],"about":[{"href":"https:\/\/www.claret.cat\/es\/wp-json\/wp\/v2\/types\/product"}],"wp:featuredmedia":[{"embeddable":true,"href":"https:\/\/www.claret.cat\/es\/wp-json\/wp\/v2\/media\/97427"}],"wp:attachment":[{"href":"https:\/\/www.claret.cat\/es\/wp-json\/wp\/v2\/media?parent=97426"}],"wp:term":[{"taxonomy":"product_brand","embeddable":true,"href":"https:\/\/www.claret.cat\/es\/wp-json\/wp\/v2\/product_brand?post=97426"},{"taxonomy":"product_cat","embeddable":true,"href":"https:\/\/www.claret.cat\/es\/wp-json\/wp\/v2\/product_cat?post=97426"},{"taxonomy":"product_tag","embeddable":true,"href":"https:\/\/www.claret.cat\/es\/wp-json\/wp\/v2\/product_tag?post=97426"}],"curies":[{"name":"wp","href":"https:\/\/api.w.org\/{rel}","templated":true}]}}