{"id":974294,"date":"2024-07-10T14:20:02","date_gmt":"2024-07-10T12:20:02","guid":{"rendered":"https:\/\/www.claret.cat\/llibre\/blablabla-9788419206107\/"},"modified":"2024-07-16T12:28:44","modified_gmt":"2024-07-16T10:28:44","slug":"blablabla-9788419206107","status":"publish","type":"product","link":"https:\/\/www.claret.cat\/es\/libro\/blablabla-9788419206107\/","title":{"rendered":"BLA-BLA-BLA"},"content":{"rendered":"<p>Greta Thunberg va acusar de \u00abbla-bla-bla\u00bb a governs i corporacions per les seves pol\u00edtiques davant l&#8217;emerg\u00e8ncia clim\u00e0tica. Exagerava o realment es tracta de gestos buits que nom\u00e9s serveixen per neutralizar la lluita ciutadana?<\/p>\n<p>Aquest llibre dona resposta a la pregunta, esmicolant els mites del capitalisme ecol\u00f2gic i del creixement sostenible junt amb altres mentides del greenwashing empresarial com la neutralitzaci\u00f3 d\u2019emissions o el zero-net. Pel cam\u00ed, dibuixa alternatives per pal\u00b7liar la crisi clim\u00e0tica i garantir el futur del nostre planeta abans que arribem a un punt de no retorn. Alternatives que, en tot cas, passen per refer les pol\u00edtiques migrat\u00f2ries, aix\u00ed com per la construcci\u00f3 d&#8217;una globalitat basada en la cooperaci\u00f3 solid\u00e0ria i el recolzament mutu. En definitiva, el salt d\u2019un m\u00f3n capitalista dominat pel creixement exponencial i l\u2019explotaci\u00f3 dels cossos i de la natura regit per l\u2019heteropatriarcat, a un altre basat en la just\u00edcia social.<\/p>\n","protected":false},"excerpt":{"rendered":"<p>PAJARES, MIGUEL<\/p>\n","protected":false},"featured_media":974320,"template":"","meta":{"_acf_changed":false,"om_disable_all_campaigns":false,"rs_blank_template":"","rs_page_bg_color":"","slide_template_v7":"","inline_featured_image":false,"_monsterinsights_skip_tracking":false,"_monsterinsights_sitenote_active":false,"_monsterinsights_sitenote_note":"","_monsterinsights_sitenote_category":0},"product_brand":[],"product_cat":[162,436],"product_tag":[],"class_list":{"0":"post-974294","1":"product","2":"type-product","3":"status-publish","4":"has-post-thumbnail","6":"product_cat-economica-i-politica","7":"product_cat-economica-y-politica","9":"first","10":"instock","11":"taxable","12":"shipping-taxable","13":"purchasable","14":"product-type-simple"},"acf":{"autor":"PAJARES, MIGUEL","codart":"841920610","libros-coleccion":"Ciclog\u00e8nesi","ediciones":"1","encuadernacion":"R\u00fastica","fecha_de_publicacion":"01\/07\/2024","novedad":"1","paginas":"225","subtitulo":"EL MITE DEL CAPITALISME ECOL\u00d2GIC","orden":"0","portada":"1","idioma":"cat","editorial":[{"ID":148726,"post_author":"3","post_date":"2022-10-14 12:00:30","post_date_gmt":"2022-10-14 10:00:30","post_content":"","post_title":"RAIG VERD, EDITORIAL","post_excerpt":"","post_status":"publish","comment_status":"closed","ping_status":"closed","post_password":"","post_name":"raig-verd-editorial","to_ping":"","pinged":"","post_modified":"2022-10-14 12:00:30","post_modified_gmt":"2022-10-14 10:00:30","post_content_filtered":"","post_parent":0,"guid":"http:\/\/dev.claret.cat\/editorial\/raig-verd-editorial\/","menu_order":0,"post_type":"editorial","post_mime_type":"","comment_count":"0","filter":"raw"}]},"aioseo_notices":[],"_links":{"self":[{"href":"https:\/\/www.claret.cat\/es\/wp-json\/wp\/v2\/product\/974294","targetHints":{"allow":["GET"]}}],"collection":[{"href":"https:\/\/www.claret.cat\/es\/wp-json\/wp\/v2\/product"}],"about":[{"href":"https:\/\/www.claret.cat\/es\/wp-json\/wp\/v2\/types\/product"}],"wp:featuredmedia":[{"embeddable":true,"href":"https:\/\/www.claret.cat\/es\/wp-json\/wp\/v2\/media\/974320"}],"wp:attachment":[{"href":"https:\/\/www.claret.cat\/es\/wp-json\/wp\/v2\/media?parent=974294"}],"wp:term":[{"taxonomy":"product_brand","embeddable":true,"href":"https:\/\/www.claret.cat\/es\/wp-json\/wp\/v2\/product_brand?post=974294"},{"taxonomy":"product_cat","embeddable":true,"href":"https:\/\/www.claret.cat\/es\/wp-json\/wp\/v2\/product_cat?post=974294"},{"taxonomy":"product_tag","embeddable":true,"href":"https:\/\/www.claret.cat\/es\/wp-json\/wp\/v2\/product_tag?post=974294"}],"curies":[{"name":"wp","href":"https:\/\/api.w.org\/{rel}","templated":true}]}}