{"id":974585,"date":"2024-07-12T11:05:18","date_gmt":"2024-07-12T09:05:18","guid":{"rendered":"https:\/\/www.claret.cat\/llibre\/el-amor-es-un-proceso-complicado-9788419638908\/"},"modified":"2026-02-23T11:11:08","modified_gmt":"2026-02-23T10:11:08","slug":"el-amor-es-un-proceso-complicado-9788419638908","status":"publish","type":"product","link":"https:\/\/www.claret.cat\/es\/libro\/el-amor-es-un-proceso-complicado-9788419638908\/","title":{"rendered":"EL AMOR ES UN PROCESO COMPLICADO"},"content":{"rendered":"<p>\u00bfCarrera exitosa o marido e hijos? \u00bfUna relaci\u00f3n duradera o un rollo sin compromiso? Cabeza en on, coraz\u00f3n en off. \u00bfO era al contrario?Descarada, inteligente y divertida: una\u00a0comedia rom\u00e1ntica STEM\u00a0sobre la imprevisibilidad del amor. Charlie. Inform\u00e1tica, veintinueve a\u00f1os, se impone sin problemas a la competencia masculina en la universidad, donde trabaja en su proyecto de doctorado: una asistente virtual feminista llamada Emily. Cuando su hermana menor anuncia que est\u00e1 comprometida, contra todo pron\u00f3stico, el mundo de Charlie se pone patas arriba: casarse, con petici\u00f3n de mano y anillo, es justo lo que ella tambi\u00e9n desea. Entonces aparece Nate, un hombre muy atractivo de ojos azules\u2026 y el jefe de su novio.\u00a0\u00bfPOR QU\u00c9 LEER EL AMOR ES UN PROCESO COMPLICADO?Las lectoras se ver\u00e1n representados en su protagonista, Charlie, que cree tenerlo todo controlado.Charlie es brillante en lo acad\u00e9mico, pero un desastre en el amor y las relaciones personales.Una rom-com STEM en el mundo de la ciencia y tecnolog\u00eda, ideal para fans de Ali Hazelwood.Una trama fresca e inteligente que entrelaza romance e IA con un toque feminista.<\/p>\n","protected":false},"excerpt":{"rendered":"<p>SOMMER, MARILENA<\/p>\n","protected":false},"featured_media":1085441,"template":"","meta":{"_acf_changed":false,"om_disable_all_campaigns":false,"rs_blank_template":"","rs_page_bg_color":"","slide_template_v7":"","inline_featured_image":false,"_monsterinsights_skip_tracking":false,"_monsterinsights_sitenote_active":false,"_monsterinsights_sitenote_note":"","_monsterinsights_sitenote_category":0},"product_brand":[],"product_cat":[127,357],"product_tag":[],"class_list":{"0":"post-974585","1":"product","2":"type-product","3":"status-publish","4":"has-post-thumbnail","6":"product_cat-novella-contemporania","7":"product_cat-novela-contemporanea","9":"first","10":"outofstock","11":"taxable","12":"shipping-taxable","13":"purchasable","14":"product-type-simple"},"acf":{"autor":"SOMMER, MARILENA","codart":"841963890","libros-coleccion":"GRANDES NOVELAS","ediciones":"1","encuadernacion":"R\u00fastica","fecha_de_publicacion":"01\/06\/2024","novedad":"0","paginas":"246","subtitulo":"","orden":"0","portada":"0","idioma":"spa","editorial":[{"ID":6297,"post_author":"3","post_date":"2022-07-28 17:49:10","post_date_gmt":"2022-07-28 15:49:10","post_content":"","post_title":"Maeva Ediciones","post_excerpt":"","post_status":"publish","comment_status":"closed","ping_status":"closed","post_password":"","post_name":"maeva-ediciones","to_ping":"","pinged":"","post_modified":"2022-07-28 17:49:10","post_modified_gmt":"2022-07-28 15:49:10","post_content_filtered":"","post_parent":0,"guid":"http:\/\/dev.claret.cat\/editorial\/maeva-ediciones\/","menu_order":0,"post_type":"editorial","post_mime_type":"","comment_count":"0","filter":"raw"}],"booktrailer":"","resenas":""},"aioseo_notices":[],"_links":{"self":[{"href":"https:\/\/www.claret.cat\/es\/wp-json\/wp\/v2\/product\/974585","targetHints":{"allow":["GET"]}}],"collection":[{"href":"https:\/\/www.claret.cat\/es\/wp-json\/wp\/v2\/product"}],"about":[{"href":"https:\/\/www.claret.cat\/es\/wp-json\/wp\/v2\/types\/product"}],"wp:featuredmedia":[{"embeddable":true,"href":"https:\/\/www.claret.cat\/es\/wp-json\/wp\/v2\/media\/1085441"}],"wp:attachment":[{"href":"https:\/\/www.claret.cat\/es\/wp-json\/wp\/v2\/media?parent=974585"}],"wp:term":[{"taxonomy":"product_brand","embeddable":true,"href":"https:\/\/www.claret.cat\/es\/wp-json\/wp\/v2\/product_brand?post=974585"},{"taxonomy":"product_cat","embeddable":true,"href":"https:\/\/www.claret.cat\/es\/wp-json\/wp\/v2\/product_cat?post=974585"},{"taxonomy":"product_tag","embeddable":true,"href":"https:\/\/www.claret.cat\/es\/wp-json\/wp\/v2\/product_tag?post=974585"}],"curies":[{"name":"wp","href":"https:\/\/api.w.org\/{rel}","templated":true}]}}