{"id":974635,"date":"2024-07-12T11:37:30","date_gmt":"2024-07-12T09:37:30","guid":{"rendered":"https:\/\/www.claret.cat\/llibre\/suma-teologica-9788422014324\/"},"modified":"2024-07-12T12:11:58","modified_gmt":"2024-07-12T10:11:58","slug":"suma-teologica-9788422014324","status":"publish","type":"product","link":"https:\/\/www.claret.cat\/es\/libro\/suma-teologica-9788422014324\/","title":{"rendered":"SUMA TEOL\u00d3GICA"},"content":{"rendered":"<p>Obra cumbre de su doctrina teol\u00f3gica, santo Tom\u00e1s la redact\u00f3 a lo largo de su intensa vida docente (1266-1273), y que no pudo concluir por alcanzarle la muerte a la temprana edad de cuarenta y nueve a\u00f1os.<\/p>\n","protected":false},"excerpt":{"rendered":"<p>SANTO TOM\u00c1S DE AQUINO<\/p>\n","protected":false},"featured_media":974694,"template":"","meta":{"_acf_changed":false,"om_disable_all_campaigns":false,"rs_blank_template":"","rs_page_bg_color":"","slide_template_v7":"","inline_featured_image":false,"_monsterinsights_skip_tracking":false,"_monsterinsights_sitenote_active":false,"_monsterinsights_sitenote_note":"","_monsterinsights_sitenote_category":0},"product_brand":[],"product_cat":[280,510],"product_tag":[],"class_list":{"0":"post-974635","1":"product","2":"type-product","3":"status-publish","4":"has-post-thumbnail","6":"product_cat-patrologia","7":"product_cat-patrologia-teologia-1_espiritualidad","9":"first","10":"outofstock","11":"taxable","12":"shipping-taxable","13":"purchasable","14":"product-type-simple"},"acf":{"autor":"SANTO TOM\u00c1S DE AQUINO","codart":"842201432","libros-coleccion":"NORMAL","ediciones":"1","encuadernacion":"Carton\u00e9","fecha_de_publicacion":"01\/02\/2010","novedad":"0","paginas":"976","subtitulo":"","orden":"0","portada":"0","idioma":"spa","editorial":[{"ID":6142,"post_author":"3","post_date":"2022-07-28 17:45:47","post_date_gmt":"2022-07-28 15:45:47","post_content":"","post_title":"BIBLIOTECA AUTORES CRI   B.A.C","post_excerpt":"","post_status":"publish","comment_status":"closed","ping_status":"closed","post_password":"","post_name":"biblioteca-autores-cri-b-a-c","to_ping":"","pinged":"","post_modified":"2022-07-28 17:45:47","post_modified_gmt":"2022-07-28 15:45:47","post_content_filtered":"","post_parent":0,"guid":"http:\/\/dev.claret.cat\/editorial\/biblioteca-autores-cri-b-a-c\/","menu_order":0,"post_type":"editorial","post_mime_type":"","comment_count":"0","filter":"raw"}]},"aioseo_notices":[],"_links":{"self":[{"href":"https:\/\/www.claret.cat\/es\/wp-json\/wp\/v2\/product\/974635","targetHints":{"allow":["GET"]}}],"collection":[{"href":"https:\/\/www.claret.cat\/es\/wp-json\/wp\/v2\/product"}],"about":[{"href":"https:\/\/www.claret.cat\/es\/wp-json\/wp\/v2\/types\/product"}],"wp:featuredmedia":[{"embeddable":true,"href":"https:\/\/www.claret.cat\/es\/wp-json\/wp\/v2\/media\/974694"}],"wp:attachment":[{"href":"https:\/\/www.claret.cat\/es\/wp-json\/wp\/v2\/media?parent=974635"}],"wp:term":[{"taxonomy":"product_brand","embeddable":true,"href":"https:\/\/www.claret.cat\/es\/wp-json\/wp\/v2\/product_brand?post=974635"},{"taxonomy":"product_cat","embeddable":true,"href":"https:\/\/www.claret.cat\/es\/wp-json\/wp\/v2\/product_cat?post=974635"},{"taxonomy":"product_tag","embeddable":true,"href":"https:\/\/www.claret.cat\/es\/wp-json\/wp\/v2\/product_tag?post=974635"}],"curies":[{"name":"wp","href":"https:\/\/api.w.org\/{rel}","templated":true}]}}