{"id":974638,"date":"2024-07-12T11:38:02","date_gmt":"2024-07-12T09:38:02","guid":{"rendered":"https:\/\/www.claret.cat\/llibre\/suma-teologica-iitratado-de-la-santisima-trinidad-tratado-de-los-angeles-tratado-de-la-creaci-spa-9788422014423\/"},"modified":"2025-07-24T11:05:33","modified_gmt":"2025-07-24T09:05:33","slug":"suma-teologica-iitratado-de-la-santisima-trinidad-tratado-de-los-angeles-tratado-de-la-creaci-spa-9788422014423","status":"publish","type":"product","link":"https:\/\/www.claret.cat\/es\/libro\/suma-teologica-iitratado-de-la-santisima-trinidad-tratado-de-los-angeles-tratado-de-la-creaci-spa-9788422014423\/","title":{"rendered":"SUMA TEOLOGICA II-TRATADO DE LA SANT\u00cdSIMA TRINIDAD ; TRATADO DE LOS \u00c1NGELES ; TRATADO DE LA CREACI (SPA)"},"content":{"rendered":"<p>Texto latino de la edici\u00f3n cr\u00edtica leonina, traducci\u00f3n y anotaciones por una comisi\u00f3n de PP. Dominicos presidida por Francisco Barbado Viejo. Volumen segundo en texto biling\u00fce (de los diecis\u00e9is de que consta) de la nueva edici\u00f3n en la serie BAC Thesaurus de la Suma teol\u00f3gica de santo Tom\u00e1s de Aquino. Reimpresi\u00f3n de la tercera edici\u00f3n de 1959. Obra cumbre de su doctrina teol\u00f3gica, santo Tom\u00e1s la redact\u00f3 a lo largo de su intensa vida docente (1266-1273), y que no pudo concluir por alcanzarle la muerte a la temprana edad de cuarenta y nueve a\u00f1os. Este segundo volumen comprende cuatro tratados: \u00abDe la Sant\u00edsima Trinidad\u00bb, \u00abDe los \u00e1ngeles\u00bb, traducidos por Raimundo Su\u00e1rez, OP, con introducciones de Manuel Cuervo, OP y Aureliano Mart\u00ednez, respectivamente; \u00abDe la creaci\u00f3n en general\u00bb, traducci\u00f3n e introducciones de Jes\u00fas Valbuena, OP; \u00abDe la creaci\u00f3n corp\u00f3rea\u00bb, traducci\u00f3n e introducciones de Alberto Colunga, OP.<\/p>\n","protected":false},"excerpt":{"rendered":"<p>SANTO TOM\u00c1S DE AQUINO<\/p>\n","protected":false},"featured_media":1019586,"template":"","meta":{"_acf_changed":false,"om_disable_all_campaigns":false,"rs_blank_template":"","rs_page_bg_color":"","slide_template_v7":"","inline_featured_image":false,"_monsterinsights_skip_tracking":false,"_monsterinsights_sitenote_active":false,"_monsterinsights_sitenote_note":"","_monsterinsights_sitenote_category":0},"product_brand":[],"product_cat":[76,342],"product_tag":[],"class_list":{"0":"post-974638","1":"product","2":"type-product","3":"status-publish","4":"has-post-thumbnail","6":"product_cat-teologia","7":"product_cat-teologia-1_espiritualidad","9":"first","10":"instock","11":"taxable","12":"shipping-taxable","13":"purchasable","14":"product-type-simple"},"acf":{"autor":"SANTO TOM\u00c1S DE AQUINO","codart":"842201442","libros-coleccion":"FORA DE COL.LECCI\u00d3","ediciones":"1","encuadernacion":"[EditValue is null]","fecha_de_publicacion":"01\/02\/2010","novedad":"0","paginas":"1136","subtitulo":"","orden":"999","portada":"0","idioma":"spa","editorial":[{"ID":147509,"post_author":"3","post_date":"2022-10-14 11:51:07","post_date_gmt":"2022-10-14 09:51:07","post_content":"","post_title":"B.A.C.","post_excerpt":"","post_status":"publish","comment_status":"closed","ping_status":"closed","post_password":"","post_name":"b-a-c","to_ping":"","pinged":"","post_modified":"2022-10-14 11:51:07","post_modified_gmt":"2022-10-14 09:51:07","post_content_filtered":"","post_parent":0,"guid":"http:\/\/dev.claret.cat\/editorial\/b-a-c\/","menu_order":0,"post_type":"editorial","post_mime_type":"","comment_count":"0","filter":"raw"}],"autores-libros":[{"ID":169077,"post_author":"3","post_date":"2022-10-14 22:24:17","post_date_gmt":"2022-10-14 20:24:17","post_content":"","post_title":"SANTO TOM\u00c1S DE AQUINO","post_excerpt":"","post_status":"publish","comment_status":"closed","ping_status":"closed","post_password":"","post_name":"santo-tomas-de-aquino-2","to_ping":"","pinged":"","post_modified":"2022-10-14 22:24:17","post_modified_gmt":"2022-10-14 20:24:17","post_content_filtered":"","post_parent":0,"guid":"http:\/\/dev.claret.cat\/autor\/santo-tomas-de-aquino-2\/","menu_order":0,"post_type":"autor","post_mime_type":"","comment_count":"0","filter":"raw"}],"booktrailer":"","resenas":""},"aioseo_notices":[],"_links":{"self":[{"href":"https:\/\/www.claret.cat\/es\/wp-json\/wp\/v2\/product\/974638","targetHints":{"allow":["GET"]}}],"collection":[{"href":"https:\/\/www.claret.cat\/es\/wp-json\/wp\/v2\/product"}],"about":[{"href":"https:\/\/www.claret.cat\/es\/wp-json\/wp\/v2\/types\/product"}],"wp:featuredmedia":[{"embeddable":true,"href":"https:\/\/www.claret.cat\/es\/wp-json\/wp\/v2\/media\/1019586"}],"wp:attachment":[{"href":"https:\/\/www.claret.cat\/es\/wp-json\/wp\/v2\/media?parent=974638"}],"wp:term":[{"taxonomy":"product_brand","embeddable":true,"href":"https:\/\/www.claret.cat\/es\/wp-json\/wp\/v2\/product_brand?post=974638"},{"taxonomy":"product_cat","embeddable":true,"href":"https:\/\/www.claret.cat\/es\/wp-json\/wp\/v2\/product_cat?post=974638"},{"taxonomy":"product_tag","embeddable":true,"href":"https:\/\/www.claret.cat\/es\/wp-json\/wp\/v2\/product_tag?post=974638"}],"curies":[{"name":"wp","href":"https:\/\/api.w.org\/{rel}","templated":true}]}}