{"id":974641,"date":"2024-07-12T11:38:17","date_gmt":"2024-07-12T09:38:17","guid":{"rendered":"https:\/\/www.claret.cat\/llibre\/suma-teologica-iii-1-q75119-tratado-del-hombre-tratado-del-gobierno-del-9788422015468\/"},"modified":"2025-07-24T11:05:45","modified_gmt":"2025-07-24T09:05:45","slug":"suma-teologica-iii-1-q75119-tratado-del-hombre-tratado-del-gobierno-del-9788422015468","status":"publish","type":"product","link":"https:\/\/www.claret.cat\/es\/libro\/suma-teologica-iii-1-q75119-tratado-del-hombre-tratado-del-gobierno-del-9788422015468\/","title":{"rendered":"SUMA TEOL\u00d3GICA. III (1 Q.75-119): TRATADO DEL HOMBRE ; TRATADO  DEL GOBIERNO DEL"},"content":{"rendered":"<p>Texto latino de la edici\u00f3n cr\u00edtica leonina, traducci\u00f3n y anotaciones por una comisi\u00f3n de PP. Dominicos presidida por Francisco Barbado Viejo. Volumen tercero en texto biling\u00fce (de los diecis\u00e9is de que consta) de la nueva edici\u00f3n en la serie BAC Thesaurus de la Suma teol\u00f3gica de santo Tom\u00e1s de Aquino. Reimpresi\u00f3n de la tercera edici\u00f3n de 1959. Obra cumbre de su doctrina teol\u00f3gica, santo Tom\u00e1s la redact\u00f3 a lo largo de su intensa vida docente (1266-1273), y que no pudo concluir por alcanzarle la muerte a la temprana edad de cuarenta y nueve a\u00f1os.   Este tercer volumen comprende dos tratados: \u00abTratado del hombre\u00bb, versi\u00f3n e introducciones de Manuel \u00dabeda Purkiss, OP, con la colaboraci\u00f3n de Armando Gonz\u00e1lez, OP y Fernando Soria, OP en las cuestiones 75-89 e introducciones de Manuel Cuervo, OP a las cuestiiones 90-102; \u00abTratado del gobierno del mundo\u00bb, versi\u00f3n e introducciones de Jes\u00fas Valbuena, OP.<\/p>\n","protected":false},"excerpt":{"rendered":"<p>SANTO TOM\u00c1S DE AQUINO<\/p>\n","protected":false},"featured_media":1019588,"template":"","meta":{"_acf_changed":false,"om_disable_all_campaigns":false,"rs_blank_template":"","rs_page_bg_color":"","slide_template_v7":"","inline_featured_image":false,"_monsterinsights_skip_tracking":false,"_monsterinsights_sitenote_active":false,"_monsterinsights_sitenote_note":"","_monsterinsights_sitenote_category":0},"product_brand":[],"product_cat":[543,93,76,342],"product_tag":[],"class_list":{"0":"post-974641","1":"product","2":"type-product","3":"status-publish","4":"has-post-thumbnail","6":"product_cat-eclesiologia-es","7":"product_cat-eclesiologia","8":"product_cat-teologia","9":"product_cat-teologia-1_espiritualidad","11":"first","12":"instock","13":"taxable","14":"shipping-taxable","15":"purchasable","16":"product-type-simple"},"acf":{"autor":"SANTO TOM\u00c1S DE AQUINO","codart":"842201546","libros-coleccion":"FORA DE COL.LECCI\u00d3","ediciones":"1","encuadernacion":"[EditValue is null]","fecha_de_publicacion":"01\/10\/2011","novedad":"0","paginas":"1208","subtitulo":"TRATADO DEL HOMBRE, TRATADO DEL GOBIERNO DEL MUNDO","orden":"999","portada":"0","idioma":"spa","editorial":[{"ID":6143,"post_author":"3","post_date":"2022-07-28 17:45:48","post_date_gmt":"2022-07-28 15:45:48","post_content":"","post_title":"BIBLIOTECA AUTORES CRISTIANOS","post_excerpt":"","post_status":"publish","comment_status":"closed","ping_status":"closed","post_password":"","post_name":"biblioteca-autores-cristianos","to_ping":"","pinged":"","post_modified":"2022-07-28 17:45:48","post_modified_gmt":"2022-07-28 15:45:48","post_content_filtered":"","post_parent":0,"guid":"http:\/\/dev.claret.cat\/editorial\/biblioteca-autores-cristianos\/","menu_order":0,"post_type":"editorial","post_mime_type":"","comment_count":"0","filter":"raw"}],"autores-libros":[{"ID":169077,"post_author":"3","post_date":"2022-10-14 22:24:17","post_date_gmt":"2022-10-14 20:24:17","post_content":"","post_title":"SANTO TOM\u00c1S DE AQUINO","post_excerpt":"","post_status":"publish","comment_status":"closed","ping_status":"closed","post_password":"","post_name":"santo-tomas-de-aquino-2","to_ping":"","pinged":"","post_modified":"2022-10-14 22:24:17","post_modified_gmt":"2022-10-14 20:24:17","post_content_filtered":"","post_parent":0,"guid":"http:\/\/dev.claret.cat\/autor\/santo-tomas-de-aquino-2\/","menu_order":0,"post_type":"autor","post_mime_type":"","comment_count":"0","filter":"raw"}],"booktrailer":"","resenas":""},"aioseo_notices":[],"_links":{"self":[{"href":"https:\/\/www.claret.cat\/es\/wp-json\/wp\/v2\/product\/974641","targetHints":{"allow":["GET"]}}],"collection":[{"href":"https:\/\/www.claret.cat\/es\/wp-json\/wp\/v2\/product"}],"about":[{"href":"https:\/\/www.claret.cat\/es\/wp-json\/wp\/v2\/types\/product"}],"wp:featuredmedia":[{"embeddable":true,"href":"https:\/\/www.claret.cat\/es\/wp-json\/wp\/v2\/media\/1019588"}],"wp:attachment":[{"href":"https:\/\/www.claret.cat\/es\/wp-json\/wp\/v2\/media?parent=974641"}],"wp:term":[{"taxonomy":"product_brand","embeddable":true,"href":"https:\/\/www.claret.cat\/es\/wp-json\/wp\/v2\/product_brand?post=974641"},{"taxonomy":"product_cat","embeddable":true,"href":"https:\/\/www.claret.cat\/es\/wp-json\/wp\/v2\/product_cat?post=974641"},{"taxonomy":"product_tag","embeddable":true,"href":"https:\/\/www.claret.cat\/es\/wp-json\/wp\/v2\/product_tag?post=974641"}],"curies":[{"name":"wp","href":"https:\/\/api.w.org\/{rel}","templated":true}]}}