{"id":974653,"date":"2024-07-12T11:46:48","date_gmt":"2024-07-12T09:46:48","guid":{"rendered":"https:\/\/www.claret.cat\/llibre\/suma-teologica-vii-9788422017042\/"},"modified":"2025-07-24T11:06:50","modified_gmt":"2025-07-24T09:06:50","slug":"suma-teologica-vii-9788422017042","status":"publish","type":"product","link":"https:\/\/www.claret.cat\/es\/libro\/suma-teologica-vii-9788422017042\/","title":{"rendered":"SUMA TEOLOGICA VII"},"content":{"rendered":"<p>Edici\u00f3n biling\u00fce con el texto latino de la edici\u00f3n cr\u00edtica leonina. Reimpresi\u00f3n de la edici\u00f3n de 1959.<br \/>Traducci\u00f3n y anotaciones por una comisi\u00f3n de PP. Dominicos presidida por Francisco Barbado Viejo.<br \/>Este s\u00e9ptimo volumen comprende tres tratados: Tratado sobre la fe y Tratado sobre la esperanza, intr. Te\u00f3filo Urdanoz, OP; Tratado sobre la caridad, intr. Marcelino Llamera, OP; versi\u00f3n de los tres tratados bajo la direcci\u00f3n de Te\u00f3filo Urdanoz, OP.<\/p>\n","protected":false},"excerpt":{"rendered":"<p>SANTO TOMAS DE AQUINO<\/p>\n","protected":false},"featured_media":974654,"template":"","meta":{"_acf_changed":false,"om_disable_all_campaigns":false,"rs_blank_template":"","rs_page_bg_color":"","slide_template_v7":"","inline_featured_image":false,"_monsterinsights_skip_tracking":false,"_monsterinsights_sitenote_active":false,"_monsterinsights_sitenote_note":"","_monsterinsights_sitenote_category":0},"product_brand":[],"product_cat":[275,413],"product_tag":[],"class_list":{"0":"post-974653","1":"product","2":"type-product","3":"status-publish","4":"has-post-thumbnail","6":"product_cat-fonamental","7":"product_cat-fundamental","9":"first","10":"instock","11":"taxable","12":"shipping-taxable","13":"purchasable","14":"product-type-simple"},"acf":{"autor":"SANTO TOMAS DE AQUINO","codart":"842201704","libros-coleccion":"FORA DE COL.LECCI\u00d3","ediciones":"1","encuadernacion":"[Vac\u00edo]","fecha_de_publicacion":"01\/03\/2014","novedad":"0","paginas":"1180","subtitulo":"TRRATADO SOBRE LA FE, TRATADO SOBRE LA ESPERANZA, TRATADO SOBRE LA CARIDAD","orden":"999","portada":"0","idioma":"spa","editorial":[{"ID":147509,"post_author":"3","post_date":"2022-10-14 11:51:07","post_date_gmt":"2022-10-14 09:51:07","post_content":"","post_title":"B.A.C.","post_excerpt":"","post_status":"publish","comment_status":"closed","ping_status":"closed","post_password":"","post_name":"b-a-c","to_ping":"","pinged":"","post_modified":"2022-10-14 11:51:07","post_modified_gmt":"2022-10-14 09:51:07","post_content_filtered":"","post_parent":0,"guid":"http:\/\/dev.claret.cat\/editorial\/b-a-c\/","menu_order":0,"post_type":"editorial","post_mime_type":"","comment_count":"0","filter":"raw"}],"autores-libros":[{"ID":169077,"post_author":"3","post_date":"2022-10-14 22:24:17","post_date_gmt":"2022-10-14 20:24:17","post_content":"","post_title":"SANTO TOM\u00c1S DE AQUINO","post_excerpt":"","post_status":"publish","comment_status":"closed","ping_status":"closed","post_password":"","post_name":"santo-tomas-de-aquino-2","to_ping":"","pinged":"","post_modified":"2022-10-14 22:24:17","post_modified_gmt":"2022-10-14 20:24:17","post_content_filtered":"","post_parent":0,"guid":"http:\/\/dev.claret.cat\/autor\/santo-tomas-de-aquino-2\/","menu_order":0,"post_type":"autor","post_mime_type":"","comment_count":"0","filter":"raw"}],"booktrailer":"","resenas":""},"aioseo_notices":[],"_links":{"self":[{"href":"https:\/\/www.claret.cat\/es\/wp-json\/wp\/v2\/product\/974653","targetHints":{"allow":["GET"]}}],"collection":[{"href":"https:\/\/www.claret.cat\/es\/wp-json\/wp\/v2\/product"}],"about":[{"href":"https:\/\/www.claret.cat\/es\/wp-json\/wp\/v2\/types\/product"}],"wp:featuredmedia":[{"embeddable":true,"href":"https:\/\/www.claret.cat\/es\/wp-json\/wp\/v2\/media\/974654"}],"wp:attachment":[{"href":"https:\/\/www.claret.cat\/es\/wp-json\/wp\/v2\/media?parent=974653"}],"wp:term":[{"taxonomy":"product_brand","embeddable":true,"href":"https:\/\/www.claret.cat\/es\/wp-json\/wp\/v2\/product_brand?post=974653"},{"taxonomy":"product_cat","embeddable":true,"href":"https:\/\/www.claret.cat\/es\/wp-json\/wp\/v2\/product_cat?post=974653"},{"taxonomy":"product_tag","embeddable":true,"href":"https:\/\/www.claret.cat\/es\/wp-json\/wp\/v2\/product_tag?post=974653"}],"curies":[{"name":"wp","href":"https:\/\/api.w.org\/{rel}","templated":true}]}}