{"id":974656,"date":"2024-07-12T11:47:14","date_gmt":"2024-07-12T09:47:14","guid":{"rendered":"https:\/\/www.claret.cat\/llibre\/suma-teologica-viii-22-q-4779-tratado-de-la-prudencia-tratado-de-la-just-spa-9788422017653\/"},"modified":"2025-09-09T11:25:14","modified_gmt":"2025-09-09T09:25:14","slug":"suma-teologica-viii-22-q-4779-tratado-de-la-prudencia-tratado-de-la-just-spa-9788422017653","status":"publish","type":"product","link":"https:\/\/www.claret.cat\/es\/libro\/suma-teologica-viii-22-q-4779-tratado-de-la-prudencia-tratado-de-la-just-spa-9788422017653\/","title":{"rendered":"SUMA TEOL\u00d3GICA. VIII: 2-2 Q. 47-79: TRATADO DE LA PRUDENCIA ; TRATADO DE LA JUST (SPA)"},"content":{"rendered":"<p>Texto latino de la edici\u00f3n cr\u00edtica leonina, traducci\u00f3n y anotaciones por una comisi\u00f3n de PP. Dominicos presidida por Francisco Barbado Viejo. Obra cumbre de su doctrina teol\u00f3gica, santo Tom\u00e1s la redact\u00f3 a lo largo de su intensa vida docente (1266-1273), y que no pudo concluir por alcanzarle la muerte a la temprana edad de cuarenta y nueve a\u00f1os. Este octavo volumen comprende dos tratados: &#8216;Tratado de la prudencia&#8217;; &#8216;Tratado de la justicia&#8217;.<\/p>\n","protected":false},"excerpt":{"rendered":"<p>SANTO TOM\u00c1S DE AQUINO<\/p>\n","protected":false},"featured_media":974657,"template":"","meta":{"_acf_changed":false,"om_disable_all_campaigns":false,"rs_blank_template":"","rs_page_bg_color":"","slide_template_v7":"","inline_featured_image":false,"_monsterinsights_skip_tracking":false,"_monsterinsights_sitenote_active":false,"_monsterinsights_sitenote_note":"","_monsterinsights_sitenote_category":0},"product_brand":[],"product_cat":[275,413],"product_tag":[],"class_list":{"0":"post-974656","1":"product","2":"type-product","3":"status-publish","4":"has-post-thumbnail","6":"product_cat-fonamental","7":"product_cat-fundamental","9":"first","10":"instock","11":"taxable","12":"shipping-taxable","13":"purchasable","14":"product-type-simple"},"acf":{"autor":"SANTO TOM\u00c1S DE AQUINO","codart":"842201765","libros-coleccion":"FORA DE COL.LECCI\u00d3","ediciones":"1","encuadernacion":"Carton\u00e9","fecha_de_publicacion":"01\/10\/2014","novedad":"0","paginas":"779","subtitulo":"","orden":"999","portada":"0","idioma":"spa","editorial":[{"ID":6139,"post_author":"3","post_date":"2022-07-28 17:45:43","post_date_gmt":"2022-07-28 15:45:43","post_content":"","post_title":"BAC","post_excerpt":"","post_status":"publish","comment_status":"closed","ping_status":"closed","post_password":"","post_name":"bac","to_ping":"","pinged":"","post_modified":"2022-07-28 17:45:43","post_modified_gmt":"2022-07-28 15:45:43","post_content_filtered":"","post_parent":0,"guid":"http:\/\/dev.claret.cat\/editorial\/bac\/","menu_order":0,"post_type":"editorial","post_mime_type":"","comment_count":"0","filter":"raw"}],"autores-libros":[{"ID":169077,"post_author":"3","post_date":"2022-10-14 22:24:17","post_date_gmt":"2022-10-14 20:24:17","post_content":"","post_title":"SANTO TOM\u00c1S DE AQUINO","post_excerpt":"","post_status":"publish","comment_status":"closed","ping_status":"closed","post_password":"","post_name":"santo-tomas-de-aquino-2","to_ping":"","pinged":"","post_modified":"2022-10-14 22:24:17","post_modified_gmt":"2022-10-14 20:24:17","post_content_filtered":"","post_parent":0,"guid":"http:\/\/dev.claret.cat\/autor\/santo-tomas-de-aquino-2\/","menu_order":0,"post_type":"autor","post_mime_type":"","comment_count":"0","filter":"raw"}],"booktrailer":"","resenas":""},"aioseo_notices":[],"_links":{"self":[{"href":"https:\/\/www.claret.cat\/es\/wp-json\/wp\/v2\/product\/974656","targetHints":{"allow":["GET"]}}],"collection":[{"href":"https:\/\/www.claret.cat\/es\/wp-json\/wp\/v2\/product"}],"about":[{"href":"https:\/\/www.claret.cat\/es\/wp-json\/wp\/v2\/types\/product"}],"wp:featuredmedia":[{"embeddable":true,"href":"https:\/\/www.claret.cat\/es\/wp-json\/wp\/v2\/media\/974657"}],"wp:attachment":[{"href":"https:\/\/www.claret.cat\/es\/wp-json\/wp\/v2\/media?parent=974656"}],"wp:term":[{"taxonomy":"product_brand","embeddable":true,"href":"https:\/\/www.claret.cat\/es\/wp-json\/wp\/v2\/product_brand?post=974656"},{"taxonomy":"product_cat","embeddable":true,"href":"https:\/\/www.claret.cat\/es\/wp-json\/wp\/v2\/product_cat?post=974656"},{"taxonomy":"product_tag","embeddable":true,"href":"https:\/\/www.claret.cat\/es\/wp-json\/wp\/v2\/product_tag?post=974656"}],"curies":[{"name":"wp","href":"https:\/\/api.w.org\/{rel}","templated":true}]}}