{"id":974663,"date":"2024-07-12T11:48:53","date_gmt":"2024-07-12T09:48:53","guid":{"rendered":"https:\/\/www.claret.cat\/llibre\/suma-teologica-xedicion-bilingue-9788422019213\/"},"modified":"2026-01-28T13:43:04","modified_gmt":"2026-01-28T12:43:04","slug":"suma-teologica-xedicion-bilingue-9788422019213","status":"publish","type":"product","link":"https:\/\/www.claret.cat\/es\/libro\/suma-teologica-xedicion-bilingue-9788422019213\/","title":{"rendered":"SUMA TEOLOGICA X.EDICION BILINGUE"},"content":{"rendered":"<p>Volumen primero en texto biling\u00fce (de los diecis\u00e9is de que consta) de la nueva edici\u00f3n en la serie BAC Thesaurus de la Suma teol\u00f3gica de santo Tom\u00e1s de Aquino. Reimpresi\u00f3n de la tercera edici\u00f3n de 1964. Obra cumbre de su doctrina teol\u00f3gica, santo Tom\u00e1s la redact\u00f3 a lo largo de su intensa vida docente (1266-1273), y que no pudo concluir por alcanzarle la muerte a la temprana edad de cuarenta y nueve a\u00f1os. Este primer volumen comprende una extensa Introducci\u00f3n general, de Santiago Ram\u00edrez, OP; el Tratado \u00abDe Dios uno\u00bb (1 q.1-26), traducido por Raimundo Su\u00e1rez, OP, con introducciones particulares, anotaciones y ap\u00e9ndices de Francisco Mu\u00f1iz, OP; y dos amplios Ap\u00e9ndices de notas explicativas y la exposici\u00f3n de la doctrina tomista sobre distintas cuestiones.<\/p>\n","protected":false},"excerpt":{"rendered":"<p>SANTO TOMAS DE AQUINO<\/p>\n","protected":false},"featured_media":974664,"template":"","meta":{"_acf_changed":false,"om_disable_all_campaigns":false,"rs_blank_template":"","rs_page_bg_color":"","slide_template_v7":"","inline_featured_image":false,"_monsterinsights_skip_tracking":false,"_monsterinsights_sitenote_active":false,"_monsterinsights_sitenote_note":"","_monsterinsights_sitenote_category":0},"product_brand":[],"product_cat":[275,413,344,78],"product_tag":[],"class_list":{"0":"post-974663","1":"product","2":"type-product","3":"status-publish","4":"has-post-thumbnail","6":"product_cat-fonamental","7":"product_cat-fundamental","8":"product_cat-pastoral-1_espiritualidad","9":"product_cat-pastoral","11":"first","12":"instock","13":"taxable","14":"shipping-taxable","15":"purchasable","16":"product-type-simple"},"acf":{"autor":"SANTO TOMAS DE AQUINO","codart":"842201921","libros-coleccion":"","ediciones":"1","encuadernacion":"Carpeta","fecha_de_publicacion":"28\/01\/2026","novedad":"0","paginas":"887","subtitulo":"","orden":"999","portada":"0","idioma":"spa","editorial":[{"ID":261894,"post_author":"3","post_date":"2022-10-24 11:17:14","post_date_gmt":"2022-10-24 09:17:14","post_content":"","post_title":"CATOLICA EDITORIAL","post_excerpt":"","post_status":"publish","comment_status":"closed","ping_status":"closed","post_password":"","post_name":"catolica-editorial","to_ping":"","pinged":"","post_modified":"2022-10-24 11:17:14","post_modified_gmt":"2022-10-24 09:17:14","post_content_filtered":"","post_parent":0,"guid":"http:\/\/dev.claret.cat\/editorial\/catolica-editorial\/","menu_order":0,"post_type":"editorial","post_mime_type":"","comment_count":"0","filter":"raw"}],"autores-libros":[{"ID":169077,"post_author":"3","post_date":"2022-10-14 22:24:17","post_date_gmt":"2022-10-14 20:24:17","post_content":"","post_title":"SANTO TOM\u00c1S DE AQUINO","post_excerpt":"","post_status":"publish","comment_status":"closed","ping_status":"closed","post_password":"","post_name":"santo-tomas-de-aquino-2","to_ping":"","pinged":"","post_modified":"2022-10-14 22:24:17","post_modified_gmt":"2022-10-14 20:24:17","post_content_filtered":"","post_parent":0,"guid":"http:\/\/dev.claret.cat\/autor\/santo-tomas-de-aquino-2\/","menu_order":0,"post_type":"autor","post_mime_type":"","comment_count":"0","filter":"raw"}],"booktrailer":"","resenas":""},"aioseo_notices":[],"_links":{"self":[{"href":"https:\/\/www.claret.cat\/es\/wp-json\/wp\/v2\/product\/974663","targetHints":{"allow":["GET"]}}],"collection":[{"href":"https:\/\/www.claret.cat\/es\/wp-json\/wp\/v2\/product"}],"about":[{"href":"https:\/\/www.claret.cat\/es\/wp-json\/wp\/v2\/types\/product"}],"wp:featuredmedia":[{"embeddable":true,"href":"https:\/\/www.claret.cat\/es\/wp-json\/wp\/v2\/media\/974664"}],"wp:attachment":[{"href":"https:\/\/www.claret.cat\/es\/wp-json\/wp\/v2\/media?parent=974663"}],"wp:term":[{"taxonomy":"product_brand","embeddable":true,"href":"https:\/\/www.claret.cat\/es\/wp-json\/wp\/v2\/product_brand?post=974663"},{"taxonomy":"product_cat","embeddable":true,"href":"https:\/\/www.claret.cat\/es\/wp-json\/wp\/v2\/product_cat?post=974663"},{"taxonomy":"product_tag","embeddable":true,"href":"https:\/\/www.claret.cat\/es\/wp-json\/wp\/v2\/product_tag?post=974663"}],"curies":[{"name":"wp","href":"https:\/\/api.w.org\/{rel}","templated":true}]}}