{"id":974857,"date":"2024-07-15T10:50:28","date_gmt":"2024-07-15T08:50:28","guid":{"rendered":"https:\/\/www.claret.cat\/llibre\/teologia-espiritual-9788430116553\/"},"modified":"2025-03-03T16:50:13","modified_gmt":"2025-03-03T15:50:14","slug":"teologia-espiritual-9788430116553","status":"publish","type":"product","link":"https:\/\/www.claret.cat\/es\/libro\/teologia-espiritual-9788430116553\/","title":{"rendered":"TEOLOG\u00cdA ESPIRITUAL"},"content":{"rendered":"<p>La teolog\u00eda espiritual es una reflexi\u00f3n din\u00e1mica que evoluciona a partir de los cambios experimentados por el hombre y por la sociedad. Su propia naturaleza sigue una constante actualizaci\u00f3n de los temas y de la forma de abordarlos.<br \/>Adem\u00e1s a partir de la Sagrada Escritura como fuente del pensamiento cristiano, se concede en este tratado un gran protagonismo a la integraci\u00f3n de perspectivas teol\u00f3gicas y psicol\u00f3gicas. Temas como la afectividad, la dualidad hombre-mujer, el mundo de los s\u00edmbolos, la influencia del ambiente o las manifestaciones del Esp\u00edritu santo son estudiados con equilibrio y apertura de mente, sin perder de vista el objetivo de ayudar a aclarar los problemas que se plantean en la direcci\u00f3n espiritual y la formaci\u00f3n cristiana.<br \/>A lo largo de sus p\u00e1ginas, el presente manual invita al lector a recorrer un camino te\u00f3rico y al mismo tiempo vital, que le permita adquirir una comprensi\u00f3n cada vez m\u00e1s clara y rica, con vistas a alcanzar la plenitud de la vida en el Esp\u00edritu.<\/p>\n","protected":false},"excerpt":{"rendered":"<p>BERNARD, CHARLES ANDR\u00c9<\/p>\n","protected":false},"featured_media":974858,"template":"","meta":{"_acf_changed":false,"om_disable_all_campaigns":false,"rs_blank_template":"","rs_page_bg_color":"","slide_template_v7":"","inline_featured_image":false,"_monsterinsights_skip_tracking":false,"_monsterinsights_sitenote_active":false,"_monsterinsights_sitenote_note":"","_monsterinsights_sitenote_category":0},"product_brand":[],"product_cat":[521,295,418,284,412,274,275,413],"product_tag":[],"class_list":{"0":"post-974857","1":"product","2":"type-product","3":"status-publish","4":"has-post-thumbnail","6":"product_cat-diccionarios-y-manuales","7":"product_cat-diccionaris-i-manuals","8":"product_cat-espiritual-teologia-1_espiritualidad","9":"product_cat-espiritual","10":"product_cat-estudios-sagrada-escritura","11":"product_cat-estudis-sagrada-escriptura","12":"product_cat-fonamental","13":"product_cat-fundamental","15":"first","16":"instock","17":"taxable","18":"shipping-taxable","19":"purchasable","20":"product-type-simple"},"acf":{"autor":"BERNARD, CHARLES ANDR\u00c9","codart":"843011655","libros-coleccion":"LUX MUNDI","ediciones":"1","encuadernacion":"Carton\u00e9","fecha_de_publicacion":"12\/02\/2008","novedad":"0","paginas":"640","subtitulo":"","orden":"999","portada":"0","idioma":"spa","editorial":[{"ID":6364,"post_author":"3","post_date":"2022-07-28 17:50:36","post_date_gmt":"2022-07-28 15:50:36","post_content":"","post_title":"S\u00edgueme","post_excerpt":"","post_status":"publish","comment_status":"closed","ping_status":"closed","post_password":"","post_name":"sigueme","to_ping":"","pinged":"","post_modified":"2022-07-28 17:50:36","post_modified_gmt":"2022-07-28 15:50:36","post_content_filtered":"","post_parent":0,"guid":"http:\/\/dev.claret.cat\/editorial\/sigueme\/","menu_order":0,"post_type":"editorial","post_mime_type":"","comment_count":"0","filter":"raw"}],"autores-libros":[{"ID":152754,"post_author":"3","post_date":"2022-10-14 14:51:18","post_date_gmt":"2022-10-14 12:51:18","post_content":"","post_title":"CHARLES ANDR\u00c9 BERNARD","post_excerpt":"","post_status":"publish","comment_status":"closed","ping_status":"closed","post_password":"","post_name":"charles-andre-bernard","to_ping":"","pinged":"","post_modified":"2022-10-14 14:51:18","post_modified_gmt":"2022-10-14 12:51:18","post_content_filtered":"","post_parent":0,"guid":"http:\/\/dev.claret.cat\/autor\/charles-andre-bernard\/","menu_order":0,"post_type":"autor","post_mime_type":"","comment_count":"0","filter":"raw"}]},"aioseo_notices":[],"_links":{"self":[{"href":"https:\/\/www.claret.cat\/es\/wp-json\/wp\/v2\/product\/974857","targetHints":{"allow":["GET"]}}],"collection":[{"href":"https:\/\/www.claret.cat\/es\/wp-json\/wp\/v2\/product"}],"about":[{"href":"https:\/\/www.claret.cat\/es\/wp-json\/wp\/v2\/types\/product"}],"wp:featuredmedia":[{"embeddable":true,"href":"https:\/\/www.claret.cat\/es\/wp-json\/wp\/v2\/media\/974858"}],"wp:attachment":[{"href":"https:\/\/www.claret.cat\/es\/wp-json\/wp\/v2\/media?parent=974857"}],"wp:term":[{"taxonomy":"product_brand","embeddable":true,"href":"https:\/\/www.claret.cat\/es\/wp-json\/wp\/v2\/product_brand?post=974857"},{"taxonomy":"product_cat","embeddable":true,"href":"https:\/\/www.claret.cat\/es\/wp-json\/wp\/v2\/product_cat?post=974857"},{"taxonomy":"product_tag","embeddable":true,"href":"https:\/\/www.claret.cat\/es\/wp-json\/wp\/v2\/product_tag?post=974857"}],"curies":[{"name":"wp","href":"https:\/\/api.w.org\/{rel}","templated":true}]}}