{"id":975014,"date":"2024-07-15T16:50:28","date_gmt":"2024-07-15T14:50:28","guid":{"rendered":"https:\/\/www.claret.cat\/llibre\/ahi-tienes-a-tu-madre-9788482977515\/"},"modified":"2026-01-09T17:21:08","modified_gmt":"2026-01-09T16:21:08","slug":"ahi-tienes-a-tu-madre-9788482977515","status":"publish","type":"product","link":"https:\/\/www.claret.cat\/es\/libro\/ahi-tienes-a-tu-madre-9788482977515\/","title":{"rendered":"AH\u00cd TIENES A TU MADRE"},"content":{"rendered":"<p>La obra es un compendio de mariolog\u00eda muy bien logrado en el campo doctrinal y en el devocional (si es que pueden separarse ambos conceptos) que llevar\u00e1 luz a la mente y moci\u00f3n al esp\u00edritu.<br \/>Con un penetrante y amoroso estudio del Antiguo y del Nuevo Testamento, nos lleva el autor a la ra\u00edz profunda del misterio de Mar\u00eda; misterio insondable que distamos mucho de abarcar cuando admirativamente llamamos a Mar\u00eda Madre del Cristo Total.<br \/>Este libro encierra grandes tesoros de ciencia b\u00edblica y teol\u00f3gica, aunque desmenuzada y a todos asequible. Tiene vasta erudici\u00f3n, a base del Magisterio, de la Liturgia, de autores asc\u00e9ticos antiguos y modernos.<\/p>\n","protected":false},"excerpt":{"rendered":"<p>SOL\u00c9 ROM\u00c1<\/p>\n","protected":false},"featured_media":1073189,"template":"","meta":{"_acf_changed":false,"om_disable_all_campaigns":false,"rs_blank_template":"","rs_page_bg_color":"","slide_template_v7":"","inline_featured_image":false,"_monsterinsights_skip_tracking":false,"_monsterinsights_sitenote_active":false,"_monsterinsights_sitenote_note":"","_monsterinsights_sitenote_category":0},"product_brand":[],"product_cat":[581,393,235,512,286],"product_tag":[],"class_list":{"0":"post-975014","1":"product","2":"type-product","3":"status-publish","4":"has-post-thumbnail","6":"product_cat-editorial-claret","7":"product_cat-mariana-espiritualidad-1_espiritualidad","8":"product_cat-mariana","9":"product_cat-mariologia-teologia-1_espiritualidad","10":"product_cat-mariologia","12":"first","13":"outofstock","14":"taxable","15":"shipping-taxable","16":"purchasable","17":"product-type-simple"},"acf":{"autor":"SOL\u00c9 ROM\u00c1","codart":"848297751","libros-coleccion":"","ediciones":"1","encuadernacion":"R\u00fastica","fecha_de_publicacion":"01\/07\/2004","novedad":"0","paginas":"335","subtitulo":"","orden":"999","portada":"0","idioma":"spa","editorial":[{"ID":6158,"post_author":"3","post_date":"2022-07-28 17:46:08","post_date_gmt":"2022-07-28 15:46:08","post_content":"","post_title":"CLARET","post_excerpt":"","post_status":"publish","comment_status":"closed","ping_status":"closed","post_password":"","post_name":"claret","to_ping":"","pinged":"","post_modified":"2022-07-28 17:46:08","post_modified_gmt":"2022-07-28 15:46:08","post_content_filtered":"","post_parent":0,"guid":"http:\/\/dev.claret.cat\/editorial\/claret\/","menu_order":0,"post_type":"editorial","post_mime_type":"","comment_count":"0","filter":"raw"}],"autores-libros":[{"ID":975013,"post_author":"3","post_date":"2024-07-15 16:50:24","post_date_gmt":"2024-07-15 14:50:24","post_content":"","post_title":"JOSEP MARIA SOLE ROMA","post_excerpt":"","post_status":"publish","comment_status":"closed","ping_status":"closed","post_password":"","post_name":"josep-maria-sole-roma","to_ping":"","pinged":"","post_modified":"2024-07-15 16:50:24","post_modified_gmt":"2024-07-15 14:50:24","post_content_filtered":"","post_parent":0,"guid":"https:\/\/www.claret.cat\/autor\/josep-maria-sole-roma\/","menu_order":0,"post_type":"autor","post_mime_type":"","comment_count":"0","filter":"raw"}],"booktrailer":"","resenas":""},"aioseo_notices":[],"_links":{"self":[{"href":"https:\/\/www.claret.cat\/es\/wp-json\/wp\/v2\/product\/975014","targetHints":{"allow":["GET"]}}],"collection":[{"href":"https:\/\/www.claret.cat\/es\/wp-json\/wp\/v2\/product"}],"about":[{"href":"https:\/\/www.claret.cat\/es\/wp-json\/wp\/v2\/types\/product"}],"wp:featuredmedia":[{"embeddable":true,"href":"https:\/\/www.claret.cat\/es\/wp-json\/wp\/v2\/media\/1073189"}],"wp:attachment":[{"href":"https:\/\/www.claret.cat\/es\/wp-json\/wp\/v2\/media?parent=975014"}],"wp:term":[{"taxonomy":"product_brand","embeddable":true,"href":"https:\/\/www.claret.cat\/es\/wp-json\/wp\/v2\/product_brand?post=975014"},{"taxonomy":"product_cat","embeddable":true,"href":"https:\/\/www.claret.cat\/es\/wp-json\/wp\/v2\/product_cat?post=975014"},{"taxonomy":"product_tag","embeddable":true,"href":"https:\/\/www.claret.cat\/es\/wp-json\/wp\/v2\/product_tag?post=975014"}],"curies":[{"name":"wp","href":"https:\/\/api.w.org\/{rel}","templated":true}]}}