{"id":975303,"date":"2024-07-16T19:50:02","date_gmt":"2024-07-16T17:50:02","guid":{"rendered":"https:\/\/www.claret.cat\/llibre\/1794-el-foc-i-el-minotaure-9788419107039\/"},"modified":"2024-07-19T14:10:06","modified_gmt":"2024-07-19T12:10:06","slug":"1794-el-foc-i-el-minotaure-9788419107039","status":"publish","type":"product","link":"https:\/\/www.claret.cat\/es\/libro\/1794-el-foc-i-el-minotaure-9788419107039\/","title":{"rendered":"1794. EL FOC I EL MINOTAURE"},"content":{"rendered":"<p>L&#8221;esperat segon lliurament de la trilogia comen\u00e7ada amb 1793. El llop i el vigilant, la novel\u00b7la que ha estat comparada amb El nom de la rosa i amb qu\u00e8 Niklas Natt och Dag ha revolucionat la novel\u00b7la hist\u00f2rica tenyida de negre.<br \/> Estocolm, 1794. Una mare plora la seva filla, assassinada fa mesos durant la nit de noces. Ella no es creu la versi\u00f3 oficial dels fets, per\u00f2 ning\u00fa no fa cas de les seves sospites i demana ajuda a l&#8221;\u00fanica esperan\u00e7a que li queda: un vigilant d&#8221;un sol bra\u00e7 que enyora el seu amic mort. Mentrestant, en un sanatori als afores, un jove arist\u00f2crata es consumeix, sota el pes d&#8221;un crim horrible, i rememora el seu amor perdut i un viatge als confins de l&#8221;\u00faltim somni imperial del rei Gustau, la col\u00f2nia de Saint-Barth\u00e9l\u00e9my, al Carib. A 1794. El foc i el minotaure, el lector es retroba amb el vigilant Mickel Cardell, Anna Stina Knapp i la recreaci\u00f3 prodigiosa d&#8221;un Estocolm bullici\u00f3s i corromput, instal\u00b7lat en les conspiracions pel poder, que ara est\u00e0 a punt de veure els seus dies m\u00e9s foscos.<br \/> \u00abIgual que en el debut, el lector \u00e9s absorbit immediatament pel 1794 de Niklas Natt och Dag [&#8230;]. La trama est\u00e0 h\u00e0bilment constru\u00efda, com l&#8221;\u00faltima vegada.\u00bb G\u00f6teborgs-Posten, Su\u00e8cia<\/p>\n","protected":false},"excerpt":{"rendered":"<p>NATT OCH DAG, NIKLAS<\/p>\n","protected":false},"featured_media":975304,"template":"","meta":{"_acf_changed":false,"om_disable_all_campaigns":false,"rs_blank_template":"","rs_page_bg_color":"","slide_template_v7":"","inline_featured_image":false,"_monsterinsights_skip_tracking":false,"_monsterinsights_sitenote_active":false,"_monsterinsights_sitenote_note":"","_monsterinsights_sitenote_category":0},"product_brand":[],"product_cat":[130,360],"product_tag":[],"class_list":{"0":"post-975303","1":"product","2":"type-product","3":"status-publish","4":"has-post-thumbnail","6":"product_cat-novella-historica-i-ficcio","7":"product_cat-novela-historica-y-ficcion","9":"first","10":"instock","11":"taxable","12":"shipping-taxable","13":"purchasable","14":"product-type-simple"},"acf":{"autor":"NATT OCH DAG, NIKLAS","codart":"841910703","libros-coleccion":"LABUTXACA","ediciones":"1","encuadernacion":"R\u00fastica","fecha_de_publicacion":"01\/06\/2022","novedad":"1","paginas":"0","subtitulo":"","orden":"0","portada":"0","idioma":"cat","editorial":[{"ID":6281,"post_author":"3","post_date":"2022-07-28 17:48:50","post_date_gmt":"2022-07-28 15:48:50","post_content":"","post_title":"LABUTXACA","post_excerpt":"","post_status":"publish","comment_status":"closed","ping_status":"closed","post_password":"","post_name":"labutxaca","to_ping":"","pinged":"","post_modified":"2022-07-28 17:48:50","post_modified_gmt":"2022-07-28 15:48:50","post_content_filtered":"","post_parent":0,"guid":"http:\/\/dev.claret.cat\/editorial\/labutxaca\/","menu_order":0,"post_type":"editorial","post_mime_type":"","comment_count":"0","filter":"raw"}]},"aioseo_notices":[],"_links":{"self":[{"href":"https:\/\/www.claret.cat\/es\/wp-json\/wp\/v2\/product\/975303","targetHints":{"allow":["GET"]}}],"collection":[{"href":"https:\/\/www.claret.cat\/es\/wp-json\/wp\/v2\/product"}],"about":[{"href":"https:\/\/www.claret.cat\/es\/wp-json\/wp\/v2\/types\/product"}],"wp:featuredmedia":[{"embeddable":true,"href":"https:\/\/www.claret.cat\/es\/wp-json\/wp\/v2\/media\/975304"}],"wp:attachment":[{"href":"https:\/\/www.claret.cat\/es\/wp-json\/wp\/v2\/media?parent=975303"}],"wp:term":[{"taxonomy":"product_brand","embeddable":true,"href":"https:\/\/www.claret.cat\/es\/wp-json\/wp\/v2\/product_brand?post=975303"},{"taxonomy":"product_cat","embeddable":true,"href":"https:\/\/www.claret.cat\/es\/wp-json\/wp\/v2\/product_cat?post=975303"},{"taxonomy":"product_tag","embeddable":true,"href":"https:\/\/www.claret.cat\/es\/wp-json\/wp\/v2\/product_tag?post=975303"}],"curies":[{"name":"wp","href":"https:\/\/api.w.org\/{rel}","templated":true}]}}