{"id":975427,"date":"2024-07-17T12:51:35","date_gmt":"2024-07-17T10:51:35","guid":{"rendered":"https:\/\/www.claret.cat\/llibre\/circulos-infinitos-9788419419873\/"},"modified":"2024-07-19T12:55:07","modified_gmt":"2024-07-19T10:55:07","slug":"circulos-infinitos-9788419419873","status":"publish","type":"product","link":"https:\/\/www.claret.cat\/es\/libro\/circulos-infinitos-9788419419873\/","title":{"rendered":"C\u00cdRCULOS INFINITOS"},"content":{"rendered":"<p>Un libro de viajes a Jap\u00f3n que recoge las impresiones del autor neerland\u00e9s en sus cuarenta a\u00f1os recorriendo sus paisajes, su arquitectura, su poes\u00eda y su historia.<\/p>\n<p>Ciertos viajes tienen el objetivo secreto de \u00abalejarte de tus or\u00edgenes\u00bb, de \u00abtrastocarte la existencia\u00bb: \u00abSolo entonces te has ido de verdad, tanto, que te conviertes en otro\u00bb, afirma Nooteboom, explorador infatigable de la cultura. <\/p>\n<p>C\u00edrculos infinitos recoge un testimonio iluminador sobre el pa\u00eds que le provoca una fascinaci\u00f3n \u00fanica: Jap\u00f3n. De las metr\u00f3polis futuristas de Tokio y Osaka a las antiguas ciudades imperiales de Kioto y Nara, de los grabados de Hokusai e Hiroshige, o los fascinantes rollos de Chojo Jinbutsu Giga, al teatro kabuki; del arrebato m\u00edstico e intelectual de los jardines zen a la coexistencia entrelazada del budismo y el sinto\u00edsmo en templos de ritos milenarios que a\u00fan marcan el calendario agr\u00edcola. Viajes acompa\u00f1ados por las p\u00e1ginas de Kawabata, Mishima, Tanizaki, pero sobre todo por El libro de la almohada de Sh\u00f5nagon y La historia de Genji, de Murasaki Shikibu, la primera novela de la historia, que retrata el refinamiento extremo al que lleg\u00f3 la aislada corte de Heian en el siglo XI. <\/p>\n<p>Con su capacidad para captar los detalles m\u00e1s sutiles, trazar conexiones, estimularnos a ver con otros ojos y llevar lo particular a lo universal, Nooteboom se sumerge en la experiencia de descubrimiento, de belleza y desaf\u00edo que contin\u00faa siendo Jap\u00f3n para Occidente.<\/p>\n<p>\u00abTodo lector de Nooteboom reconoce en su obra eso que llamamos lo po\u00e9tico, donde el autor concede a las palabras un dominio m\u00e1s vasto que el que les atribuye el diccionario\u00bb. <br \/>Alberto Manguel<\/p>\n","protected":false},"excerpt":{"rendered":"<p>NOOTEBOOM, CEES<\/p>\n","protected":false},"featured_media":975428,"template":"","meta":{"_acf_changed":false,"om_disable_all_campaigns":false,"rs_blank_template":"","rs_page_bg_color":"","slide_template_v7":"","inline_featured_image":false,"_monsterinsights_skip_tracking":false,"_monsterinsights_sitenote_active":false,"_monsterinsights_sitenote_note":"","_monsterinsights_sitenote_category":0},"product_brand":[],"product_cat":[90,540],"product_tag":[],"class_list":{"0":"post-975427","1":"product","2":"type-product","3":"status-publish","4":"has-post-thumbnail","6":"product_cat-altres","7":"product_cat-otros","9":"first","10":"instock","11":"taxable","12":"shipping-taxable","13":"purchasable","14":"product-type-simple"},"acf":{"autor":"NOOTEBOOM, CEES","codart":"841941987","libros-coleccion":"El Ojo del Tiempo","ediciones":"1","encuadernacion":"R\u00fastica","fecha_de_publicacion":"01\/07\/2023","novedad":"1","paginas":"0","subtitulo":"VIAJES A JAP\u00d3N","orden":"0","portada":"0","idioma":"spa","editorial":[{"ID":6365,"post_author":"3","post_date":"2022-07-28 17:50:37","post_date_gmt":"2022-07-28 15:50:37","post_content":"","post_title":"Siruela","post_excerpt":"","post_status":"publish","comment_status":"closed","ping_status":"closed","post_password":"","post_name":"siruela","to_ping":"","pinged":"","post_modified":"2022-07-28 17:50:37","post_modified_gmt":"2022-07-28 15:50:37","post_content_filtered":"","post_parent":0,"guid":"http:\/\/dev.claret.cat\/editorial\/siruela\/","menu_order":0,"post_type":"editorial","post_mime_type":"","comment_count":"0","filter":"raw"}]},"aioseo_notices":[],"_links":{"self":[{"href":"https:\/\/www.claret.cat\/es\/wp-json\/wp\/v2\/product\/975427","targetHints":{"allow":["GET"]}}],"collection":[{"href":"https:\/\/www.claret.cat\/es\/wp-json\/wp\/v2\/product"}],"about":[{"href":"https:\/\/www.claret.cat\/es\/wp-json\/wp\/v2\/types\/product"}],"wp:featuredmedia":[{"embeddable":true,"href":"https:\/\/www.claret.cat\/es\/wp-json\/wp\/v2\/media\/975428"}],"wp:attachment":[{"href":"https:\/\/www.claret.cat\/es\/wp-json\/wp\/v2\/media?parent=975427"}],"wp:term":[{"taxonomy":"product_brand","embeddable":true,"href":"https:\/\/www.claret.cat\/es\/wp-json\/wp\/v2\/product_brand?post=975427"},{"taxonomy":"product_cat","embeddable":true,"href":"https:\/\/www.claret.cat\/es\/wp-json\/wp\/v2\/product_cat?post=975427"},{"taxonomy":"product_tag","embeddable":true,"href":"https:\/\/www.claret.cat\/es\/wp-json\/wp\/v2\/product_tag?post=975427"}],"curies":[{"name":"wp","href":"https:\/\/api.w.org\/{rel}","templated":true}]}}