{"id":975534,"date":"2024-07-18T11:00:43","date_gmt":"2024-07-18T09:00:43","guid":{"rendered":"https:\/\/www.claret.cat\/llibre\/quan-lesglesia-demana-perdo-9788489467040\/"},"modified":"2024-07-18T11:01:00","modified_gmt":"2024-07-18T09:01:00","slug":"quan-lesglesia-demana-perdo-9788489467040","status":"publish","type":"product","link":"https:\/\/www.claret.cat\/es\/libro\/quan-lesglesia-demana-perdo-9788489467040\/","title":{"rendered":"QUAN L&#8217;ESGL\u00c9SIA DEMANA PERD\u00d3"},"content":{"rendered":"<p>Recull de noranta-quatre textos en qu\u00e8 el papa Wojtyla reconeix culpes hist\u00f2riques de l&#8217;Esgl\u00e9sia o demana perd\u00f3. Aquestes peticions de perd\u00f3 desemboquen en all\u00f2 que Joan Pau II anomena l&#8217;\u00abexamen de final de mil\u00b7lenni\u00bb.<\/p>\n","protected":false},"excerpt":{"rendered":"<p>ACCATTOLI, LUIGI<\/p>\n","protected":false},"featured_media":975535,"template":"","meta":{"_acf_changed":false,"om_disable_all_campaigns":false,"rs_blank_template":"","rs_page_bg_color":"","slide_template_v7":"","inline_featured_image":false,"_monsterinsights_skip_tracking":false,"_monsterinsights_sitenote_active":false,"_monsterinsights_sitenote_note":"","_monsterinsights_sitenote_category":0},"product_brand":[],"product_cat":[511,283,581,437,163],"product_tag":[],"class_list":{"0":"post-975534","1":"product","2":"type-product","3":"status-publish","4":"has-post-thumbnail","6":"product_cat-eclesiologia-teologia-1_espiritualidad","7":"product_cat-eclesiologia-teologia","8":"product_cat-editorial-claret","9":"product_cat-valores-y-convivencia","10":"product_cat-valors-i-convivencia","12":"first","13":"instock","14":"taxable","15":"shipping-taxable","16":"purchasable","17":"product-type-simple"},"acf":{"autor":"ACCATTOLI, LUIGI","codart":"848946704","libros-coleccion":"L'ORDIT","ediciones":"1","encuadernacion":"R\u00fastica","fecha_de_publicacion":"01\/12\/1997","novedad":"0","paginas":"224","subtitulo":"TOTS ELS \u00abMEA CULPA\u00bb DE JOAN PAU II","orden":"999","portada":"0","idioma":"cat","editorial":[{"ID":6158,"post_author":"3","post_date":"2022-07-28 17:46:08","post_date_gmt":"2022-07-28 15:46:08","post_content":"","post_title":"CLARET","post_excerpt":"","post_status":"publish","comment_status":"closed","ping_status":"closed","post_password":"","post_name":"claret","to_ping":"","pinged":"","post_modified":"2022-07-28 17:46:08","post_modified_gmt":"2022-07-28 15:46:08","post_content_filtered":"","post_parent":0,"guid":"http:\/\/dev.claret.cat\/editorial\/claret\/","menu_order":0,"post_type":"editorial","post_mime_type":"","comment_count":"0","filter":"raw"}],"autores-libros":[{"ID":352282,"post_author":"3","post_date":"2023-01-14 12:45:30","post_date_gmt":"2023-01-14 11:45:30","post_content":"","post_title":"LUIGI ACCATTOLI","post_excerpt":"","post_status":"publish","comment_status":"closed","ping_status":"closed","post_password":"","post_name":"luigi-accattoli","to_ping":"","pinged":"","post_modified":"2023-01-14 12:45:30","post_modified_gmt":"2023-01-14 11:45:30","post_content_filtered":"","post_parent":0,"guid":"https:\/\/www.claret.cat\/autor\/luigi-accattoli\/","menu_order":0,"post_type":"autor","post_mime_type":"","comment_count":"0","filter":"raw"}]},"aioseo_notices":[],"_links":{"self":[{"href":"https:\/\/www.claret.cat\/es\/wp-json\/wp\/v2\/product\/975534","targetHints":{"allow":["GET"]}}],"collection":[{"href":"https:\/\/www.claret.cat\/es\/wp-json\/wp\/v2\/product"}],"about":[{"href":"https:\/\/www.claret.cat\/es\/wp-json\/wp\/v2\/types\/product"}],"wp:featuredmedia":[{"embeddable":true,"href":"https:\/\/www.claret.cat\/es\/wp-json\/wp\/v2\/media\/975535"}],"wp:attachment":[{"href":"https:\/\/www.claret.cat\/es\/wp-json\/wp\/v2\/media?parent=975534"}],"wp:term":[{"taxonomy":"product_brand","embeddable":true,"href":"https:\/\/www.claret.cat\/es\/wp-json\/wp\/v2\/product_brand?post=975534"},{"taxonomy":"product_cat","embeddable":true,"href":"https:\/\/www.claret.cat\/es\/wp-json\/wp\/v2\/product_cat?post=975534"},{"taxonomy":"product_tag","embeddable":true,"href":"https:\/\/www.claret.cat\/es\/wp-json\/wp\/v2\/product_tag?post=975534"}],"curies":[{"name":"wp","href":"https:\/\/api.w.org\/{rel}","templated":true}]}}