{"id":975568,"date":"2024-07-18T12:55:02","date_gmt":"2024-07-18T10:55:02","guid":{"rendered":"https:\/\/www.claret.cat\/llibre\/basilica-of-the-sagrada-familia-iconographic-guide-9788484788485\/"},"modified":"2024-07-18T13:00:45","modified_gmt":"2024-07-18T11:00:45","slug":"basilica-of-the-sagrada-familia-iconographic-guide-9788484788485","status":"publish","type":"product","link":"https:\/\/www.claret.cat\/es\/libro\/basilica-of-the-sagrada-familia-iconographic-guide-9788484788485\/","title":{"rendered":"BASILICA OF THE SAGRADA FAM\u00cdLIA, ICONOGRAPHIC GUIDE"},"content":{"rendered":"<p>In this guide we explain in detail the iconography and symbolism of each of the scenes that are on the two main facades of the Basil ica of the Sagrada Familia, the Facade of the Passion and the Nativity, which contain many full details of allegories and mysticism. En aquesta guia t&#8217;expliquem en detall la iconografia i simbologia de cada una de les escenes que es troben a les dues fa\u00e7anes princi pals de la Bas\u00edlica de la Sagrada Fam\u00edlia, la Fa\u00e7ana de la Passi\u00f3 i la del Naixement, que contenen multitud de detalls plens d&#8217;al\u00b7le gories i misticisme.<\/p>\n","protected":false},"excerpt":{"rendered":"<p>LIZ RODR\u00cdGUEZ, JOSEP<\/p>\n","protected":false},"featured_media":975569,"template":"","meta":{"_acf_changed":false,"om_disable_all_campaigns":false,"rs_blank_template":"","rs_page_bg_color":"","slide_template_v7":"","inline_featured_image":false,"_monsterinsights_skip_tracking":false,"_monsterinsights_sitenote_active":false,"_monsterinsights_sitenote_note":"","_monsterinsights_sitenote_category":0},"product_brand":[],"product_cat":[110,560,557,107],"product_tag":[],"class_list":{"0":"post-975568","1":"product","2":"type-product","3":"status-publish","4":"has-post-thumbnail","6":"product_cat-art","7":"product_cat-arte","8":"product_cat-guias-de-viaje","9":"product_cat-guies-de-viatge","11":"first","12":"instock","13":"taxable","14":"shipping-taxable","15":"purchasable","16":"product-type-simple"},"acf":{"autor":"LIZ RODR\u00cdGUEZ, JOSEP","codart":"848478848","libros-coleccion":"FORA DE COL.LECCI\u00d3","ediciones":"1","encuadernacion":"Carpeta","fecha_de_publicacion":"01\/08\/2019","novedad":"1","paginas":"0","subtitulo":"NATIVITY AND PASSION FA\u00c7ADES","orden":"0","portada":"0","idioma":"eng","editorial":[{"ID":148898,"post_author":"3","post_date":"2022-10-14 12:01:51","post_date_gmt":"2022-10-14 10:01:51","post_content":"","post_title":"TRIANGLE POSTALS","post_excerpt":"","post_status":"publish","comment_status":"closed","ping_status":"closed","post_password":"","post_name":"triangle-postals","to_ping":"","pinged":"","post_modified":"2022-10-14 12:01:51","post_modified_gmt":"2022-10-14 10:01:51","post_content_filtered":"","post_parent":0,"guid":"http:\/\/dev.claret.cat\/editorial\/triangle-postals\/","menu_order":0,"post_type":"editorial","post_mime_type":"","comment_count":"0","filter":"raw"}]},"aioseo_notices":[],"_links":{"self":[{"href":"https:\/\/www.claret.cat\/es\/wp-json\/wp\/v2\/product\/975568","targetHints":{"allow":["GET"]}}],"collection":[{"href":"https:\/\/www.claret.cat\/es\/wp-json\/wp\/v2\/product"}],"about":[{"href":"https:\/\/www.claret.cat\/es\/wp-json\/wp\/v2\/types\/product"}],"wp:featuredmedia":[{"embeddable":true,"href":"https:\/\/www.claret.cat\/es\/wp-json\/wp\/v2\/media\/975569"}],"wp:attachment":[{"href":"https:\/\/www.claret.cat\/es\/wp-json\/wp\/v2\/media?parent=975568"}],"wp:term":[{"taxonomy":"product_brand","embeddable":true,"href":"https:\/\/www.claret.cat\/es\/wp-json\/wp\/v2\/product_brand?post=975568"},{"taxonomy":"product_cat","embeddable":true,"href":"https:\/\/www.claret.cat\/es\/wp-json\/wp\/v2\/product_cat?post=975568"},{"taxonomy":"product_tag","embeddable":true,"href":"https:\/\/www.claret.cat\/es\/wp-json\/wp\/v2\/product_tag?post=975568"}],"curies":[{"name":"wp","href":"https:\/\/api.w.org\/{rel}","templated":true}]}}