{"id":975877,"date":"2024-07-22T13:00:20","date_gmt":"2024-07-22T11:00:20","guid":{"rendered":"https:\/\/www.claret.cat\/llibre\/las-matematicas-de-julio-verne-9788419414335\/"},"modified":"2024-07-22T18:10:38","modified_gmt":"2024-07-22T16:10:38","slug":"las-matematicas-de-julio-verne-9788419414335","status":"publish","type":"product","link":"https:\/\/www.claret.cat\/es\/libro\/las-matematicas-de-julio-verne-9788419414335\/","title":{"rendered":"LAS MATEM\u00c1TICAS DE JULIO VERNE"},"content":{"rendered":"<p>Julio Verne, c\u00e9lebre autor de obras como &#8216;Veinte mil leguas de viaje submarino o Viaje al centro de la Tierra&#8217;, nos transporta a mundos desconocidos y aventuras extraordinarias. Pero, \u00bfqu\u00e9 influencia tienen las matem\u00e1ticas en sus relatos? \u00bfEs posible que Verne haya anticipado tantos avances cient\u00edficos y tecnol\u00f3gicos solo con su imaginaci\u00f3n?<\/p>\n<p> Esta es una fascinante obra de divulgaci\u00f3n matem\u00e1tica en la que acompa\u00f1aremos al autor en sus c\u00e9lebres &#8216;Viajes extraordinarios&#8217; para descubrir que detr\u00e1s de cada aventura se esconde un universo matem\u00e1tico. A trav\u00e9s de ejemplos cuidadosamente seleccionados, el lector explorar\u00e1 c\u00f3mo las matem\u00e1ticas se entrelazan con la narrativa y la ciencia ficci\u00f3n de Verne, demostrando su genialidad y su enorme capacidad para integrar el conocimiento cient\u00edfico con la literatura.<\/p>\n<p> Sum\u00e9rgete en el mundo de Verne como nunca antes lo hab\u00edas imaginado. Acompa\u00f1a a los personajes de Verne en la decodificaci\u00f3n de una nota secreta que revela el camino hacia el centro de la Tierra, o en el env\u00edo de un mensaje a los selenitas utilizando el teorema de Pit\u00e1goras. Descubre referencias a destacados matem\u00e1ticos y cient\u00edficos, y aprende m\u00e1s sobre la medici\u00f3n de un arco de meridiano y el teorema de los senos. Sorpr\u00e9ndete con el procedimiento de triangulaci\u00f3n, la medici\u00f3n indirecta de una muralla gran\u00edtica, y el c\u00e1lculo del n\u00famero de granos en una cosecha de trigo, entre otras materias fascinantes. Una obra que nos demuestra que, detr\u00e1s de cada aventura, se esconde un universo matem\u00e1tico por descubrir.<\/p>\n","protected":false},"excerpt":{"rendered":"<p>VICENTE MEAVILLA<\/p>\n","protected":false},"featured_media":975956,"template":"","meta":{"_acf_changed":false,"om_disable_all_campaigns":false,"rs_blank_template":"","rs_page_bg_color":"","slide_template_v7":"","inline_featured_image":false,"_monsterinsights_skip_tracking":false,"_monsterinsights_sitenote_active":false,"_monsterinsights_sitenote_note":"","_monsterinsights_sitenote_category":0},"product_brand":[],"product_cat":[90,540],"product_tag":[],"class_list":{"0":"post-975877","1":"product","2":"type-product","3":"status-publish","4":"has-post-thumbnail","6":"product_cat-altres","7":"product_cat-otros","9":"first","10":"instock","11":"taxable","12":"shipping-taxable","13":"purchasable","14":"product-type-simple"},"acf":{"autor":"VICENTE MEAVILLA","codart":"841941433","libros-coleccion":"MATEMATICAS","ediciones":"1","encuadernacion":"R\u00fastica","fecha_de_publicacion":"01\/07\/2024","novedad":"1","paginas":"171","subtitulo":"","orden":"0","portada":"0","idioma":"spa","editorial":[{"ID":148234,"post_author":"3","post_date":"2022-10-14 11:56:40","post_date_gmt":"2022-10-14 09:56:40","post_content":"","post_title":"GUADALMAZAN","post_excerpt":"","post_status":"publish","comment_status":"closed","ping_status":"closed","post_password":"","post_name":"guadalmazan","to_ping":"","pinged":"","post_modified":"2022-10-14 11:56:40","post_modified_gmt":"2022-10-14 09:56:40","post_content_filtered":"","post_parent":0,"guid":"http:\/\/dev.claret.cat\/editorial\/guadalmazan\/","menu_order":0,"post_type":"editorial","post_mime_type":"","comment_count":"0","filter":"raw"}]},"aioseo_notices":[],"_links":{"self":[{"href":"https:\/\/www.claret.cat\/es\/wp-json\/wp\/v2\/product\/975877","targetHints":{"allow":["GET"]}}],"collection":[{"href":"https:\/\/www.claret.cat\/es\/wp-json\/wp\/v2\/product"}],"about":[{"href":"https:\/\/www.claret.cat\/es\/wp-json\/wp\/v2\/types\/product"}],"wp:featuredmedia":[{"embeddable":true,"href":"https:\/\/www.claret.cat\/es\/wp-json\/wp\/v2\/media\/975956"}],"wp:attachment":[{"href":"https:\/\/www.claret.cat\/es\/wp-json\/wp\/v2\/media?parent=975877"}],"wp:term":[{"taxonomy":"product_brand","embeddable":true,"href":"https:\/\/www.claret.cat\/es\/wp-json\/wp\/v2\/product_brand?post=975877"},{"taxonomy":"product_cat","embeddable":true,"href":"https:\/\/www.claret.cat\/es\/wp-json\/wp\/v2\/product_cat?post=975877"},{"taxonomy":"product_tag","embeddable":true,"href":"https:\/\/www.claret.cat\/es\/wp-json\/wp\/v2\/product_tag?post=975877"}],"curies":[{"name":"wp","href":"https:\/\/api.w.org\/{rel}","templated":true}]}}