{"id":975886,"date":"2024-07-22T13:10:11","date_gmt":"2024-07-22T11:10:11","guid":{"rendered":"https:\/\/www.claret.cat\/llibre\/biblioteca-darkham-la-9788419676481\/"},"modified":"2025-11-07T19:06:17","modified_gmt":"2025-11-07T18:06:17","slug":"la-biblioteca-darkham-vol-ii-9788419676481","status":"publish","type":"product","link":"https:\/\/www.claret.cat\/es\/libro\/la-biblioteca-darkham-vol-ii-9788419676481\/","title":{"rendered":"LA BIBLIOTECA D&#8217;ARKHAM VOL. II"},"content":{"rendered":"<p>L?Arsenath Waite \u00e9s una jove d?aspecte inquietant, estudiosa de les arts ocultes i origin\u00e0ria de la nefanda localitat d?Innsmouth. En Robert Blake \u00e9s un artista embadalit per la silueta d?un campanar que, segons els rumors, est\u00e0 habitat per una pres\u00e8ncia aliena a aquest m\u00f3n. I en Nathaniel Wingate \u00e9s un erudit de la Universitat d?Arkham que perd el senderi durant una classe i no  el recupera fins al cap de cinc anys. Un cop refet, investiga unes restes arqueol\u00f2giques m\u00e9s antigues que la pr\u00f2pia Humanitat. Aquests personatges tan lovecraftians protagonitzen hist\u00f2ries on l?horror c\u00f2smic s?enlla\u00e7a amb la m\u00e0gia, amb les llegendes antigues i amb la topografia tan pr\u00f2pia i caracter\u00edstica de l?univers del geni de Providence.  El segon volum de Mites de Cthulhu recull els relats El que viu a la foscor, La criatura al llindar i L?ombra de fora el temps, tres textos imprescindibles d?H.P. Lovecraft, essencials per comprendre la seva cosmogonia.      AUTOR  Howard Phillips Lovecraft (Providence, 1890 &#8211; 1937). La seva vida va estar marcada per nombroses dissorts i per una solitud que nom\u00e9s va saber pal\u00b7liar a trav\u00e9s d?u<\/p>\n","protected":false},"excerpt":{"rendered":"<p>PHILLIPS LOVECRAFT, HOWARD<\/p>\n","protected":false},"featured_media":1019250,"template":"","meta":{"_acf_changed":false,"om_disable_all_campaigns":false,"rs_blank_template":"","rs_page_bg_color":"","slide_template_v7":"","inline_featured_image":false,"_monsterinsights_skip_tracking":false,"_monsterinsights_sitenote_active":false,"_monsterinsights_sitenote_note":"","_monsterinsights_sitenote_category":0},"product_brand":[],"product_cat":[127,357],"product_tag":[],"class_list":{"0":"post-975886","1":"product","2":"type-product","3":"status-publish","4":"has-post-thumbnail","6":"product_cat-novella-contemporania","7":"product_cat-novela-contemporanea","9":"first","10":"instock","11":"taxable","12":"shipping-taxable","13":"purchasable","14":"product-type-simple"},"acf":{"autor":"PHILLIPS LOVECRAFT, HOWARD","codart":"841967648","libros-coleccion":"FORA DE COL.LECCI\u00d3","ediciones":"1","encuadernacion":"Carpeta","fecha_de_publicacion":"01\/07\/2024","novedad":"1","paginas":"194","subtitulo":"MITES DE CTHULHU VOL. 2","orden":"0","portada":"0","idioma":"cat","editorial":[{"ID":6282,"post_author":"3","post_date":"2022-07-28 17:48:51","post_date_gmt":"2022-07-28 15:48:51","post_content":"","post_title":"Laertes editorial","post_excerpt":"","post_status":"publish","comment_status":"closed","ping_status":"closed","post_password":"","post_name":"laertes-editorial","to_ping":"","pinged":"","post_modified":"2022-07-28 17:48:51","post_modified_gmt":"2022-07-28 15:48:51","post_content_filtered":"","post_parent":0,"guid":"http:\/\/dev.claret.cat\/editorial\/laertes-editorial\/","menu_order":0,"post_type":"editorial","post_mime_type":"","comment_count":"0","filter":"raw"}],"booktrailer":"","resenas":""},"aioseo_notices":[],"_links":{"self":[{"href":"https:\/\/www.claret.cat\/es\/wp-json\/wp\/v2\/product\/975886","targetHints":{"allow":["GET"]}}],"collection":[{"href":"https:\/\/www.claret.cat\/es\/wp-json\/wp\/v2\/product"}],"about":[{"href":"https:\/\/www.claret.cat\/es\/wp-json\/wp\/v2\/types\/product"}],"wp:featuredmedia":[{"embeddable":true,"href":"https:\/\/www.claret.cat\/es\/wp-json\/wp\/v2\/media\/1019250"}],"wp:attachment":[{"href":"https:\/\/www.claret.cat\/es\/wp-json\/wp\/v2\/media?parent=975886"}],"wp:term":[{"taxonomy":"product_brand","embeddable":true,"href":"https:\/\/www.claret.cat\/es\/wp-json\/wp\/v2\/product_brand?post=975886"},{"taxonomy":"product_cat","embeddable":true,"href":"https:\/\/www.claret.cat\/es\/wp-json\/wp\/v2\/product_cat?post=975886"},{"taxonomy":"product_tag","embeddable":true,"href":"https:\/\/www.claret.cat\/es\/wp-json\/wp\/v2\/product_tag?post=975886"}],"curies":[{"name":"wp","href":"https:\/\/api.w.org\/{rel}","templated":true}]}}