{"id":975905,"date":"2024-07-22T16:30:11","date_gmt":"2024-07-22T14:30:11","guid":{"rendered":"https:\/\/www.claret.cat\/llibre\/las-mas-bellas-oraciones-de-santo-tomas-de-aquino-9788422023456\/"},"modified":"2025-07-21T14:05:43","modified_gmt":"2025-07-21T12:05:43","slug":"las-mas-bellas-oraciones-de-santo-tomas-de-aquino-9788422023456","status":"publish","type":"product","link":"https:\/\/www.claret.cat\/es\/libro\/las-mas-bellas-oraciones-de-santo-tomas-de-aquino-9788422023456\/","title":{"rendered":"LAS M\u00c1S BELLAS ORACIONES DE SANTO TOM\u00c1S DE AQUINO"},"content":{"rendered":"<p>Esta colecci\u00f3n de oraciones ha sido dise\u00f1ada en el contexto de los jubileos de santo Tom\u00e1s de Aquino de 2023 a 2025. Utiliza oraciones tradicionales conocidas desde el siglo XIV. Todas est\u00e1n en consonancia con el esp\u00edritu y el talante de la doctrina de santo Tom\u00e1s de Aquino, doctor de la Iglesia.<\/p>\n<p>\u00abTe alabo, te glorifico, te bendigo, Dios m\u00edo, por los inmensos beneficios que indignamente me concedes. Alabo tu clemencia, que siempre me espera; tu dulzura, que suaviza tus castigos, tu piedad que me llama, tu benignidad que me levanta, tu misericordia que perdona los pecados, tu bondad por encima de mis m\u00e9ritos, tu paciencia que no recuerda las ofensas, tu humildad que consuela, tu paciencia que protege, tu eternidad que salva, tu verdad que recompensa\u00bb (Fragmento de la&nbsp;<em>Oraci\u00f3n de acci\u00f3n de gracias atribuida a santo Tom\u00e1s de Aquino).<\/em><\/p>\n<p><\/p>\n","protected":false},"excerpt":{"rendered":"<p>MARGELIDON, PHILIPPE MARIE<\/p>\n","protected":false},"featured_media":975962,"template":"","meta":{"_acf_changed":false,"om_disable_all_campaigns":false,"rs_blank_template":"","rs_page_bg_color":"","slide_template_v7":"","inline_featured_image":false,"_monsterinsights_skip_tracking":false,"_monsterinsights_sitenote_active":false,"_monsterinsights_sitenote_note":"","_monsterinsights_sitenote_category":0},"product_brand":[],"product_cat":[496,246],"product_tag":[],"class_list":{"0":"post-975905","1":"product","2":"type-product","3":"status-publish","4":"has-post-thumbnail","6":"product_cat-devocionarios","7":"product_cat-devocionaris","9":"first","10":"instock","11":"taxable","12":"shipping-taxable","13":"purchasable","14":"product-type-simple"},"acf":{"autor":"MARGELIDON, PHILIPPE MARIE","codart":"842202345","libros-coleccion":"OBRAS LITURGICAS","ediciones":"1","encuadernacion":"R\u00fastica","fecha_de_publicacion":"22\/07\/2024","novedad":"0","paginas":"152","subtitulo":"","orden":"999","portada":"0","idioma":"spa","editorial":[{"ID":147509,"post_author":"3","post_date":"2022-10-14 11:51:07","post_date_gmt":"2022-10-14 09:51:07","post_content":"","post_title":"B.A.C.","post_excerpt":"","post_status":"publish","comment_status":"closed","ping_status":"closed","post_password":"","post_name":"b-a-c","to_ping":"","pinged":"","post_modified":"2022-10-14 11:51:07","post_modified_gmt":"2022-10-14 09:51:07","post_content_filtered":"","post_parent":0,"guid":"http:\/\/dev.claret.cat\/editorial\/b-a-c\/","menu_order":0,"post_type":"editorial","post_mime_type":"","comment_count":"0","filter":"raw"}],"autores-libros":[{"ID":975904,"post_author":"3","post_date":"2024-07-22 16:30:01","post_date_gmt":"2024-07-22 14:30:01","post_content":"","post_title":"PHILIPPE MARIE  MARGELIDON","post_excerpt":"","post_status":"publish","comment_status":"closed","ping_status":"closed","post_password":"","post_name":"philippe-marie-margelidon","to_ping":"","pinged":"","post_modified":"2024-07-22 16:30:01","post_modified_gmt":"2024-07-22 14:30:01","post_content_filtered":"","post_parent":0,"guid":"https:\/\/www.claret.cat\/autor\/philippe-marie-margelidon\/","menu_order":0,"post_type":"autor","post_mime_type":"","comment_count":"0","filter":"raw"}],"booktrailer":"","resenas":""},"aioseo_notices":[],"_links":{"self":[{"href":"https:\/\/www.claret.cat\/es\/wp-json\/wp\/v2\/product\/975905","targetHints":{"allow":["GET"]}}],"collection":[{"href":"https:\/\/www.claret.cat\/es\/wp-json\/wp\/v2\/product"}],"about":[{"href":"https:\/\/www.claret.cat\/es\/wp-json\/wp\/v2\/types\/product"}],"wp:featuredmedia":[{"embeddable":true,"href":"https:\/\/www.claret.cat\/es\/wp-json\/wp\/v2\/media\/975962"}],"wp:attachment":[{"href":"https:\/\/www.claret.cat\/es\/wp-json\/wp\/v2\/media?parent=975905"}],"wp:term":[{"taxonomy":"product_brand","embeddable":true,"href":"https:\/\/www.claret.cat\/es\/wp-json\/wp\/v2\/product_brand?post=975905"},{"taxonomy":"product_cat","embeddable":true,"href":"https:\/\/www.claret.cat\/es\/wp-json\/wp\/v2\/product_cat?post=975905"},{"taxonomy":"product_tag","embeddable":true,"href":"https:\/\/www.claret.cat\/es\/wp-json\/wp\/v2\/product_tag?post=975905"}],"curies":[{"name":"wp","href":"https:\/\/api.w.org\/{rel}","templated":true}]}}