{"id":975909,"date":"2024-07-22T17:30:26","date_gmt":"2024-07-22T15:30:26","guid":{"rendered":"https:\/\/www.claret.cat\/llibre\/revista-biblica-202412-ano-86-9780034707090\/"},"modified":"2024-07-22T18:05:17","modified_gmt":"2024-07-22T16:05:17","slug":"revista-biblica-202412-ano-86-9780034707090","status":"publish","type":"product","link":"https:\/\/www.claret.cat\/es\/libro\/revista-biblica-202412-ano-86-9780034707090\/","title":{"rendered":"REVISTA B\u00cdBLICA 2024\/1-2 &#8211; A\u00d1O 86"},"content":{"rendered":"<p>La Revista B\u00edblica fue fundada en 1939 por Mons. Dr. Juan Straubinger como subsidio para el entendimiento de la Sagrada Escritura. Hoy es propiedad de la Asociaci\u00f3n B\u00edblica Argentina y publica art\u00edculos originales (preferentemente en castellano o en portugu\u00e9s) relacionados con las ciencias b\u00edblicas, incluyendo investigaciones de tipo filol\u00f3gico, literario, exeg\u00e9tico, hist\u00f3rico o teol\u00f3gico.<\/p>\n<p>Como publicaci\u00f3n de alta divulgaci\u00f3n cient\u00edfica favorece la comunicaci\u00f3n entre los especialistas, presentando los resultados de los estudios b\u00edblicos de un modo tambi\u00e9n accesible a los que no son expertos en el mismo campo (pastores, graduados en teolog\u00eda, estudiantes y docentes en institutos y universidades).<\/p>\n","protected":false},"excerpt":{"rendered":"<p>ASSOCIACI\u00d3N B\u00cdBLICA ARGENTINA (ABA)<\/p>\n","protected":false},"featured_media":975950,"template":"","meta":{"_acf_changed":false,"om_disable_all_campaigns":false,"rs_blank_template":"","rs_page_bg_color":"","slide_template_v7":"","inline_featured_image":false,"_monsterinsights_skip_tracking":false,"_monsterinsights_sitenote_active":false,"_monsterinsights_sitenote_note":"","_monsterinsights_sitenote_category":0},"product_brand":[],"product_cat":[470,210],"product_tag":[],"class_list":{"0":"post-975909","1":"product","2":"type-product","3":"status-publish","4":"has-post-thumbnail","6":"product_cat-atlas","7":"product_cat-atles","9":"first","10":"instock","11":"taxable","12":"shipping-taxable","13":"purchasable","14":"product-type-simple"},"acf":{"autor":"ASSOCIACI\u00d3N B\u00cdBLICA ARGENTINA (ABA)","codart":"003470709","libros-coleccion":"","ediciones":"1","encuadernacion":"R\u00fastica","fecha_de_publicacion":"27\/06\/2024","novedad":"1","paginas":"196","subtitulo":"","orden":"0","portada":"0","idioma":"spa","editorial":[{"ID":6390,"post_author":"3","post_date":"2022-07-28 17:51:08","post_date_gmt":"2022-07-28 15:51:08","post_content":"","post_title":"VERBO DIVINO","post_excerpt":"","post_status":"publish","comment_status":"closed","ping_status":"closed","post_password":"","post_name":"verbo-divino","to_ping":"","pinged":"","post_modified":"2022-07-28 17:51:08","post_modified_gmt":"2022-07-28 15:51:08","post_content_filtered":"","post_parent":0,"guid":"http:\/\/dev.claret.cat\/editorial\/verbo-divino\/","menu_order":0,"post_type":"editorial","post_mime_type":"","comment_count":"0","filter":"raw"}]},"aioseo_notices":[],"_links":{"self":[{"href":"https:\/\/www.claret.cat\/es\/wp-json\/wp\/v2\/product\/975909","targetHints":{"allow":["GET"]}}],"collection":[{"href":"https:\/\/www.claret.cat\/es\/wp-json\/wp\/v2\/product"}],"about":[{"href":"https:\/\/www.claret.cat\/es\/wp-json\/wp\/v2\/types\/product"}],"wp:featuredmedia":[{"embeddable":true,"href":"https:\/\/www.claret.cat\/es\/wp-json\/wp\/v2\/media\/975950"}],"wp:attachment":[{"href":"https:\/\/www.claret.cat\/es\/wp-json\/wp\/v2\/media?parent=975909"}],"wp:term":[{"taxonomy":"product_brand","embeddable":true,"href":"https:\/\/www.claret.cat\/es\/wp-json\/wp\/v2\/product_brand?post=975909"},{"taxonomy":"product_cat","embeddable":true,"href":"https:\/\/www.claret.cat\/es\/wp-json\/wp\/v2\/product_cat?post=975909"},{"taxonomy":"product_tag","embeddable":true,"href":"https:\/\/www.claret.cat\/es\/wp-json\/wp\/v2\/product_tag?post=975909"}],"curies":[{"name":"wp","href":"https:\/\/api.w.org\/{rel}","templated":true}]}}