{"id":976052,"date":"2024-07-25T11:35:22","date_gmt":"2024-07-25T09:35:22","guid":{"rendered":"https:\/\/www.claret.cat\/llibre\/kawaii-aprende-a-dibujar-el-japon-9788411540520\/"},"modified":"2026-01-04T12:55:05","modified_gmt":"2026-01-04T11:55:05","slug":"kawaii-aprende-a-dibujar-el-japon-9788411540520","status":"publish","type":"product","link":"https:\/\/www.claret.cat\/es\/libro\/kawaii-aprende-a-dibujar-el-japon-9788411540520\/","title":{"rendered":"KAWAII APRENDE A DIBUJAR EL JAPON"},"content":{"rendered":"<p>Con los tutoriales de este libro, aprender\u00e1s a dibujar todo un universo kawaii poblado de los personajes, lugares, leyendas y objetos m\u00e1s emblem\u00e1ticos de Jap\u00f3n. \u00a1Y todo con unos sencillos trazos y un poco de color!<br \/> Encontrar\u00e1s m\u00e1s de 30 personajes, 15 clases de \u00e1rboles, flores y plantas y 18 edificios, tiendas o monumentos t\u00edpicos, pero tambi\u00e9n animales, mascotas y criaturas m\u00e1gicas.<br \/> \u00a1El esp\u00edritu de Jap\u00f3n a tu alcance! \u00a1Prepara tu material de dibujo y ponte manos a la obra!<\/p>\n","protected":false},"excerpt":{"rendered":"<p>PAROT, ANNELORE<\/p>\n","protected":false},"featured_media":1048688,"template":"","meta":{"_acf_changed":false,"om_disable_all_campaigns":false,"rs_blank_template":"","rs_page_bg_color":"","slide_template_v7":"","inline_featured_image":false,"_monsterinsights_skip_tracking":false,"_monsterinsights_sitenote_active":false,"_monsterinsights_sitenote_note":"","_monsterinsights_sitenote_category":0},"product_brand":[],"product_cat":[551,101],"product_tag":[],"class_list":{"0":"post-976052","1":"product","2":"type-product","3":"status-publish","4":"has-post-thumbnail","6":"product_cat-manualidades","7":"product_cat-manualitats","9":"first","10":"instock","11":"taxable","12":"shipping-taxable","13":"purchasable","14":"product-type-simple"},"acf":{"autor":"PAROT, ANNELORE","codart":"841154052","libros-coleccion":"FORA DE COL.LECCI\u00d3","ediciones":"1","encuadernacion":"R\u00fastica","fecha_de_publicacion":"01\/07\/2024","novedad":"1","paginas":"239","subtitulo":"","orden":"0","portada":"0","idioma":"spa","editorial":[{"ID":148280,"post_author":"3","post_date":"2022-10-14 11:57:01","post_date_gmt":"2022-10-14 09:57:01","post_content":"","post_title":"ILUS BOOKS","post_excerpt":"","post_status":"publish","comment_status":"closed","ping_status":"closed","post_password":"","post_name":"ilus-books","to_ping":"","pinged":"","post_modified":"2022-10-14 11:57:01","post_modified_gmt":"2022-10-14 09:57:01","post_content_filtered":"","post_parent":0,"guid":"http:\/\/dev.claret.cat\/editorial\/ilus-books\/","menu_order":0,"post_type":"editorial","post_mime_type":"","comment_count":"0","filter":"raw"}],"booktrailer":"","resenas":""},"aioseo_notices":[],"_links":{"self":[{"href":"https:\/\/www.claret.cat\/es\/wp-json\/wp\/v2\/product\/976052","targetHints":{"allow":["GET"]}}],"collection":[{"href":"https:\/\/www.claret.cat\/es\/wp-json\/wp\/v2\/product"}],"about":[{"href":"https:\/\/www.claret.cat\/es\/wp-json\/wp\/v2\/types\/product"}],"wp:featuredmedia":[{"embeddable":true,"href":"https:\/\/www.claret.cat\/es\/wp-json\/wp\/v2\/media\/1048688"}],"wp:attachment":[{"href":"https:\/\/www.claret.cat\/es\/wp-json\/wp\/v2\/media?parent=976052"}],"wp:term":[{"taxonomy":"product_brand","embeddable":true,"href":"https:\/\/www.claret.cat\/es\/wp-json\/wp\/v2\/product_brand?post=976052"},{"taxonomy":"product_cat","embeddable":true,"href":"https:\/\/www.claret.cat\/es\/wp-json\/wp\/v2\/product_cat?post=976052"},{"taxonomy":"product_tag","embeddable":true,"href":"https:\/\/www.claret.cat\/es\/wp-json\/wp\/v2\/product_tag?post=976052"}],"curies":[{"name":"wp","href":"https:\/\/api.w.org\/{rel}","templated":true}]}}