{"id":976063,"date":"2024-07-25T14:00:02","date_gmt":"2024-07-25T12:00:02","guid":{"rendered":"https:\/\/www.claret.cat\/llibre\/diccionari-illustrat-llaticatala-catalallati-9788499744292\/"},"modified":"2025-11-03T10:55:07","modified_gmt":"2025-11-03T09:55:07","slug":"diccionari-illustrat-llaticatala-catalallati-9788499744292","status":"publish","type":"product","link":"https:\/\/www.claret.cat\/es\/libro\/diccionari-illustrat-llaticatala-catalallati-9788499744292\/","title":{"rendered":"DICCIONARI IL\u00b7LUSTRAT LLAT\u00cd-CATAL\u00c0 \/ CATAL\u00c0-LLAT\u00cd"},"content":{"rendered":"<p>Direcci\u00f3 cient\u00edfica a c\u00e0rrec de Marc Mayer.<br \/>El diccionari que ha acompanyat moltes generacions d&#8221;estudiants a l&#8221;hora de traduir els textos llatins que conformen el curr\u00edculum oficial del Batxillerat i la Universitat. Una eina imprescindible tant per a la traducci\u00f3 dels autors cl\u00e0ssics com per a profunditzar en la cultura llatina.<br \/>Qu\u00e8 ofereix? -30000 entrades a la part llat\u00ed-catal\u00e0 i 11000 a la part catal\u00e0-llat\u00ed.-Abund\u00e0ncia d&#8221;exemples, extrets dels autors m\u00e9s importants, que faciliten la comprensi\u00f3 i ofereixen la traducci\u00f3 m\u00e9s adequada per a cada context.-El r\u00e8gim dels verbs.-La inclusi\u00f3 com a entradas de les f\u00f3rmules irregulars i dif\u00edcils d&#8221;identificar (pret\u00e8rits, participis, etc.).-La indicaci\u00f3 de la quantitat de s\u00edl\u00b7labes (llargues i breus).-91 gravats, mapes i explicacions.-Quadres que resumeixen de forma gr\u00e0fica informaci\u00f3 gramatical i cultural.<br \/>Un annex editat de forma independent amb un resum de gram\u00e0tica llatina, completament renovat, que inclou esquemes dirigits a l&#8221;estudi i a la memoritzaci\u00f3; els conceptes b\u00e0sics, notes i comentaris destinats a servir d&#8221;ajut a les proves d&#8221;acc\u00e9s a la Universitat.<\/p>\n","protected":false},"excerpt":{"rendered":"<p>VOX EDITORIAL<\/p>\n","protected":false},"featured_media":976095,"template":"","meta":{"_acf_changed":false,"om_disable_all_campaigns":false,"rs_blank_template":"","rs_page_bg_color":"","slide_template_v7":"","inline_featured_image":false,"_monsterinsights_skip_tracking":false,"_monsterinsights_sitenote_active":false,"_monsterinsights_sitenote_note":"","_monsterinsights_sitenote_category":0},"product_brand":[],"product_cat":[548,98],"product_tag":[],"class_list":{"0":"post-976063","1":"product","2":"type-product","3":"status-publish","4":"has-post-thumbnail","6":"product_cat-diccionarios-5_otras-spa","7":"product_cat-diccionaris","9":"first","10":"instock","11":"taxable","12":"shipping-taxable","13":"purchasable","14":"product-type-simple"},"acf":{"autor":"VOX EDITORIAL","codart":"849974429","libros-coleccion":"Vox - Lenguas Cl\u00e1sicas","ediciones":"1","encuadernacion":"Carton\u00e9","fecha_de_publicacion":"01\/07\/2024","novedad":"1","paginas":"724","subtitulo":"","orden":"0","portada":"0","idioma":"cat","editorial":[{"ID":6393,"post_author":"3","post_date":"2022-07-28 17:51:11","post_date_gmt":"2022-07-28 15:51:11","post_content":"","post_title":"VOX","post_excerpt":"","post_status":"publish","comment_status":"closed","ping_status":"closed","post_password":"","post_name":"vox","to_ping":"","pinged":"","post_modified":"2022-07-28 17:51:11","post_modified_gmt":"2022-07-28 15:51:11","post_content_filtered":"","post_parent":0,"guid":"http:\/\/dev.claret.cat\/editorial\/vox\/","menu_order":0,"post_type":"editorial","post_mime_type":"","comment_count":"0","filter":"raw"}],"booktrailer":"","resenas":""},"aioseo_notices":[],"_links":{"self":[{"href":"https:\/\/www.claret.cat\/es\/wp-json\/wp\/v2\/product\/976063","targetHints":{"allow":["GET"]}}],"collection":[{"href":"https:\/\/www.claret.cat\/es\/wp-json\/wp\/v2\/product"}],"about":[{"href":"https:\/\/www.claret.cat\/es\/wp-json\/wp\/v2\/types\/product"}],"wp:featuredmedia":[{"embeddable":true,"href":"https:\/\/www.claret.cat\/es\/wp-json\/wp\/v2\/media\/976095"}],"wp:attachment":[{"href":"https:\/\/www.claret.cat\/es\/wp-json\/wp\/v2\/media?parent=976063"}],"wp:term":[{"taxonomy":"product_brand","embeddable":true,"href":"https:\/\/www.claret.cat\/es\/wp-json\/wp\/v2\/product_brand?post=976063"},{"taxonomy":"product_cat","embeddable":true,"href":"https:\/\/www.claret.cat\/es\/wp-json\/wp\/v2\/product_cat?post=976063"},{"taxonomy":"product_tag","embeddable":true,"href":"https:\/\/www.claret.cat\/es\/wp-json\/wp\/v2\/product_tag?post=976063"}],"curies":[{"name":"wp","href":"https:\/\/api.w.org\/{rel}","templated":true}]}}